{"id":3983,"date":"2025-08-24T15:22:57","date_gmt":"2025-08-24T15:22:57","guid":{"rendered":"https:\/\/www.iql-nog.com\/?page_id=3983"},"modified":"2026-02-24T14:33:52","modified_gmt":"2026-02-24T14:33:52","slug":"canal-interno-de-informacion","status":"publish","type":"page","link":"https:\/\/www.iql-nog.com\/es\/responsabilidad\/canal-interno-de-informacion\/","title":{"rendered":"Canal Interno de Informaci\u00f3n"},"content":{"rendered":"<div class=\"fusion-fullwidth fullwidth-box fusion-builder-row-1 fusion-flex-container nonhundred-percent-fullwidth non-hundred-percent-height-scrolling\" style=\"--awb-border-radius-top-left:0px;--awb-border-radius-top-right:0px;--awb-border-radius-bottom-right:0px;--awb-border-radius-bottom-left:0px;--awb-background-color:rgba(248,248,248,0);--awb-flex-wrap:wrap;\" ><div class=\"fusion-builder-row fusion-row fusion-flex-align-items-center fusion-flex-content-wrap\" style=\"max-width:1248px;margin-left: calc(-4% \/ 2 );margin-right: calc(-4% \/ 2 );\"><div class=\"fusion-layout-column fusion_builder_column fusion-builder-column-0 fusion_builder_column_1_1 1_1 fusion-flex-column fusion-flex-align-self-flex-start\" style=\"--awb-bg-size:cover;--awb-width-large:100%;--awb-margin-top-large:0px;--awb-spacing-right-large:1.92%;--awb-margin-bottom-large:20px;--awb-spacing-left-large:1.92%;--awb-width-medium:100%;--awb-order-medium:0;--awb-spacing-right-medium:2.88%;--awb-spacing-left-medium:2.88%;--awb-width-small:100%;--awb-order-small:1;--awb-spacing-right-small:1.92%;--awb-margin-bottom-small:6%;--awb-spacing-left-small:1.92%;\"><div class=\"fusion-column-wrapper fusion-column-has-shadow fusion-flex-justify-content-center fusion-content-layout-column\"><div class=\"fusion-title title fusion-title-1 sep-underline sep-solid fusion-title-text fusion-title-size-one\" style=\"--awb-margin-top:20px;--awb-margin-bottom:5px;--awb-margin-top-small:10px;--awb-margin-right-small:0px;--awb-margin-bottom-small:10px;--awb-margin-left-small:0px;--awb-sep-color:#35a085;\"><h1 class=\"fusion-title-heading title-heading-left\" style=\"font-family:&quot;Noto Sans JP&quot;;font-style:normal;font-weight:100;margin:0;\">Canal Interno de Informaci\u00f3n<\/h1><\/div><div class=\"fusion-text fusion-text-1\" style=\"--awb-margin-top:10px;\"><p>Targatis es el \u00fanico canal interno de IQL, por lo que es el cauce preferente para informar sobre acciones u omisiones que puedan ser constitutivas de infracci\u00f3n penal o administrativa grave o muy grave o del Derecho de la Uni\u00f3n Europea tal y como establece la Ley de Protecci\u00f3n al Informante.<\/p>\n<p>Targatis garantiza el anonimato y la confidencialidad del informante, estableci\u00e9ndose en IQL un procedimiento de gesti\u00f3n cuyos principios esenciales son la objetividad, la imparcialidad, la independencia, la protecci\u00f3n del denunciante, la transparencia y el respeto a la legalidad.<\/p>\n<p>Para m\u00e1s informaci\u00f3n relativa a los Principios del Sistema interno de informaci\u00f3n: <a style=\"background-color: rgba(0, 0, 0, 0);\" href=\"https:\/\/www.iql-nog.com\/wp-content\/uploads\/2026\/02\/Politica-del-Sistema-es-actualizado-080126.pdf\" target=\"_blank\" rel=\"noopener\"><strong>Descarga Pol\u00edtica del Sistema<\/strong><\/a><\/p>\n<p>Para m\u00e1s informaci\u00f3n sobre el uso del Canal interno de informaci\u00f3n: <a style=\"background-color: rgba(0, 0, 0, 0);\" href=\"https:\/\/www.iql-nog.com\/wp-content\/uploads\/2025\/08\/Manual-de-uso-del-Canal-IQLes.pdf\" target=\"_blank\" rel=\"noopener\"><strong>Descarga Manual de uso<\/strong><\/a><\/p>\n<p>Haciendo clic en el siguiente enlace est\u00e1 saliendo del sitio web de IQL y ser\u00e1s redirigido a <a href=\"https:\/\/comunicaciones.targatis.com\" target=\"_blank\" rel=\"noopener\">https:\/\/comunicaciones.targatis.com<\/a> donde podr\u00e1 comunicar la informaci\u00f3n deseada de manera <strong>confidencial <\/strong>o <strong>an\u00f3nima<\/strong>.<\/p>\n<p>Le recordamos que sus datos ser\u00e1n tratados por el despacho de abogados Waterwhale Europe, S.L.P. y nunca ser\u00e1n revelados a IQL.<\/p>\n<\/div><div ><a class=\"fusion-button button-flat button-small button-default fusion-button-default button-1 fusion-button-default-span \" target=\"_blank\" rel=\"noopener noreferrer\" role=\"button\" href=\"https:\/\/comunicaciones.targatis.com\"><span class=\"fusion-button-text awb-button__text awb-button__text--default\">Acceso al Canal Interno de informaci\u00f3n<\/span><\/a><\/div><\/div><\/div><\/div><\/div>\n","protected":false},"excerpt":{"rendered":"","protected":false},"author":1,"featured_media":0,"parent":3625,"menu_order":0,"comment_status":"closed","ping_status":"closed","template":"","meta":{"inline_featured_image":false,"footnotes":""},"class_list":["post-3983","page","type-page","status-publish","hentry"],"yoast_head":"<!-- This site is optimized with the Yoast SEO plugin v27.3 - https:\/\/yoast.com\/product\/yoast-seo-wordpress\/ -->\n<title>Canal Interno de Informaci\u00f3n - IQL<\/title>\n<meta name=\"robots\" content=\"index, follow, max-snippet:-1, max-image-preview:large, max-video-preview:-1\" \/>\n<link rel=\"canonical\" href=\"https:\/\/www.iql-nog.com\/es\/responsabilidad\/canal-interno-de-informacion\/\" \/>\n<meta property=\"og:locale\" content=\"es_ES\" \/>\n<meta property=\"og:type\" content=\"article\" \/>\n<meta property=\"og:title\" content=\"Canal Interno de Informaci\u00f3n - IQL\" \/>\n<meta property=\"og:url\" content=\"https:\/\/www.iql-nog.com\/es\/responsabilidad\/canal-interno-de-informacion\/\" \/>\n<meta property=\"og:site_name\" content=\"IQL\" \/>\n<meta property=\"article:modified_time\" content=\"2026-02-24T14:33:52+00:00\" \/>\n<meta name=\"twitter:card\" content=\"summary_large_image\" \/>\n<meta name=\"twitter:label1\" content=\"Tiempo de lectura\" \/>\n\t<meta name=\"twitter:data1\" content=\"1 minuto\" \/>\n<script type=\"application\/ld+json\" class=\"yoast-schema-graph\">{\"@context\":\"https:\\\/\\\/schema.org\",\"@graph\":[{\"@type\":\"WebPage\",\"@id\":\"https:\\\/\\\/www.iql-nog.com\\\/es\\\/responsabilidad\\\/canal-interno-de-informacion\\\/\",\"url\":\"https:\\\/\\\/www.iql-nog.com\\\/es\\\/responsabilidad\\\/canal-interno-de-informacion\\\/\",\"name\":\"Canal Interno de Informaci\u00f3n - IQL\",\"isPartOf\":{\"@id\":\"https:\\\/\\\/www.iql-nog.com\\\/es\\\/#website\"},\"datePublished\":\"2025-08-24T15:22:57+00:00\",\"dateModified\":\"2026-02-24T14:33:52+00:00\",\"breadcrumb\":{\"@id\":\"https:\\\/\\\/www.iql-nog.com\\\/es\\\/responsabilidad\\\/canal-interno-de-informacion\\\/#breadcrumb\"},\"inLanguage\":\"es\",\"potentialAction\":[{\"@type\":\"ReadAction\",\"target\":[\"https:\\\/\\\/www.iql-nog.com\\\/es\\\/responsabilidad\\\/canal-interno-de-informacion\\\/\"]}]},{\"@type\":\"BreadcrumbList\",\"@id\":\"https:\\\/\\\/www.iql-nog.com\\\/es\\\/responsabilidad\\\/canal-interno-de-informacion\\\/#breadcrumb\",\"itemListElement\":[{\"@type\":\"ListItem\",\"position\":1,\"name\":\"Portada\",\"item\":\"https:\\\/\\\/www.iql-nog.com\\\/es\\\/\"},{\"@type\":\"ListItem\",\"position\":2,\"name\":\"Responsabilidad\",\"item\":\"https:\\\/\\\/www.iql-nog.com\\\/es\\\/responsabilidad\\\/\"},{\"@type\":\"ListItem\",\"position\":3,\"name\":\"Canal Interno de Informaci\u00f3n\"}]},{\"@type\":\"WebSite\",\"@id\":\"https:\\\/\\\/www.iql-nog.com\\\/es\\\/#website\",\"url\":\"https:\\\/\\\/www.iql-nog.com\\\/es\\\/\",\"name\":\"IQL-NOG\",\"description\":\"Responsible Chemistry\",\"publisher\":{\"@id\":\"https:\\\/\\\/www.iql-nog.com\\\/es\\\/#organization\"},\"potentialAction\":[{\"@type\":\"SearchAction\",\"target\":{\"@type\":\"EntryPoint\",\"urlTemplate\":\"https:\\\/\\\/www.iql-nog.com\\\/es\\\/?s={search_term_string}\"},\"query-input\":{\"@type\":\"PropertyValueSpecification\",\"valueRequired\":true,\"valueName\":\"search_term_string\"}}],\"inLanguage\":\"es\"},{\"@type\":\"Organization\",\"@id\":\"https:\\\/\\\/www.iql-nog.com\\\/es\\\/#organization\",\"name\":\"Industrial Qu\u00edmica Lasem S.A.U.\",\"url\":\"https:\\\/\\\/www.iql-nog.com\\\/es\\\/\",\"logo\":{\"@type\":\"ImageObject\",\"inLanguage\":\"es\",\"@id\":\"https:\\\/\\\/www.iql-nog.com\\\/es\\\/#\\\/schema\\\/logo\\\/image\\\/\",\"url\":\"https:\\\/\\\/www.iql-nog.com\\\/wp-content\\\/uploads\\\/2021\\\/01\\\/logo-footer.svg\",\"contentUrl\":\"https:\\\/\\\/www.iql-nog.com\\\/wp-content\\\/uploads\\\/2021\\\/01\\\/logo-footer.svg\",\"width\":\"1024\",\"height\":\"1024\",\"caption\":\"Industrial Qu\u00edmica Lasem S.A.U.\"},\"image\":{\"@id\":\"https:\\\/\\\/www.iql-nog.com\\\/es\\\/#\\\/schema\\\/logo\\\/image\\\/\"}}]}<\/script>\n<!-- \/ Yoast SEO plugin. -->","yoast_head_json":{"title":"Canal Interno de Informaci\u00f3n - IQL","robots":{"index":"index","follow":"follow","max-snippet":"max-snippet:-1","max-image-preview":"max-image-preview:large","max-video-preview":"max-video-preview:-1"},"canonical":"https:\/\/www.iql-nog.com\/es\/responsabilidad\/canal-interno-de-informacion\/","og_locale":"es_ES","og_type":"article","og_title":"Canal Interno de Informaci\u00f3n - IQL","og_url":"https:\/\/www.iql-nog.com\/es\/responsabilidad\/canal-interno-de-informacion\/","og_site_name":"IQL","article_modified_time":"2026-02-24T14:33:52+00:00","twitter_card":"summary_large_image","twitter_misc":{"Tiempo de lectura":"1 minuto"},"schema":{"@context":"https:\/\/schema.org","@graph":[{"@type":"WebPage","@id":"https:\/\/www.iql-nog.com\/es\/responsabilidad\/canal-interno-de-informacion\/","url":"https:\/\/www.iql-nog.com\/es\/responsabilidad\/canal-interno-de-informacion\/","name":"Canal Interno de Informaci\u00f3n - IQL","isPartOf":{"@id":"https:\/\/www.iql-nog.com\/es\/#website"},"datePublished":"2025-08-24T15:22:57+00:00","dateModified":"2026-02-24T14:33:52+00:00","breadcrumb":{"@id":"https:\/\/www.iql-nog.com\/es\/responsabilidad\/canal-interno-de-informacion\/#breadcrumb"},"inLanguage":"es","potentialAction":[{"@type":"ReadAction","target":["https:\/\/www.iql-nog.com\/es\/responsabilidad\/canal-interno-de-informacion\/"]}]},{"@type":"BreadcrumbList","@id":"https:\/\/www.iql-nog.com\/es\/responsabilidad\/canal-interno-de-informacion\/#breadcrumb","itemListElement":[{"@type":"ListItem","position":1,"name":"Portada","item":"https:\/\/www.iql-nog.com\/es\/"},{"@type":"ListItem","position":2,"name":"Responsabilidad","item":"https:\/\/www.iql-nog.com\/es\/responsabilidad\/"},{"@type":"ListItem","position":3,"name":"Canal Interno de Informaci\u00f3n"}]},{"@type":"WebSite","@id":"https:\/\/www.iql-nog.com\/es\/#website","url":"https:\/\/www.iql-nog.com\/es\/","name":"IQL-NOG","description":"Responsible Chemistry","publisher":{"@id":"https:\/\/www.iql-nog.com\/es\/#organization"},"potentialAction":[{"@type":"SearchAction","target":{"@type":"EntryPoint","urlTemplate":"https:\/\/www.iql-nog.com\/es\/?s={search_term_string}"},"query-input":{"@type":"PropertyValueSpecification","valueRequired":true,"valueName":"search_term_string"}}],"inLanguage":"es"},{"@type":"Organization","@id":"https:\/\/www.iql-nog.com\/es\/#organization","name":"Industrial Qu\u00edmica Lasem S.A.U.","url":"https:\/\/www.iql-nog.com\/es\/","logo":{"@type":"ImageObject","inLanguage":"es","@id":"https:\/\/www.iql-nog.com\/es\/#\/schema\/logo\/image\/","url":"https:\/\/www.iql-nog.com\/wp-content\/uploads\/2021\/01\/logo-footer.svg","contentUrl":"https:\/\/www.iql-nog.com\/wp-content\/uploads\/2021\/01\/logo-footer.svg","width":"1024","height":"1024","caption":"Industrial Qu\u00edmica Lasem S.A.U."},"image":{"@id":"https:\/\/www.iql-nog.com\/es\/#\/schema\/logo\/image\/"}}]}},"_links":{"self":[{"href":"https:\/\/www.iql-nog.com\/es\/wp-json\/wp\/v2\/pages\/3983","targetHints":{"allow":["GET"]}}],"collection":[{"href":"https:\/\/www.iql-nog.com\/es\/wp-json\/wp\/v2\/pages"}],"about":[{"href":"https:\/\/www.iql-nog.com\/es\/wp-json\/wp\/v2\/types\/page"}],"author":[{"embeddable":true,"href":"https:\/\/www.iql-nog.com\/es\/wp-json\/wp\/v2\/users\/1"}],"replies":[{"embeddable":true,"href":"https:\/\/www.iql-nog.com\/es\/wp-json\/wp\/v2\/comments?post=3983"}],"version-history":[{"count":5,"href":"https:\/\/www.iql-nog.com\/es\/wp-json\/wp\/v2\/pages\/3983\/revisions"}],"predecessor-version":[{"id":4351,"href":"https:\/\/www.iql-nog.com\/es\/wp-json\/wp\/v2\/pages\/3983\/revisions\/4351"}],"up":[{"embeddable":true,"href":"https:\/\/www.iql-nog.com\/es\/wp-json\/wp\/v2\/pages\/3625"}],"wp:attachment":[{"href":"https:\/\/www.iql-nog.com\/es\/wp-json\/wp\/v2\/media?parent=3983"}],"curies":[{"name":"wp","href":"https:\/\/api.w.org\/{rel}","templated":true}]}}