{"id":3817,"date":"2021-01-14T09:37:00","date_gmt":"2021-01-14T09:37:00","guid":{"rendered":"https:\/\/www.iql-nog.com\/contacto\/info-request\/"},"modified":"2025-08-07T16:19:01","modified_gmt":"2025-08-07T16:19:01","slug":"solicitud-de-informacion","status":"publish","type":"page","link":"https:\/\/www.iql-nog.com\/es\/contacto\/solicitud-de-informacion\/","title":{"rendered":"Solicitud de informaci\u00f3n"},"content":{"rendered":"<div class=\"fusion-fullwidth fullwidth-box fusion-builder-row-1 fusion-flex-container nonhundred-percent-fullwidth non-hundred-percent-height-scrolling\" style=\"--awb-border-radius-top-left:0px;--awb-border-radius-top-right:0px;--awb-border-radius-bottom-right:0px;--awb-border-radius-bottom-left:0px;--awb-flex-wrap:wrap;\" ><div class=\"fusion-builder-row fusion-row fusion-flex-align-items-flex-start fusion-flex-content-wrap\" style=\"max-width:1248px;margin-left: calc(-4% \/ 2 );margin-right: calc(-4% \/ 2 );\"><div class=\"fusion-layout-column fusion_builder_column fusion-builder-column-0 fusion_builder_column_1_1 1_1 fusion-flex-column\" style=\"--awb-bg-size:cover;--awb-width-large:100%;--awb-margin-top-large:0px;--awb-spacing-right-large:1.92%;--awb-margin-bottom-large:20px;--awb-spacing-left-large:1.92%;--awb-width-medium:100%;--awb-order-medium:0;--awb-spacing-right-medium:1.92%;--awb-spacing-left-medium:1.92%;--awb-width-small:100%;--awb-order-small:0;--awb-spacing-right-small:1.92%;--awb-spacing-left-small:1.92%;\"><div class=\"fusion-column-wrapper fusion-column-has-shadow fusion-flex-justify-content-flex-start fusion-content-layout-column\"><div class=\"fusion-title title fusion-title-1 sep-underline sep-solid fusion-title-text fusion-title-size-one\" style=\"--awb-margin-top:20px;--awb-margin-bottom:30px;--awb-margin-top-small:10px;--awb-margin-right-small:0px;--awb-margin-bottom-small:10px;--awb-margin-left-small:0px;--awb-sep-color:#35a085;\"><h1 class=\"fusion-title-heading title-heading-left\" style=\"font-family:&quot;Noto Sans JP&quot;;font-style:normal;font-weight:100;margin:0;\">Solicitud de Informaci\u00f3n<\/h1><\/div><\/div><\/div><div class=\"fusion-layout-column fusion_builder_column fusion-builder-column-1 fusion_builder_column_1_1 1_1 fusion-flex-column\" style=\"--awb-padding-top:30px;--awb-padding-right:30px;--awb-padding-bottom:30px;--awb-padding-left:30px;--awb-overflow:hidden;--awb-bg-color:#ededed;--awb-bg-color-hover:#ededed;--awb-bg-size:cover;--awb-box-shadow:0px 0px 5px 1px rgba(0,0,0,0.2);;--awb-border-radius:5px 5px 5px 5px;--awb-width-large:100%;--awb-margin-top-large:0px;--awb-spacing-right-large:1.92%;--awb-margin-bottom-large:20px;--awb-spacing-left-large:1.92%;--awb-width-medium:100%;--awb-order-medium:0;--awb-spacing-right-medium:1.92%;--awb-spacing-left-medium:1.92%;--awb-width-small:100%;--awb-order-small:0;--awb-spacing-right-small:1.92%;--awb-spacing-left-small:1.92%;\"><div class=\"fusion-column-wrapper fusion-column-has-shadow fusion-flex-justify-content-flex-start fusion-content-layout-column\"><div class=\"fusion-text fusion-text-1\"><style type=\"text\/css\">.super-form:not(.super-initialized,.super-preview-elements) *:not(.super-load-icon) { visibility: hidden !important; }<\/style><div id=\"super-form-1713\" data-sfuid=\"m37HJUw5\" translate=\"no\" style=\"margin:0px 0px 0px 0px;\" class=\"super-form super-form-1713  super-default-rounded super-field-size-medium super-adaptive notranslate\" data-hide=\"true\" data-overlay=\"true\" data-field-size=\"medium\" data-i18n=\"es_ES\"><span class=\"super-load-icon\"><\/span><form tabindex=\"0\" autocomplete=\"on\" enctype=\"multipart\/form-data\"><input type=\"hidden\" name=\"sf_nonce\" value=\"\" \/><input type=\"text\" name=\"super_hp\" size=\"25\" value=\"\" \/><div class=\"super-shortcode super-field super-hidden\"><input class=\"super-shortcode-field\" type=\"hidden\" value=\"1713\" name=\"hidden_form_id\" \/><\/div><div class=\"super-grid super-shortcode\"><div data-sfuid=\"85fOagdz-1\" class=\"super-shortcode super_one_half super-column grid-level-0 column-number-1 first-column \"><div data-sfuid=\"sbix0Cat-2\" id=\"sf-wrapper-1713-1-name\" class=\"super-shortcode super-field super-text super-field-type-text  super-icon-outside super-icon-left bottom-left super-ungrouped  \"><div class=\"super-field-wrapper \"><i class=\"fas fa-user super-icon\"><\/i><input tabindex=\"-1\" class=\"super-shortcode-field\" type=\"text\" name=\"name\" id=\"sf-field-1713-1-name\" data-oname=\"name\" data-validation=\"empty\" data-email=\"Nombre:\" data-exclude=\"0\" data-absolute-default=\"\" data-default-value=\"\" \/><span class=\"super-adaptive-placeholder\" data-placeholder=\"Nombre\" data-placeholderFilled=\"Nombre\"><span>Nombre<\/span><\/span><\/div><div class=\"super-error-msg\">\u00a1Se requiere campo!<\/div><div class=\"super-empty-error-msg\">\u00a1Se requiere campo!<\/div><\/div><\/div><div data-sfuid=\"rQR5lnHb-3\" class=\"super-shortcode super_one_half super-column grid-level-0 column-number-2  \"><div data-sfuid=\"6HnnkKuJ-4\" id=\"sf-wrapper-1713-1-position\" class=\"super-shortcode super-field super-text super-field-type-text  super-icon-outside super-icon-left bottom-left super-ungrouped  \"><div class=\"super-field-wrapper \"><i class=\"fas fa-address-card super-icon\"><\/i><input tabindex=\"-1\" class=\"super-shortcode-field\" type=\"text\" name=\"position\" id=\"sf-field-1713-1-position\" data-oname=\"position\" data-email=\"Cargo:\" data-exclude=\"0\" data-absolute-default=\"\" data-default-value=\"\" \/><span class=\"super-adaptive-placeholder\" data-placeholder=\"Cargo\" data-placeholderFilled=\"Cargo\"><span>Cargo<\/span><\/span><\/div><div class=\"super-error-msg\">\u00a1Se requiere campo!<\/div><div class=\"super-empty-error-msg\">\u00a1Se requiere campo!<\/div><\/div><\/div><\/div><div class=\"super-grid super-shortcode\"><div data-sfuid=\"TKrEVGC5-5\" class=\"super-shortcode super_one_third super-column grid-level-0 column-number-1 first-column \"><div data-sfuid=\"vT1dvh4N-6\" id=\"sf-wrapper-1713-1-company\" class=\"super-shortcode super-field super-text super-field-type-text  super-icon-outside super-icon-left bottom-left super-ungrouped  \"><div class=\"super-field-wrapper \"><i class=\"fas fa-building super-icon\"><\/i><input tabindex=\"-1\" class=\"super-shortcode-field\" type=\"text\" name=\"company\" id=\"sf-field-1713-1-company\" data-oname=\"company\" data-email=\"Empresa:\" data-exclude=\"0\" data-absolute-default=\"\" data-default-value=\"\" \/><span class=\"super-adaptive-placeholder\" data-placeholder=\"Empresa\" data-placeholderFilled=\"Empresa\"><span>Empresa<\/span><\/span><\/div><div class=\"super-error-msg\">\u00a1Se requiere campo!<\/div><div class=\"super-empty-error-msg\">\u00a1Se requiere campo!<\/div><\/div><\/div><div data-sfuid=\"j2O7eLFH-7\" class=\"super-shortcode super_one_third super-column grid-level-0 column-number-2  \"><div data-sfuid=\"XLJxwUvW-8\" id=\"sf-wrapper-1713-1-email\" class=\"super-shortcode super-field super-text super-field-type-email  super-icon-outside super-icon-left bottom-left super-ungrouped  \"><div class=\"super-field-wrapper \"><i class=\"far fa-envelope super-icon\"><\/i><input tabindex=\"-1\" class=\"super-shortcode-field\" type=\"email\" name=\"email\" id=\"sf-field-1713-1-email\" data-oname=\"email\" data-validation=\"email\" data-email=\"Email:\" data-exclude=\"0\" data-absolute-default=\"\" data-default-value=\"\" \/><span class=\"super-adaptive-placeholder\" data-placeholder=\"Email\" data-placeholderFilled=\"Email\"><span>Email<\/span><\/span><\/div><div class=\"super-error-msg\">\u00a1Se requiere campo!<\/div><div class=\"super-empty-error-msg\">\u00a1Se requiere campo!<\/div><\/div><\/div><div data-sfuid=\"LOV6bsKd-9\" class=\"super-shortcode super_one_third super-column grid-level-0 column-number-3  \"><div data-sfuid=\"nCzjCkfk-10\" id=\"sf-wrapper-1713-1-phonenumber\" class=\"super-shortcode super-field super-text super-field-type-tel  super-icon-outside super-icon-left bottom-left super-ungrouped  \"><div class=\"super-field-wrapper \"><i class=\"fas fa-phone super-icon\"><\/i><input tabindex=\"-1\" class=\"super-shortcode-field\" type=\"tel\" name=\"phonenumber\" id=\"sf-field-1713-1-phonenumber\" data-oname=\"phonenumber\" data-validation=\"phone\" data-email=\"Tel\u00e9fono:\" data-exclude=\"0\" data-absolute-default=\"\" data-default-value=\"\" \/><span class=\"super-adaptive-placeholder\" data-placeholder=\"Tel\u00e9fono (con prefijo)\" data-placeholderFilled=\"Tel\u00e9fono (con prefijo)\"><span>Tel\u00e9fono (con prefijo)<\/span><\/span><\/div><div class=\"super-error-msg\">\u00a1Se requiere campo!<\/div><div class=\"super-empty-error-msg\">\u00a1Se requiere campo!<\/div><\/div><\/div><\/div><div class=\"super-grid super-shortcode\"><div data-sfuid=\"tnO4ok4p-11\" class=\"super-shortcode super_one_full super-column grid-level-0 column-number-1 first-column \"><div data-sfuid=\"n9CifD7K-12\" id=\"sf-wrapper-1713-1-question\" class=\"super-shortcode super-field super-textarea  super-icon-outside super-icon-left bottom-left super-ungrouped  \"><div class=\"super-field-wrapper \"><i class=\"fas fa-question super-icon\"><\/i><textarea tabindex=\"-1\" class=\"super-shortcode-field\" name=\"question\" id=\"sf-field-1713-1-question\" data-oname=\"question\" data-email=\"Mensaje:\" data-exclude=\"0\" data-absolute-default=\"\" data-default-value=\"\" ><\/textarea><span class=\"super-adaptive-placeholder\" data-placeholder=\"Preg\u00fantanos lo que necesites ...\" data-placeholderFilled=\"Question\"><span>Preg\u00fantanos lo que necesites ...<\/span><\/span><\/div><div class=\"super-error-msg\">\u00a1Se requiere campo!<\/div><div class=\"super-empty-error-msg\">\u00a1Se requiere campo!<\/div><\/div><div data-sfuid=\"cjkFCVGq-13\" id=\"sf-wrapper-1713-1-option\" class=\"super-shortcode super-field super-checkbox super-has-only-label  super-icon-outside super-icon-left bottom-left super-ungrouped   display-vertical\"><div class=\"super-label super-bottom-margin\">Acepto los t\u00e9rminos y condiciones de uso:<\/div><div class=\"super-field-wrapper \"><i class=\"far fa-check-square super-icon\"><\/i><div class=\"super-items-list\"><label class=\"super-item\" ><span class=\"super-before\"><span class=\"super-after\"><\/span><\/span><input type=\"checkbox\" value=\"first_choice\" \/><div><div style=\"text-align: justify !important\">Los datos personales que proporciones en este formulario ser\u00e1n tratados por Industrial Qu\u00edmica Lasem, S.A.U., con domicilio en Pol. Ind. Pla del Cam\u00ed \u2013 Av. de la Ind\u00fastria 7, 08297, Castellgal\u00ed (Barcelona) Espa\u00f1a, sobre la base de tu mensaje y con la finalidad de dar respuesta al mismo. Podr\u00e1s ejercer tus derechos de acceso, rectificaci\u00f3n, supresi\u00f3n, oposici\u00f3n, portabilidad, limitaci\u00f3n del tratamiento, as\u00ed como cualquier otro derecho previsto por la normativa vigente en materia de protecci\u00f3n de datos, contactando con nosotros en <a href=\"mailto:iql.web@iql-nog.com\">iql.web@iql-nog.com<\/a>. Puedes consultar toda la informaci\u00f3n detallada sobre c\u00f3mo tratamos tus datos en el siguiente enlace: <a href=\"https:\/\/www.iql-nog.com\/es\/politica-privacidad\/\">Pol\u00edtica de Privacidad<\/a>.<br> No aceptamos consultas relacionadas con empleos a trav\u00e9s de este formulario. Para ello, por favor visita nuestra p\u00e1gina web de <a href=\"https:\/\/www.iql-nog.com\/es\/envianos-tu-cv\/\">Carreras<\/a>.<\/div><\/div><\/label><\/div><input class=\"super-shortcode-field\" type=\"hidden\" name=\"option\" value=\"\" id=\"sf-field-1713-1-option\" data-oname=\"option\" data-validation=\"empty\" data-email=\"Acepto los t\u00e9rminos y condiciones de uso:\" data-exclude=\"0\" data-absolute-default=\"\" data-default-value=\"\" \/><\/div><div class=\"super-error-msg\">\u00a1Se requiere campo!<\/div><div class=\"super-empty-error-msg\">\u00a1Se requiere campo!<\/div><\/div><div data-sfuid=\"wokpmNpX-14\" class=\"super-shortcode super-field super-recaptcha  super-align-left bottom-left super-ungrouped  \"><div class=\"super-recaptcha align-left\" data-sitekey=\"6Le5dN4aAAAAAH_HqGxFMqObjbJ61JbQDEACnAp5\"><\/div><\/div><\/div><\/div><div data-color=\"#35a085\" data-light=\"#49b499\" data-dark=\"#178267\" data-hover-color=\"#444444\" data-hover-light=\"#585858\" data-hover-dark=\"#262626\" data-font=\"#ffffff\" data-font-hover=\"#ffffff\" data-radius=\"rounded\" data-type=\"2d\" class=\"super-extra-shortcode super-shortcode super-field super-button super-clear-none super-form-button super-radius-rounded super-type-2d super-button-medium super-button-align-left super-button-width-auto\"><div data-href=\"\" class=\"super-button-wrap no_link\"><div class=\"super-button-name\" data-action=\"submit\" data-normal=\"Enviar\" data-loading=\"En proceso...\">Enviar<\/div><span class=\"super-after\"><\/span><\/div><\/div><\/form><\/div>\n<\/div><\/div><\/div><\/div><\/div>\n","protected":false},"excerpt":{"rendered":"","protected":false},"author":1,"featured_media":0,"parent":3671,"menu_order":0,"comment_status":"closed","ping_status":"closed","template":"","meta":{"inline_featured_image":false,"footnotes":""},"class_list":["post-3817","page","type-page","status-publish","hentry"],"yoast_head":"<!-- This site is optimized with the Yoast SEO plugin v27.5 - https:\/\/yoast.com\/product\/yoast-seo-wordpress\/ -->\n<title>Solicitud de informaci\u00f3n - IQL<\/title>\n<meta name=\"robots\" content=\"index, follow, max-snippet:-1, max-image-preview:large, max-video-preview:-1\" \/>\n<link rel=\"canonical\" href=\"https:\/\/www.iql-nog.com\/es\/contacto\/solicitud-de-informacion\/\" \/>\n<meta property=\"og:locale\" content=\"es_ES\" \/>\n<meta property=\"og:type\" content=\"article\" \/>\n<meta property=\"og:title\" content=\"Solicitud de informaci\u00f3n - IQL\" \/>\n<meta property=\"og:url\" content=\"https:\/\/www.iql-nog.com\/es\/contacto\/solicitud-de-informacion\/\" \/>\n<meta property=\"og:site_name\" content=\"IQL\" \/>\n<meta property=\"article:modified_time\" content=\"2025-08-07T16:19:01+00:00\" \/>\n<meta name=\"twitter:card\" content=\"summary_large_image\" \/>\n<meta name=\"twitter:label1\" content=\"Tiempo de lectura\" \/>\n\t<meta name=\"twitter:data1\" content=\"1 minuto\" \/>\n<script type=\"application\/ld+json\" class=\"yoast-schema-graph\">{\"@context\":\"https:\\\/\\\/schema.org\",\"@graph\":[{\"@type\":\"WebPage\",\"@id\":\"https:\\\/\\\/www.iql-nog.com\\\/es\\\/contacto\\\/solicitud-de-informacion\\\/\",\"url\":\"https:\\\/\\\/www.iql-nog.com\\\/es\\\/contacto\\\/solicitud-de-informacion\\\/\",\"name\":\"Solicitud de informaci\u00f3n - IQL\",\"isPartOf\":{\"@id\":\"https:\\\/\\\/www.iql-nog.com\\\/es\\\/#website\"},\"datePublished\":\"2021-01-14T09:37:00+00:00\",\"dateModified\":\"2025-08-07T16:19:01+00:00\",\"breadcrumb\":{\"@id\":\"https:\\\/\\\/www.iql-nog.com\\\/es\\\/contacto\\\/solicitud-de-informacion\\\/#breadcrumb\"},\"inLanguage\":\"es\",\"potentialAction\":[{\"@type\":\"ReadAction\",\"target\":[\"https:\\\/\\\/www.iql-nog.com\\\/es\\\/contacto\\\/solicitud-de-informacion\\\/\"]}]},{\"@type\":\"BreadcrumbList\",\"@id\":\"https:\\\/\\\/www.iql-nog.com\\\/es\\\/contacto\\\/solicitud-de-informacion\\\/#breadcrumb\",\"itemListElement\":[{\"@type\":\"ListItem\",\"position\":1,\"name\":\"Portada\",\"item\":\"https:\\\/\\\/www.iql-nog.com\\\/es\\\/\"},{\"@type\":\"ListItem\",\"position\":2,\"name\":\"Contacto\",\"item\":\"https:\\\/\\\/www.iql-nog.com\\\/es\\\/contacto\\\/\"},{\"@type\":\"ListItem\",\"position\":3,\"name\":\"Solicitud de informaci\u00f3n\"}]},{\"@type\":\"WebSite\",\"@id\":\"https:\\\/\\\/www.iql-nog.com\\\/es\\\/#website\",\"url\":\"https:\\\/\\\/www.iql-nog.com\\\/es\\\/\",\"name\":\"IQL-NOG\",\"description\":\"Responsible Chemistry\",\"publisher\":{\"@id\":\"https:\\\/\\\/www.iql-nog.com\\\/es\\\/#organization\"},\"potentialAction\":[{\"@type\":\"SearchAction\",\"target\":{\"@type\":\"EntryPoint\",\"urlTemplate\":\"https:\\\/\\\/www.iql-nog.com\\\/es\\\/?s={search_term_string}\"},\"query-input\":{\"@type\":\"PropertyValueSpecification\",\"valueRequired\":true,\"valueName\":\"search_term_string\"}}],\"inLanguage\":\"es\"},{\"@type\":\"Organization\",\"@id\":\"https:\\\/\\\/www.iql-nog.com\\\/es\\\/#organization\",\"name\":\"Industrial Qu\u00edmica Lasem S.A.U.\",\"url\":\"https:\\\/\\\/www.iql-nog.com\\\/es\\\/\",\"logo\":{\"@type\":\"ImageObject\",\"inLanguage\":\"es\",\"@id\":\"https:\\\/\\\/www.iql-nog.com\\\/es\\\/#\\\/schema\\\/logo\\\/image\\\/\",\"url\":\"https:\\\/\\\/www.iql-nog.com\\\/wp-content\\\/uploads\\\/2021\\\/01\\\/logo-footer.svg\",\"contentUrl\":\"https:\\\/\\\/www.iql-nog.com\\\/wp-content\\\/uploads\\\/2021\\\/01\\\/logo-footer.svg\",\"width\":\"1024\",\"height\":\"1024\",\"caption\":\"Industrial Qu\u00edmica Lasem S.A.U.\"},\"image\":{\"@id\":\"https:\\\/\\\/www.iql-nog.com\\\/es\\\/#\\\/schema\\\/logo\\\/image\\\/\"}}]}<\/script>\n<!-- \/ Yoast SEO plugin. -->","yoast_head_json":{"title":"Solicitud de informaci\u00f3n - IQL","robots":{"index":"index","follow":"follow","max-snippet":"max-snippet:-1","max-image-preview":"max-image-preview:large","max-video-preview":"max-video-preview:-1"},"canonical":"https:\/\/www.iql-nog.com\/es\/contacto\/solicitud-de-informacion\/","og_locale":"es_ES","og_type":"article","og_title":"Solicitud de informaci\u00f3n - IQL","og_url":"https:\/\/www.iql-nog.com\/es\/contacto\/solicitud-de-informacion\/","og_site_name":"IQL","article_modified_time":"2025-08-07T16:19:01+00:00","twitter_card":"summary_large_image","twitter_misc":{"Tiempo de lectura":"1 minuto"},"schema":{"@context":"https:\/\/schema.org","@graph":[{"@type":"WebPage","@id":"https:\/\/www.iql-nog.com\/es\/contacto\/solicitud-de-informacion\/","url":"https:\/\/www.iql-nog.com\/es\/contacto\/solicitud-de-informacion\/","name":"Solicitud de informaci\u00f3n - IQL","isPartOf":{"@id":"https:\/\/www.iql-nog.com\/es\/#website"},"datePublished":"2021-01-14T09:37:00+00:00","dateModified":"2025-08-07T16:19:01+00:00","breadcrumb":{"@id":"https:\/\/www.iql-nog.com\/es\/contacto\/solicitud-de-informacion\/#breadcrumb"},"inLanguage":"es","potentialAction":[{"@type":"ReadAction","target":["https:\/\/www.iql-nog.com\/es\/contacto\/solicitud-de-informacion\/"]}]},{"@type":"BreadcrumbList","@id":"https:\/\/www.iql-nog.com\/es\/contacto\/solicitud-de-informacion\/#breadcrumb","itemListElement":[{"@type":"ListItem","position":1,"name":"Portada","item":"https:\/\/www.iql-nog.com\/es\/"},{"@type":"ListItem","position":2,"name":"Contacto","item":"https:\/\/www.iql-nog.com\/es\/contacto\/"},{"@type":"ListItem","position":3,"name":"Solicitud de informaci\u00f3n"}]},{"@type":"WebSite","@id":"https:\/\/www.iql-nog.com\/es\/#website","url":"https:\/\/www.iql-nog.com\/es\/","name":"IQL-NOG","description":"Responsible Chemistry","publisher":{"@id":"https:\/\/www.iql-nog.com\/es\/#organization"},"potentialAction":[{"@type":"SearchAction","target":{"@type":"EntryPoint","urlTemplate":"https:\/\/www.iql-nog.com\/es\/?s={search_term_string}"},"query-input":{"@type":"PropertyValueSpecification","valueRequired":true,"valueName":"search_term_string"}}],"inLanguage":"es"},{"@type":"Organization","@id":"https:\/\/www.iql-nog.com\/es\/#organization","name":"Industrial Qu\u00edmica Lasem S.A.U.","url":"https:\/\/www.iql-nog.com\/es\/","logo":{"@type":"ImageObject","inLanguage":"es","@id":"https:\/\/www.iql-nog.com\/es\/#\/schema\/logo\/image\/","url":"https:\/\/www.iql-nog.com\/wp-content\/uploads\/2021\/01\/logo-footer.svg","contentUrl":"https:\/\/www.iql-nog.com\/wp-content\/uploads\/2021\/01\/logo-footer.svg","width":"1024","height":"1024","caption":"Industrial Qu\u00edmica Lasem S.A.U."},"image":{"@id":"https:\/\/www.iql-nog.com\/es\/#\/schema\/logo\/image\/"}}]}},"_links":{"self":[{"href":"https:\/\/www.iql-nog.com\/es\/wp-json\/wp\/v2\/pages\/3817","targetHints":{"allow":["GET"]}}],"collection":[{"href":"https:\/\/www.iql-nog.com\/es\/wp-json\/wp\/v2\/pages"}],"about":[{"href":"https:\/\/www.iql-nog.com\/es\/wp-json\/wp\/v2\/types\/page"}],"author":[{"embeddable":true,"href":"https:\/\/www.iql-nog.com\/es\/wp-json\/wp\/v2\/users\/1"}],"replies":[{"embeddable":true,"href":"https:\/\/www.iql-nog.com\/es\/wp-json\/wp\/v2\/comments?post=3817"}],"version-history":[{"count":4,"href":"https:\/\/www.iql-nog.com\/es\/wp-json\/wp\/v2\/pages\/3817\/revisions"}],"predecessor-version":[{"id":3822,"href":"https:\/\/www.iql-nog.com\/es\/wp-json\/wp\/v2\/pages\/3817\/revisions\/3822"}],"up":[{"embeddable":true,"href":"https:\/\/www.iql-nog.com\/es\/wp-json\/wp\/v2\/pages\/3671"}],"wp:attachment":[{"href":"https:\/\/www.iql-nog.com\/es\/wp-json\/wp\/v2\/media?parent=3817"}],"curies":[{"name":"wp","href":"https:\/\/api.w.org\/{rel}","templated":true}]}}