{"id":3806,"date":"2025-02-14T01:46:36","date_gmt":"2025-02-14T01:46:36","guid":{"rendered":"https:\/\/www.iql-nog.com\/submit-your-cv\/"},"modified":"2025-08-05T00:15:54","modified_gmt":"2025-08-05T00:15:54","slug":"envianos-tu-cv","status":"publish","type":"page","link":"https:\/\/www.iql-nog.com\/es\/envianos-tu-cv\/","title":{"rendered":"Env\u00edanos tu CV"},"content":{"rendered":"<p><div class=\"fusion-fullwidth fullwidth-box fusion-builder-row-1 fusion-flex-container nonhundred-percent-fullwidth non-hundred-percent-height-scrolling\" style=\"--awb-border-radius-top-left:0px;--awb-border-radius-top-right:0px;--awb-border-radius-bottom-right:0px;--awb-border-radius-bottom-left:0px;--awb-padding-bottom:0px;--awb-margin-bottom:0px;--awb-flex-wrap:wrap;\" ><div class=\"fusion-builder-row fusion-row fusion-flex-align-items-flex-start fusion-flex-content-wrap\" style=\"max-width:1248px;margin-left: calc(-4% \/ 2 );margin-right: calc(-4% \/ 2 );\"><div class=\"fusion-layout-column fusion_builder_column fusion-builder-column-0 fusion_builder_column_1_1 1_1 fusion-flex-column\" style=\"--awb-bg-size:cover;--awb-width-large:100%;--awb-margin-top-large:0px;--awb-spacing-right-large:1.92%;--awb-margin-bottom-large:20px;--awb-spacing-left-large:1.92%;--awb-width-medium:100%;--awb-order-medium:0;--awb-spacing-right-medium:1.92%;--awb-spacing-left-medium:1.92%;--awb-width-small:100%;--awb-order-small:0;--awb-spacing-right-small:1.92%;--awb-spacing-left-small:1.92%;\"><div class=\"fusion-column-wrapper fusion-column-has-shadow fusion-flex-justify-content-flex-start fusion-content-layout-column\"><div class=\"fusion-title title fusion-title-1 sep-underline sep-solid fusion-title-text fusion-title-size-one\" style=\"--awb-margin-top:20px;--awb-margin-top-small:10px;--awb-margin-right-small:0px;--awb-margin-bottom-small:10px;--awb-margin-left-small:0px;--awb-sep-color:#35a085;\"><h1 class=\"fusion-title-heading title-heading-left\" style=\"font-family:&quot;Noto Sans JP&quot;;font-style:normal;font-weight:100;margin:0;\">Env\u00edanos tu CV<\/h1><\/div><\/div><\/div><\/div><\/div><div class=\"fusion-fullwidth fullwidth-box fusion-builder-row-2 fusion-flex-container has-pattern-background has-mask-background nonhundred-percent-fullwidth non-hundred-percent-height-scrolling\" style=\"--awb-border-radius-top-left:0px;--awb-border-radius-top-right:0px;--awb-border-radius-bottom-right:0px;--awb-border-radius-bottom-left:0px;--awb-flex-wrap:wrap;\" ><div class=\"fusion-builder-row fusion-row fusion-flex-align-items-flex-start fusion-flex-content-wrap\" style=\"max-width:1248px;margin-left: calc(-4% \/ 2 );margin-right: calc(-4% \/ 2 );\"><div class=\"fusion-layout-column fusion_builder_column fusion-builder-column-1 fusion_builder_column_1_5 1_5 fusion-flex-column\" style=\"--awb-bg-size:cover;--awb-width-large:20%;--awb-margin-top-large:0px;--awb-spacing-right-large:9.6%;--awb-margin-bottom-large:20px;--awb-spacing-left-large:9.6%;--awb-width-medium:20%;--awb-order-medium:0;--awb-spacing-right-medium:9.6%;--awb-spacing-left-medium:9.6%;--awb-width-small:100%;--awb-order-small:0;--awb-spacing-right-small:1.92%;--awb-spacing-left-small:1.92%;\"><div class=\"fusion-column-wrapper fusion-column-has-shadow fusion-flex-justify-content-flex-start fusion-content-layout-column\"><\/div><\/div><div class=\"fusion-layout-column fusion_builder_column fusion-builder-column-2 fusion_builder_column_2_3 2_3 fusion-flex-column\" style=\"--awb-padding-top:30px;--awb-padding-right:30px;--awb-padding-bottom:30px;--awb-padding-left:30px;--awb-overflow:hidden;--awb-bg-color:#ededed;--awb-bg-color-hover:#ededed;--awb-bg-size:cover;--awb-box-shadow:0px 0px 5px 1px rgba(0,0,0,0.2);;--awb-border-radius:5px 5px 5px 5px;--awb-width-large:66.666666666667%;--awb-margin-top-large:0px;--awb-spacing-right-large:2.88%;--awb-margin-bottom-large:20px;--awb-spacing-left-large:2.88%;--awb-width-medium:66.666666666667%;--awb-order-medium:0;--awb-spacing-right-medium:2.88%;--awb-spacing-left-medium:2.88%;--awb-width-small:100%;--awb-order-small:0;--awb-spacing-right-small:1.92%;--awb-spacing-left-small:1.92%;\"><div class=\"fusion-column-wrapper fusion-column-has-shadow fusion-flex-justify-content-flex-start fusion-content-layout-column\"><div class=\"fusion-text fusion-text-1 super-items-list\"><style type=\"text\/css\">.super-form:not(.super-initialized,.super-preview-elements) *:not(.super-load-icon) { visibility: hidden !important; }<\/style><div id=\"super-form-1732\" data-sfuid=\"g86Ee9OV\" translate=\"no\" style=\"margin:0px 0px 0px 0px;\" class=\"super-form super-form-1732  super-default-rounded super-field-size-medium super-adaptive notranslate\" data-hide=\"true\" data-overlay=\"true\" data-field-size=\"medium\" data-i18n=\"es_ES\"><span class=\"super-load-icon\"><\/span><form tabindex=\"0\" autocomplete=\"on\" enctype=\"multipart\/form-data\"><input type=\"hidden\" name=\"sf_nonce\" value=\"\" \/><input type=\"text\" name=\"super_hp\" size=\"25\" value=\"\" \/><div class=\"super-shortcode super-field super-hidden\"><input class=\"super-shortcode-field\" type=\"hidden\" value=\"1732\" name=\"hidden_form_id\" \/><\/div><div class=\"super-grid super-shortcode\"><div data-sfuid=\"3r0ZdMTB-1\" class=\"super-shortcode super_one_half super-column grid-level-0 column-number-1 first-column \"><div data-sfuid=\"zcTCVa1z-2\" id=\"sf-wrapper-1732-1-name\" class=\"super-shortcode super-field super-text super-field-type-text  super-icon-outside super-icon-left bottom-left super-ungrouped  \"><div class=\"super-field-wrapper \"><i class=\"fas fa-user super-icon\"><\/i><input tabindex=\"-1\" class=\"super-shortcode-field\" type=\"text\" name=\"name\" id=\"sf-field-1732-1-name\" data-oname=\"name\" data-validation=\"empty\" data-email=\"Nombre:\" data-exclude=\"0\" data-absolute-default=\"\" data-default-value=\"\" \/><span class=\"super-adaptive-placeholder\" data-placeholder=\"Nombre\" data-placeholderFilled=\"Nombre\"><span>Nombre<\/span><\/span><\/div><div class=\"super-error-msg\">\u00a1Se requiere campo!<\/div><div class=\"super-empty-error-msg\">\u00a1Se requiere campo!<\/div><\/div><\/div><div data-sfuid=\"VvOxS7Uc-3\" class=\"super-shortcode super_one_half super-column grid-level-0 column-number-2  \"><div data-sfuid=\"zMPOm17E-4\" id=\"sf-wrapper-1732-1-email\" class=\"super-shortcode super-field super-text super-field-type-email  super-icon-outside super-icon-left bottom-left super-ungrouped  \"><div class=\"super-field-wrapper \"><i class=\"far fa-envelope super-icon\"><\/i><input tabindex=\"-1\" class=\"super-shortcode-field\" type=\"email\" name=\"email\" id=\"sf-field-1732-1-email\" data-oname=\"email\" data-validation=\"email\" data-email=\"Email:\" data-exclude=\"0\" data-absolute-default=\"\" data-default-value=\"\" \/><span class=\"super-adaptive-placeholder\" data-placeholder=\"Email\" data-placeholderFilled=\"Email\"><span>Email<\/span><\/span><\/div><div class=\"super-error-msg\">\u00a1Se requiere campo!<\/div><div class=\"super-empty-error-msg\">\u00a1Se requiere campo!<\/div><\/div><\/div><\/div><div class=\"super-grid super-shortcode\"><div data-sfuid=\"YCE03E4b-5\" class=\"super-shortcode super_one_half super-column grid-level-0 column-number-1 first-column \"><div data-sfuid=\"mDBMHGx4-6\" id=\"sf-wrapper-1732-1-jobposition\" class=\"super-shortcode super-field super-text super-field-type-text  super-icon-outside super-icon-left bottom-left super-ungrouped  \"><div class=\"super-field-wrapper \"><i class=\"fas fa-address-card super-icon\"><\/i><input tabindex=\"-1\" class=\"super-shortcode-field\" type=\"text\" name=\"jobposition\" id=\"sf-field-1732-1-jobposition\" data-oname=\"jobposition\" data-email=\"Puesto al que aplicas:\" data-exclude=\"0\" data-absolute-default=\"\" data-default-value=\"\" \/><span class=\"super-adaptive-placeholder\" data-placeholder=\"Puesto al que aplicas\" data-placeholderFilled=\"Puesto al que aplicas\"><span>Puesto al que aplicas<\/span><\/span><\/div><div class=\"super-error-msg\">\u00a1Se requiere campo!<\/div><div class=\"super-empty-error-msg\">\u00a1Se requiere campo!<\/div><\/div><\/div><div data-sfuid=\"vBn1xYPu-7\" class=\"super-shortcode super_one_half super-column grid-level-0 column-number-2  \"><div data-sfuid=\"LDAnKypR-8\" id=\"sf-wrapper-1732-1-phonenumber\" class=\"super-shortcode super-field super-text super-field-type-tel  super-icon-outside super-icon-left bottom-left super-ungrouped  \"><div class=\"super-field-wrapper \"><i class=\"fas fa-phone super-icon\"><\/i><input tabindex=\"-1\" class=\"super-shortcode-field\" type=\"tel\" name=\"phonenumber\" id=\"sf-field-1732-1-phonenumber\" data-oname=\"phonenumber\" data-validation=\"phone\" data-email=\"N\u00famero de tel\u00e9fono:\" data-exclude=\"0\" data-absolute-default=\"\" data-default-value=\"\" \/><span class=\"super-adaptive-placeholder\" data-placeholder=\"N\u00famero de tel\u00e9fono (con prefijo)\" data-placeholderFilled=\"N\u00famero de tel\u00e9fono (con prefijo)\"><span>N\u00famero de tel\u00e9fono (con prefijo)<\/span><\/span><\/div><div class=\"super-error-msg\">\u00a1Se requiere campo!<\/div><div class=\"super-empty-error-msg\">\u00a1Se requiere campo!<\/div><\/div><\/div><\/div><div class=\"super-grid super-shortcode\"><div data-sfuid=\"9TlUoOax-9\" class=\"super-shortcode super_one_full super-column grid-level-0 column-number-1 first-column \"><div data-sfuid=\"m1r4FghZ-10\" id=\"sf-wrapper-1732-1-introduce\" class=\"super-shortcode super-field super-textarea  super-icon-outside super-icon-left bottom-left super-ungrouped  \"><div class=\"super-field-wrapper \"><i class=\"fas fa-user-edit super-icon\"><\/i><textarea tabindex=\"-1\" class=\"super-shortcode-field\" name=\"introduce\" id=\"sf-field-1732-1-introduce\" data-oname=\"introduce\" data-email=\"Pres\u00e9ntate:\" data-exclude=\"0\" data-absolute-default=\"\" data-default-value=\"\" ><\/textarea><span class=\"super-adaptive-placeholder\" data-placeholder=\"Pres\u00e9ntate ...\" data-placeholderFilled=\"Pres\u00e9ntate ...\"><span>Pres\u00e9ntate ...<\/span><\/span><\/div><div class=\"super-error-msg\">\u00a1Se requiere campo!<\/div><div class=\"super-empty-error-msg\">\u00a1Se requiere campo!<\/div><\/div><div data-sfuid=\"OiEMxBag-11\" id=\"sf-wrapper-1732-1-resume\" class=\"super-shortcode super-field super-file super-has-only-label  super-icon-outside super-icon-left bottom-left super-ungrouped  \"><div class=\"super-label super-bottom-margin\">Adjunta tu cv:<\/div><div class=\"super-field-wrapper \"><i class=\"fas fa-id-badge super-icon\"><\/i><div class=\"super-fileupload-button\"><i class=\"fas fa-plus\"><\/i><span class=\"super-fileupload-button-text\">Upload your documents...<\/span><\/div><input tabindex=\"-1\" class=\"super-shortcode-field super-fileupload\" type=\"file\" name=\"files[]\"  data-file-size=\"5\" data-upload-limit=\"5\" data-accept-file-types=\"jpg|jpeg|png|gif|pdf|JPG|JPEG|PNG|GIF|PDF\" \/><input class=\"super-active-files\" type=\"hidden\" value=\"\" name=\"resume\" id=\"sf-field-1732-1-resume\" data-oname=\"resume\" data-email=\"Adjunta tu cv:\" data-exclude=\"0\" data-absolute-default=\"\" \/><div class=\"super-progress-bar\"><\/div><div class=\"super-fileupload-files\"><\/div><\/div><div class=\"super-error-msg\">\u00a1Se requiere campo!<\/div><div class=\"super-empty-error-msg\">\u00a1Se requiere campo!<\/div><\/div><div data-sfuid=\"hr2Us7xn-12\" id=\"sf-wrapper-1732-1-option\" class=\"super-shortcode super-field super-checkbox super-has-only-label  bottom-left super-ungrouped   display-vertical\"><div class=\"super-label super-bottom-margin\">Acepto los t\u00e9rminos y condiciones de uso:<\/div><div class=\"super-field-wrapper \"><div class=\"super-items-list\"><label class=\"super-item acceptation-check\" ><span class=\"super-before\"><span class=\"super-after\"><\/span><\/span><input type=\"checkbox\" value=\"first_choice\" \/><div>Los datos personales recabados a trav\u00e9s de este formulario, as\u00ed como aquellos generados durante el proceso de selecci\u00f3n, son confidenciales y ser\u00e1n tratados por Industrial Qu\u00edmica Lasem, S.A.U., con domicilio en Pol. Ind. Pla del cam\u00ed \u2013 Av. de la Ind\u00fastria 7, 08297, Castellgal\u00ed, Barcelona (Espa\u00f1a), con la \u00fanica finalidad de gestionar su participaci\u00f3n en los procesos de selecci\u00f3n de esta entidad. La informaci\u00f3n marcada con un asterisco es obligatoria para poder completar el formulario de solicitud. En base a su inter\u00e9s en postularse, sus datos se conservar\u00e1n durante el tiempo que dure el proceso de selecci\u00f3n y, posteriormente, por un per\u00edodo m\u00e1ximo de 3 a\u00f1os, con el fin de gestionar posibles futuros procesos de selecci\u00f3n en la empresa. No obstante, en cualquier momento podr\u00e1 ejercer sus derechos de oposici\u00f3n, acceso, rectificaci\u00f3n, supresi\u00f3n, limitaci\u00f3n del tratamiento y portabilidad de los datos, dirigi\u00e9ndose por escrito y adjuntando una copia de su documento de identificaci\u00f3n a la siguiente direcci\u00f3n: Pol. Ind. Pla del Cam\u00ed \u2013 Av. de la Ind\u00fastria 7, 08297, Castellgal\u00ed (Barcelona), o al correo electr\u00f3nico: <a href=\"mailto:iql.web@iql-nog.com\">iql.web@iql-nog.com<\/a>. Asimismo, se le informa que puede presentar una reclamaci\u00f3n ante la Agencia Espa\u00f1ola de Protecci\u00f3n de Datos. Le rogamos que se asegure de que los datos incluidos en este formulario sean adecuados, pertinentes con respecto al prop\u00f3sito de la solicitud y exactos, y que no contengan datos personales de terceros. Puede consultar todos los detalles sobre c\u00f3mo tratamos sus datos en el siguiente enlace: <a href=\"https:\/\/www.iql-nog.com\/es\/politica-privacidad\/\">Pol\u00edtica de Privacidad<\/a><\/div><\/label><\/div><input class=\"super-shortcode-field\" type=\"hidden\" name=\"option\" value=\"\" id=\"sf-field-1732-1-option\" data-oname=\"option\" data-validation=\"empty\" data-email=\"Acepto los t\u00e9rminos y condiciones de uso:\" data-exclude=\"0\" data-absolute-default=\"\" data-default-value=\"\" \/><\/div><div class=\"super-error-msg\">\u00a1Se requiere campo!<\/div><div class=\"super-empty-error-msg\">\u00a1Se requiere campo!<\/div><\/div><div data-sfuid=\"atsf88kZ-13\" class=\"super-shortcode super-field super-recaptcha  super-align-left bottom-left super-ungrouped  \"><div class=\"super-recaptcha align-left\" data-sitekey=\"6Le5dN4aAAAAAH_HqGxFMqObjbJ61JbQDEACnAp5\"><\/div><\/div><\/div><\/div><div data-color=\"#35a085\" data-light=\"#49b499\" data-dark=\"#178267\" data-hover-color=\"#444444\" data-hover-light=\"#585858\" data-hover-dark=\"#262626\" data-font=\"#ffffff\" data-font-hover=\"#ffffff\" data-radius=\"rounded\" data-type=\"2d\" class=\"super-extra-shortcode super-shortcode super-field super-button super-clear-none super-form-button super-radius-rounded super-type-2d super-button-medium super-button-align-left super-button-width-auto\"><div data-href=\"\" class=\"super-button-wrap no_link\"><div class=\"super-button-name\" data-action=\"submit\" data-normal=\"Enviar\" data-loading=\"Loading...\">Enviar<\/div><span class=\"super-after\"><\/span><\/div><\/div><\/form><\/div>\n<\/div><\/div><\/div><\/div><\/div><\/p>\n","protected":false},"excerpt":{"rendered":"","protected":false},"author":1,"featured_media":0,"parent":0,"menu_order":0,"comment_status":"closed","ping_status":"closed","template":"","meta":{"inline_featured_image":false,"footnotes":""},"class_list":["post-3806","page","type-page","status-publish","hentry"],"yoast_head":"<!-- This site is optimized with the Yoast SEO plugin v27.5 - https:\/\/yoast.com\/product\/yoast-seo-wordpress\/ -->\n<title>Env\u00edanos tu CV - IQL<\/title>\n<meta name=\"robots\" content=\"index, follow, max-snippet:-1, max-image-preview:large, max-video-preview:-1\" \/>\n<link rel=\"canonical\" href=\"https:\/\/www.iql-nog.com\/es\/envianos-tu-cv\/\" \/>\n<meta property=\"og:locale\" content=\"es_ES\" \/>\n<meta property=\"og:type\" content=\"article\" \/>\n<meta property=\"og:title\" content=\"Env\u00edanos tu CV - IQL\" \/>\n<meta property=\"og:url\" content=\"https:\/\/www.iql-nog.com\/es\/envianos-tu-cv\/\" \/>\n<meta property=\"og:site_name\" content=\"IQL\" \/>\n<meta property=\"article:modified_time\" content=\"2025-08-05T00:15:54+00:00\" \/>\n<meta name=\"twitter:card\" content=\"summary_large_image\" \/>\n<meta name=\"twitter:label1\" content=\"Tiempo de lectura\" \/>\n\t<meta name=\"twitter:data1\" content=\"2 minutos\" \/>\n<script type=\"application\/ld+json\" class=\"yoast-schema-graph\">{\"@context\":\"https:\\\/\\\/schema.org\",\"@graph\":[{\"@type\":\"WebPage\",\"@id\":\"https:\\\/\\\/www.iql-nog.com\\\/es\\\/envianos-tu-cv\\\/\",\"url\":\"https:\\\/\\\/www.iql-nog.com\\\/es\\\/envianos-tu-cv\\\/\",\"name\":\"Env\u00edanos tu CV - IQL\",\"isPartOf\":{\"@id\":\"https:\\\/\\\/www.iql-nog.com\\\/es\\\/#website\"},\"datePublished\":\"2025-02-14T01:46:36+00:00\",\"dateModified\":\"2025-08-05T00:15:54+00:00\",\"breadcrumb\":{\"@id\":\"https:\\\/\\\/www.iql-nog.com\\\/es\\\/envianos-tu-cv\\\/#breadcrumb\"},\"inLanguage\":\"es\",\"potentialAction\":[{\"@type\":\"ReadAction\",\"target\":[\"https:\\\/\\\/www.iql-nog.com\\\/es\\\/envianos-tu-cv\\\/\"]}]},{\"@type\":\"BreadcrumbList\",\"@id\":\"https:\\\/\\\/www.iql-nog.com\\\/es\\\/envianos-tu-cv\\\/#breadcrumb\",\"itemListElement\":[{\"@type\":\"ListItem\",\"position\":1,\"name\":\"Portada\",\"item\":\"https:\\\/\\\/www.iql-nog.com\\\/es\\\/\"},{\"@type\":\"ListItem\",\"position\":2,\"name\":\"Env\u00edanos tu CV\"}]},{\"@type\":\"WebSite\",\"@id\":\"https:\\\/\\\/www.iql-nog.com\\\/es\\\/#website\",\"url\":\"https:\\\/\\\/www.iql-nog.com\\\/es\\\/\",\"name\":\"IQL-NOG\",\"description\":\"Responsible Chemistry\",\"publisher\":{\"@id\":\"https:\\\/\\\/www.iql-nog.com\\\/es\\\/#organization\"},\"potentialAction\":[{\"@type\":\"SearchAction\",\"target\":{\"@type\":\"EntryPoint\",\"urlTemplate\":\"https:\\\/\\\/www.iql-nog.com\\\/es\\\/?s={search_term_string}\"},\"query-input\":{\"@type\":\"PropertyValueSpecification\",\"valueRequired\":true,\"valueName\":\"search_term_string\"}}],\"inLanguage\":\"es\"},{\"@type\":\"Organization\",\"@id\":\"https:\\\/\\\/www.iql-nog.com\\\/es\\\/#organization\",\"name\":\"Industrial Qu\u00edmica Lasem S.A.U.\",\"url\":\"https:\\\/\\\/www.iql-nog.com\\\/es\\\/\",\"logo\":{\"@type\":\"ImageObject\",\"inLanguage\":\"es\",\"@id\":\"https:\\\/\\\/www.iql-nog.com\\\/es\\\/#\\\/schema\\\/logo\\\/image\\\/\",\"url\":\"https:\\\/\\\/www.iql-nog.com\\\/wp-content\\\/uploads\\\/2021\\\/01\\\/logo-footer.svg\",\"contentUrl\":\"https:\\\/\\\/www.iql-nog.com\\\/wp-content\\\/uploads\\\/2021\\\/01\\\/logo-footer.svg\",\"width\":\"1024\",\"height\":\"1024\",\"caption\":\"Industrial Qu\u00edmica Lasem S.A.U.\"},\"image\":{\"@id\":\"https:\\\/\\\/www.iql-nog.com\\\/es\\\/#\\\/schema\\\/logo\\\/image\\\/\"}}]}<\/script>\n<!-- \/ Yoast SEO plugin. -->","yoast_head_json":{"title":"Env\u00edanos tu CV - IQL","robots":{"index":"index","follow":"follow","max-snippet":"max-snippet:-1","max-image-preview":"max-image-preview:large","max-video-preview":"max-video-preview:-1"},"canonical":"https:\/\/www.iql-nog.com\/es\/envianos-tu-cv\/","og_locale":"es_ES","og_type":"article","og_title":"Env\u00edanos tu CV - IQL","og_url":"https:\/\/www.iql-nog.com\/es\/envianos-tu-cv\/","og_site_name":"IQL","article_modified_time":"2025-08-05T00:15:54+00:00","twitter_card":"summary_large_image","twitter_misc":{"Tiempo de lectura":"2 minutos"},"schema":{"@context":"https:\/\/schema.org","@graph":[{"@type":"WebPage","@id":"https:\/\/www.iql-nog.com\/es\/envianos-tu-cv\/","url":"https:\/\/www.iql-nog.com\/es\/envianos-tu-cv\/","name":"Env\u00edanos tu CV - IQL","isPartOf":{"@id":"https:\/\/www.iql-nog.com\/es\/#website"},"datePublished":"2025-02-14T01:46:36+00:00","dateModified":"2025-08-05T00:15:54+00:00","breadcrumb":{"@id":"https:\/\/www.iql-nog.com\/es\/envianos-tu-cv\/#breadcrumb"},"inLanguage":"es","potentialAction":[{"@type":"ReadAction","target":["https:\/\/www.iql-nog.com\/es\/envianos-tu-cv\/"]}]},{"@type":"BreadcrumbList","@id":"https:\/\/www.iql-nog.com\/es\/envianos-tu-cv\/#breadcrumb","itemListElement":[{"@type":"ListItem","position":1,"name":"Portada","item":"https:\/\/www.iql-nog.com\/es\/"},{"@type":"ListItem","position":2,"name":"Env\u00edanos tu CV"}]},{"@type":"WebSite","@id":"https:\/\/www.iql-nog.com\/es\/#website","url":"https:\/\/www.iql-nog.com\/es\/","name":"IQL-NOG","description":"Responsible Chemistry","publisher":{"@id":"https:\/\/www.iql-nog.com\/es\/#organization"},"potentialAction":[{"@type":"SearchAction","target":{"@type":"EntryPoint","urlTemplate":"https:\/\/www.iql-nog.com\/es\/?s={search_term_string}"},"query-input":{"@type":"PropertyValueSpecification","valueRequired":true,"valueName":"search_term_string"}}],"inLanguage":"es"},{"@type":"Organization","@id":"https:\/\/www.iql-nog.com\/es\/#organization","name":"Industrial Qu\u00edmica Lasem S.A.U.","url":"https:\/\/www.iql-nog.com\/es\/","logo":{"@type":"ImageObject","inLanguage":"es","@id":"https:\/\/www.iql-nog.com\/es\/#\/schema\/logo\/image\/","url":"https:\/\/www.iql-nog.com\/wp-content\/uploads\/2021\/01\/logo-footer.svg","contentUrl":"https:\/\/www.iql-nog.com\/wp-content\/uploads\/2021\/01\/logo-footer.svg","width":"1024","height":"1024","caption":"Industrial Qu\u00edmica Lasem S.A.U."},"image":{"@id":"https:\/\/www.iql-nog.com\/es\/#\/schema\/logo\/image\/"}}]}},"_links":{"self":[{"href":"https:\/\/www.iql-nog.com\/es\/wp-json\/wp\/v2\/pages\/3806","targetHints":{"allow":["GET"]}}],"collection":[{"href":"https:\/\/www.iql-nog.com\/es\/wp-json\/wp\/v2\/pages"}],"about":[{"href":"https:\/\/www.iql-nog.com\/es\/wp-json\/wp\/v2\/types\/page"}],"author":[{"embeddable":true,"href":"https:\/\/www.iql-nog.com\/es\/wp-json\/wp\/v2\/users\/1"}],"replies":[{"embeddable":true,"href":"https:\/\/www.iql-nog.com\/es\/wp-json\/wp\/v2\/comments?post=3806"}],"version-history":[{"count":2,"href":"https:\/\/www.iql-nog.com\/es\/wp-json\/wp\/v2\/pages\/3806\/revisions"}],"predecessor-version":[{"id":3811,"href":"https:\/\/www.iql-nog.com\/es\/wp-json\/wp\/v2\/pages\/3806\/revisions\/3811"}],"wp:attachment":[{"href":"https:\/\/www.iql-nog.com\/es\/wp-json\/wp\/v2\/media?parent=3806"}],"curies":[{"name":"wp","href":"https:\/\/api.w.org\/{rel}","templated":true}]}}