{"id":3719,"date":"2021-01-14T22:25:48","date_gmt":"2021-01-14T22:25:48","guid":{"rendered":"https:\/\/www.iql-nog.com\/products-and-markets\/food-feed\/pet-food\/"},"modified":"2025-08-08T11:47:21","modified_gmt":"2025-08-08T11:47:21","slug":"alimentos-para-mascotas","status":"publish","type":"page","link":"https:\/\/www.iql-nog.com\/es\/productos-y-mercados\/alimentacion-humana-y-animal\/alimentos-para-mascotas\/","title":{"rendered":"Alimentos para mascotas"},"content":{"rendered":"<div class=\"fusion-fullwidth fullwidth-box fusion-builder-row-1 fusion-flex-container nonhundred-percent-fullwidth non-hundred-percent-height-scrolling\" style=\"--awb-border-radius-top-left:0px;--awb-border-radius-top-right:0px;--awb-border-radius-bottom-right:0px;--awb-border-radius-bottom-left:0px;--awb-flex-wrap:wrap;\" ><div class=\"fusion-builder-row fusion-row fusion-flex-align-items-flex-start fusion-flex-content-wrap\" style=\"max-width:1248px;margin-left: calc(-4% \/ 2 );margin-right: calc(-4% \/ 2 );\"><div class=\"fusion-layout-column fusion_builder_column fusion-builder-column-0 fusion_builder_column_1_1 1_1 fusion-flex-column\" style=\"--awb-bg-size:cover;--awb-width-large:100%;--awb-margin-top-large:0px;--awb-spacing-right-large:1.92%;--awb-margin-bottom-large:20px;--awb-spacing-left-large:1.92%;--awb-width-medium:100%;--awb-order-medium:0;--awb-spacing-right-medium:1.92%;--awb-spacing-left-medium:1.92%;--awb-width-small:100%;--awb-order-small:0;--awb-spacing-right-small:1.92%;--awb-spacing-left-small:1.92%;\"><div class=\"fusion-column-wrapper fusion-column-has-shadow fusion-flex-justify-content-flex-start fusion-content-layout-column\"><div class=\"fusion-title title fusion-title-1 sep-underline sep-solid fusion-title-text fusion-title-size-one\" style=\"--awb-margin-top:20px;--awb-margin-bottom:30px;--awb-margin-top-small:10px;--awb-margin-right-small:0px;--awb-margin-bottom-small:10px;--awb-margin-left-small:0px;--awb-sep-color:#35a085;\"><h1 class=\"fusion-title-heading title-heading-left\" style=\"font-family:&quot;Noto Sans JP&quot;;font-style:normal;font-weight:100;margin:0;\">Alimentos para mascotas<\/h1><\/div><\/div><\/div><div class=\"fusion-layout-column fusion_builder_column fusion-builder-column-1 fusion_builder_column_2_3 2_3 fusion-flex-column\" style=\"--awb-bg-size:cover;--awb-width-large:66.666666666667%;--awb-margin-top-large:0px;--awb-spacing-right-large:2.88%;--awb-margin-bottom-large:20px;--awb-spacing-left-large:2.88%;--awb-width-medium:66.666666666667%;--awb-order-medium:0;--awb-spacing-right-medium:2.88%;--awb-spacing-left-medium:2.88%;--awb-width-small:100%;--awb-order-small:0;--awb-spacing-right-small:1.92%;--awb-spacing-left-small:1.92%;\"><div class=\"fusion-column-wrapper fusion-column-has-shadow fusion-flex-justify-content-flex-start fusion-content-layout-column\"><div class=\"fusion-text fusion-text-1\"><p>Una dieta completa y equilibrada para nuestras mascotas tiene un impacto significativo tanto en la duraci\u00f3n como en la calidad de sus vidas. Adem\u00e1s, las propiedades organol\u00e9pticas de los alimentos para mascotas son un factor importante para hacerlos m\u00e1s atractivos al paladar, asegurando as\u00ed que consuman las cantidades recomendadas.<\/p>\n<p><strong>Quolio\u2122<\/strong> proporciona a nuestras mascotas una fuente de energ\u00eda r\u00e1pida (f\u00e1cil de digerir) y saludable, sin afectar la palatabilidad del alimento.<\/p>\n<p>Existen diversos art\u00edculos cient\u00edficos publicados sobre el estudio de la cognici\u00f3n en perros y gatos, a trav\u00e9s del an\u00e1lisis de procesos mentales relacionados con el aprendizaje, la memoria y la atenci\u00f3n, que concluyen con la siguiente evidencia:<\/p>\n<\/div><\/div><\/div><div class=\"fusion-layout-column fusion_builder_column fusion-builder-column-2 fusion_builder_column_1_3 1_3 fusion-flex-column\" style=\"--awb-bg-size:cover;--awb-width-large:33.333333333333%;--awb-margin-top-large:0px;--awb-spacing-right-large:5.76%;--awb-margin-bottom-large:20px;--awb-spacing-left-large:5.76%;--awb-width-medium:33.333333333333%;--awb-order-medium:0;--awb-spacing-right-medium:5.76%;--awb-spacing-left-medium:5.76%;--awb-width-small:100%;--awb-order-small:0;--awb-spacing-right-small:1.92%;--awb-spacing-left-small:1.92%;\"><div class=\"fusion-column-wrapper fusion-column-has-shadow fusion-flex-justify-content-center fusion-content-layout-column\"><div class=\"fusion-image-element \" style=\"text-align:left;--awb-aspect-ratio: 100 \/ 90;--awb-object-position:100% 56%;--awb-caption-title-font-family:var(--h2_typography-font-family);--awb-caption-title-font-weight:var(--h2_typography-font-weight);--awb-caption-title-font-style:var(--h2_typography-font-style);--awb-caption-title-size:var(--h2_typography-font-size);--awb-caption-title-transform:var(--h2_typography-text-transform);--awb-caption-title-line-height:var(--h2_typography-line-height);--awb-caption-title-letter-spacing:var(--h2_typography-letter-spacing);\"><span class=\" fusion-imageframe imageframe-none imageframe-1 hover-type-none has-aspect-ratio fusion-animated\" data-animationType=\"fadeInDown\" data-animationDuration=\"0.3\" data-animationOffset=\"top-into-view\"><img decoding=\"async\" width=\"500\" height=\"416\" title=\"Pembroke,Welsh,Corgi,Puppy,With,Kitten,Sitting,With,A,Bowl\" src=\"https:\/\/www.iql-nog.com\/wp-content\/uploads\/2021\/03\/Pet-food-500.jpg\" data-orig-src=\"https:\/\/www.iql-nog.com\/wp-content\/uploads\/2021\/03\/Pet-food-500.jpg\" class=\"lazyload img-responsive wp-image-3333 img-with-aspect-ratio\" data-parent-fit=\"cover\" data-parent-container=\".fusion-image-element\" alt srcset=\"data:image\/svg+xml,%3Csvg%20xmlns%3D%27http%3A%2F%2Fwww.w3.org%2F2000%2Fsvg%27%20width%3D%27500%27%20height%3D%27416%27%20viewBox%3D%270%200%20500%20416%27%3E%3Crect%20width%3D%27500%27%20height%3D%27416%27%20fill-opacity%3D%220%22%2F%3E%3C%2Fsvg%3E\" data-srcset=\"https:\/\/www.iql-nog.com\/wp-content\/uploads\/2021\/03\/Pet-food-500-200x166.jpg 200w, https:\/\/www.iql-nog.com\/wp-content\/uploads\/2021\/03\/Pet-food-500-400x333.jpg 400w, https:\/\/www.iql-nog.com\/wp-content\/uploads\/2021\/03\/Pet-food-500.jpg 500w\" data-sizes=\"auto\" data-orig-sizes=\"(max-width: 640px) 100vw, 400px\" \/><\/span><\/div><\/div><\/div><div class=\"fusion-layout-column fusion_builder_column fusion-builder-column-3 fusion_builder_column_1_1 1_1 fusion-flex-column\" style=\"--awb-bg-size:cover;--awb-width-large:100%;--awb-margin-top-large:0px;--awb-spacing-right-large:1.92%;--awb-margin-bottom-large:20px;--awb-spacing-left-large:1.92%;--awb-width-medium:100%;--awb-order-medium:0;--awb-spacing-right-medium:1.92%;--awb-spacing-left-medium:1.92%;--awb-width-small:100%;--awb-order-small:0;--awb-spacing-right-small:1.92%;--awb-spacing-left-small:1.92%;\"><div class=\"fusion-column-wrapper fusion-column-has-shadow fusion-flex-justify-content-flex-start fusion-content-layout-column\"><div class=\"fusion-text fusion-text-2\"><ul>\n<li>Los perros tienen un ciclo circadiano de sue\u00f1o y vigilia similar al de los humanos, con niveles de actividad m\u00e1s altos durante el d\u00eda que en la noche. Los perros mayores mantienen sus ritmos circadianos, aunque presentan una actividad reducida en comparaci\u00f3n con los perros adultos.\n<p class=\"pet-source\">[<em>Zanghi, B. M,, deRivera, C., Araujo, J. &amp; Milgram, N. W. (2008, November). \u201cCircadian sleep\/wake patterns and cognitive performance in adult dogs change with age.\u201d Presented at Society of Neuroscience Conference, Washington, D. C.<\/em>]\n<\/li>\n<\/ul>\n<ul>\n<li>Al igual que las personas mayores, los perros senior son aproximadamente un 50 % menos activos que los perros adultos j\u00f3venes; esto puede disminuir sus necesidades cal\u00f3ricas diarias y aumentar el riesgo de obesidad si no se ajusta su alimentaci\u00f3n.\n<p class=\"pet-source\">[<em>Zanghi, B. M., Kerr, W., de Rivera, C., Araujo, J. A., &amp; Milgram, N. W. (2012). <\/em><em>\u201cEffect of age and feeding schedule on diurnal rest\/activity rhythms in dogs.\u201d Journal of Veterinary Behavior, 7, 339-347. doi: 10.1016\/j.jveb.2012.01.004<\/em>]\n<\/li>\n<\/ul>\n<ul>\n<li>Los perros mayores muestran alteraciones en los patrones de sue\u00f1o nocturno, con m\u00e1s actividad durante la noche y un inicio m\u00e1s temprano de la actividad diurna.\n<p class=\"pet-source\">[<em>Zanghi, B. M., Kerr, W., de Rivera, C., Araujo, J. A., &amp; Milgram, N. W. (2012). <\/em><em>\u201cEffect of age and feeding schedule on diurnal rest\/activity rhythms in dogs.\u201d Journal of Veterinary Behavior, 7, 339-347. doi: 10.1016\/j.jveb.2012.01.004<\/em>];[<em>Zanghi, B. M., Kerr, W., Gierer, J., de Rivera, C., Araujo, J. A., &amp; Milgram, N. W. (2013). \u201cCharacterizing behavioral sleep using actigraphy in adult dogs of various ages fed once or twice daily.\u201d Journal of Veterinary Behavior, 8, 195-203. doi: 10.1016\/j.jveb.2012.10.007<\/em>]\n<\/li>\n<\/ul>\n<ul>\n<li>El aumento de las siestas en perros de 11 a\u00f1os o m\u00e1s puede ser un indicador temprano de p\u00e9rdida de memoria.\n<p class=\"pet-source\">[<em>Zanghi, B. M., Gardner, C., Araujo, J., &amp; Milgram, N. W. (2016). \u201cDiurnal changes in core body temperature, day\/night locomotor activity patterns, and actigraphy-generated behavioral sleep in aged canines with varying levels of cognitive dysfunction.\u201d Neurobiology of Sleep and Circadian Rhythms, 1, 8-18. doi: 10.1016\/j.nbscr.2016.07.001<\/em>]\n<\/li>\n<\/ul>\n<ul>\n<li>El deterioro cognitivo puede estar presente antes de que se observen signos conductuales, lo que resalta la importancia de enfoques preventivos para mitigar los factores de riesgo asociados.\n<p class=\"pet-source\">[<em>Zanghi, B. M., Gardner, C., Araujo, J., &amp; Milgram, N. W. (2016). \u201cDiurnal changes in core body temperature, day\/night locomotor activity patterns, and actigraphy-generated behavioral sleep in aged canines with varying levels of cognitive dysfunction.\u201d Neurobiology of Sleep and Circadian Rhythms, 1, 8-18. doi: 10.1016\/j.nbscr.2016.07.001<\/em>]\n<\/li>\n<\/ul>\n<ul>\n<li>Las \u00e1reas del cerebro responsables de la memoria parecen ser al menos parcialmente independientes de aquellas encargadas del aprendizaje y la atenci\u00f3n; por lo tanto, si un tipo de memoria o aprendizaje se ve afectado, no necesariamente significa que otras funciones lo est\u00e9n de la misma manera.\n<p class=\"pet-source\">[Zanghi, B. M., Araujo, J., &amp; Milgram, N. W. (2015). \u201cCognitive domains in the dog: independence of working memory from object learning, selective attention, and motor learning.\u201d Animal Cognition, 18, 789-800. doi: 10.1007\/s10071-015-0847-3]\n<\/li>\n<\/ul>\n<p>Al igual que en los humanos, diversos estudios han demostrado que los MCT (triglic\u00e9ridos de cadena media) ofrecen una fuente alternativa de energ\u00eda para las c\u00e9lulas cerebrales, adem\u00e1s de presentar una actividad anticonvulsiva directa a trav\u00e9s de sus metabolitos:<\/p>\n<ul>\n<li>Al proporcionar a las neuronas una fuente de energ\u00eda alternativa \u2014como los cuerpos cet\u00f3nicos derivados de la descomposici\u00f3n de los MCT\u2014, se puede ayudar a mitigar el hipometabolismo de glucosa.<\/li>\n<\/ul>\n<ul>\n<li>Un suplemento con aceite MCT puede mejorar el rendimiento cognitivo en perros con deterioro cognitivo asociado a la edad, promoviendo la memoria, la atenci\u00f3n y la capacidad de aprendizaje en tan solo 30 d\u00edas.[<em style=\"font-size: 12px; text-align: justify; background-color: rgba(0, 0, 0, 0);\">Pan, Y., Larson, B., Araujo, J. A., Lau, W., de Rivera, C., Santana, R., Gore, A., &amp; Milgram, N. W. (2010). <\/em><em style=\"font-size: 12px; text-align: justify; background-color: rgba(0, 0, 0, 0);\">\u201cDietary supplementation with medium-chain TAG has long-lasting cognition-enhancing effects in aged dogs.\u201d British Journal of Nutrition, 103, 1746-1754. doi: 10.1017\/S0007114510000097<\/em><span style=\"font-size: 12px; text-align: justify; background-color: rgba(0, 0, 0, 0);\">]<\/span><\/li>\n<\/ul>\n<ul>\n<li>Los perros con s\u00edndrome de disfunci\u00f3n cognitiva (CDS), independientemente de la gravedad, se benefician de una dieta que contenga una mezcla espec\u00edfica de aceite MCT, \u00e1cidos grasos omega-3, vitaminas del grupo B, antioxidantes y arginina. Los signos de mejora pueden observarse en los primeros 30 d\u00edas de alimentaci\u00f3n, y los resultados contin\u00faan mejorando hasta los 90 d\u00edas.<\/li>\n<\/ul>\n<ul>\n<li>Al alimentar a perros con CDS con esta mezcla espec\u00edfica de MCT, se observan mejoras significativas en 5 de las 6 categor\u00edas del sistema DISHAA (Desorientaci\u00f3n, Interacciones Sociales, Ciclos de Sue\u00f1o\/Vigilia, Eliminaci\u00f3n, Actividad y Ansiedad) en solo 30 d\u00edas, y en las 6 categor\u00edas a los 90 d\u00edas.[<em style=\"font-size: 12px; text-align: justify; background-color: rgba(0, 0, 0, 0);\">Pan, Y., Landsberg, G., Mougeot, I., Kelly, S., Xu, H., Bhatnagar, S., Migram, N.W. (2017). \u201cEfficacy of a therapeutic diet in dogs with signs of cognitive dysfunction syndrome (CDS): a prospective, double blinded, placebo-controlled clinical study.\u201d Abstract N10: 2017 American College of Veterinary Internal Medicine (ACVIM) forum. Available at https:\/\/onlinelibrary.wiley.com\/doi\/epdf\/10.1111\/jvim.14778<\/em><span style=\"font-size: 12px; text-align: justify; background-color: rgba(0, 0, 0, 0);\">]<\/span><\/li>\n<\/ul>\n<ul>\n<li>M\u00e1s de dos tercios (71\u202f%) de los perros con epilepsia idiop\u00e1tica refractaria mostraron una reducci\u00f3n general en la frecuencia de las convulsiones cuando fueron alimentados con una dieta completa y equilibrada suplementada con MCT, y casi la mitad de ellos logr\u00f3 una reducci\u00f3n del 50\u202f% o m\u00e1s en la frecuencia de las convulsiones. Uno de cada siete perros qued\u00f3 completamente libre de crisis.<\/li>\n<\/ul>\n<ul>\n<li>M\u00e1s de tres cuartas partes (81\u202f%) de los perros con epilepsia idiop\u00e1tica refractaria mostraron una disminuci\u00f3n en el n\u00famero de d\u00edas con convulsiones al mes cuando se les proporcion\u00f3 una dieta suplementada con MCT.<\/li>\n<\/ul>\n<ul>\n<li>Los efectos de la dieta con MCT fueron evidentes desde el primer d\u00eda en algunos casos.<\/li>\n<\/ul>\n<ul>\n<li>Adem\u00e1s, esta dieta no alter\u00f3 de forma significativa las concentraciones plasm\u00e1ticas de fenobarbital ni de bromuro de potasio.<\/li>\n<\/ul>\n<ul>\n<li>En combinaci\u00f3n con medicamentos antiepil\u00e9pticos, la suplementaci\u00f3n diet\u00e9tica con MCT puede ayudar a reducir la frecuencia de las convulsiones en perros con epilepsia idiop\u00e1tica.[<em style=\"font-size: 12px; text-align: justify; background-color: rgba(0, 0, 0, 0);\">Law, T.H., Davies, E.S., Pan, Y., Zanghi, B., Want, E., Volk, H.A. (2015). \u201cA randomised trial of a medium-chain TAG diet as treatment for dogs with idiopathic epilepsy.\u201d British Journal of Nutrition, 114, 1438\u20131447. doi: 10.1017\/ S000711451500313X Erratum in: British Journal of Nutrition, 2016; 115:1696.<\/em><span style=\"font-size: 12px; text-align: justify; background-color: rgba(0, 0, 0, 0);\">]<\/span><\/li>\n<\/ul>\n<ul>\n<li>Los perros con epilepsia idiop\u00e1tica tambi\u00e9n pueden mostrar comportamientos similares al TDAH (Trastorno por D\u00e9ficit de Atenci\u00f3n con Hiperactividad), caracterizados principalmente por una alta excitabilidad y conductas de persecuci\u00f3n, lo que se traduce en bajos niveles de entrenabilidad.<\/li>\n<\/ul>\n<ul>\n<li>La alimentaci\u00f3n de perros epil\u00e9pticos con una dieta completa y equilibrada que contenga un 5,5\u202f% de aceite MCT redujo dos de estos comportamientos similares al TDAH: la conducta de persecuci\u00f3n y el miedo relacionado con extra\u00f1os.[<em style=\"font-size: 12px; text-align: justify; background-color: rgba(0, 0, 0, 0);\">Packer, R. M. A., Law, T.H., Davies, E., Zanghi, B. M., Pan, Y., &amp; Volk., H. A. (2016). \u201cEffects of a ketogenic diet on ADHDlike behavior in dogs with idiopathic epilepsy.\u201d Epilepsy &amp; Behavior, 55, 62-68. doi: 10.1016\/j.yebeh.2015.11.014<\/em><span style=\"font-size: 12px; text-align: justify; background-color: rgba(0, 0, 0, 0);\">]<\/span><\/li>\n<\/ul>\n<p><b>Quolio\u2122 <\/b>cumple con los m\u00e1s altos est\u00e1ndares de calidad y ofrece beneficios para la salud altamente valiosos, lo que lo convierte en un ingrediente ideal para desarrollar una amplia gama de f\u00f3rmulas veterinarias espec\u00edficas seg\u00fan la raza, nivel de actividad, edad y\/o patolog\u00edas.<\/p>\n<\/div><\/div><\/div><\/div><\/div>\n","protected":false},"excerpt":{"rendered":"","protected":false},"author":1,"featured_media":0,"parent":3701,"menu_order":0,"comment_status":"closed","ping_status":"closed","template":"","meta":{"inline_featured_image":false,"footnotes":""},"class_list":["post-3719","page","type-page","status-publish","hentry"],"yoast_head":"<!-- This site is optimized with the Yoast SEO plugin v27.3 - https:\/\/yoast.com\/product\/yoast-seo-wordpress\/ -->\n<title>Alimentos para mascotas - IQL<\/title>\n<meta name=\"robots\" content=\"index, follow, max-snippet:-1, max-image-preview:large, max-video-preview:-1\" \/>\n<link rel=\"canonical\" href=\"https:\/\/www.iql-nog.com\/es\/productos-y-mercados\/alimentacion-humana-y-animal\/alimentos-para-mascotas\/\" \/>\n<meta property=\"og:locale\" content=\"es_ES\" \/>\n<meta property=\"og:type\" content=\"article\" \/>\n<meta property=\"og:title\" content=\"Alimentos para mascotas - IQL\" \/>\n<meta property=\"og:url\" content=\"https:\/\/www.iql-nog.com\/es\/productos-y-mercados\/alimentacion-humana-y-animal\/alimentos-para-mascotas\/\" \/>\n<meta property=\"og:site_name\" content=\"IQL\" \/>\n<meta property=\"article:modified_time\" content=\"2025-08-08T11:47:21+00:00\" \/>\n<meta name=\"twitter:card\" content=\"summary_large_image\" \/>\n<meta name=\"twitter:label1\" content=\"Tiempo de lectura\" \/>\n\t<meta name=\"twitter:data1\" content=\"5 minutos\" \/>\n<script type=\"application\/ld+json\" class=\"yoast-schema-graph\">{\"@context\":\"https:\\\/\\\/schema.org\",\"@graph\":[{\"@type\":\"WebPage\",\"@id\":\"https:\\\/\\\/www.iql-nog.com\\\/es\\\/productos-y-mercados\\\/alimentacion-humana-y-animal\\\/alimentos-para-mascotas\\\/\",\"url\":\"https:\\\/\\\/www.iql-nog.com\\\/es\\\/productos-y-mercados\\\/alimentacion-humana-y-animal\\\/alimentos-para-mascotas\\\/\",\"name\":\"Alimentos para mascotas - IQL\",\"isPartOf\":{\"@id\":\"https:\\\/\\\/www.iql-nog.com\\\/es\\\/#website\"},\"datePublished\":\"2021-01-14T22:25:48+00:00\",\"dateModified\":\"2025-08-08T11:47:21+00:00\",\"breadcrumb\":{\"@id\":\"https:\\\/\\\/www.iql-nog.com\\\/es\\\/productos-y-mercados\\\/alimentacion-humana-y-animal\\\/alimentos-para-mascotas\\\/#breadcrumb\"},\"inLanguage\":\"es\",\"potentialAction\":[{\"@type\":\"ReadAction\",\"target\":[\"https:\\\/\\\/www.iql-nog.com\\\/es\\\/productos-y-mercados\\\/alimentacion-humana-y-animal\\\/alimentos-para-mascotas\\\/\"]}]},{\"@type\":\"BreadcrumbList\",\"@id\":\"https:\\\/\\\/www.iql-nog.com\\\/es\\\/productos-y-mercados\\\/alimentacion-humana-y-animal\\\/alimentos-para-mascotas\\\/#breadcrumb\",\"itemListElement\":[{\"@type\":\"ListItem\",\"position\":1,\"name\":\"Portada\",\"item\":\"https:\\\/\\\/www.iql-nog.com\\\/es\\\/\"},{\"@type\":\"ListItem\",\"position\":2,\"name\":\"Productos y Mercados\",\"item\":\"https:\\\/\\\/www.iql-nog.com\\\/es\\\/productos-y-mercados\\\/\"},{\"@type\":\"ListItem\",\"position\":3,\"name\":\"Alimentaci\u00f3n Humana y Animal\",\"item\":\"https:\\\/\\\/www.iql-nog.com\\\/es\\\/productos-y-mercados\\\/alimentacion-humana-y-animal\\\/\"},{\"@type\":\"ListItem\",\"position\":4,\"name\":\"Alimentos para mascotas\"}]},{\"@type\":\"WebSite\",\"@id\":\"https:\\\/\\\/www.iql-nog.com\\\/es\\\/#website\",\"url\":\"https:\\\/\\\/www.iql-nog.com\\\/es\\\/\",\"name\":\"IQL-NOG\",\"description\":\"Responsible Chemistry\",\"publisher\":{\"@id\":\"https:\\\/\\\/www.iql-nog.com\\\/es\\\/#organization\"},\"potentialAction\":[{\"@type\":\"SearchAction\",\"target\":{\"@type\":\"EntryPoint\",\"urlTemplate\":\"https:\\\/\\\/www.iql-nog.com\\\/es\\\/?s={search_term_string}\"},\"query-input\":{\"@type\":\"PropertyValueSpecification\",\"valueRequired\":true,\"valueName\":\"search_term_string\"}}],\"inLanguage\":\"es\"},{\"@type\":\"Organization\",\"@id\":\"https:\\\/\\\/www.iql-nog.com\\\/es\\\/#organization\",\"name\":\"Industrial Qu\u00edmica Lasem S.A.U.\",\"url\":\"https:\\\/\\\/www.iql-nog.com\\\/es\\\/\",\"logo\":{\"@type\":\"ImageObject\",\"inLanguage\":\"es\",\"@id\":\"https:\\\/\\\/www.iql-nog.com\\\/es\\\/#\\\/schema\\\/logo\\\/image\\\/\",\"url\":\"https:\\\/\\\/www.iql-nog.com\\\/wp-content\\\/uploads\\\/2021\\\/01\\\/logo-footer.svg\",\"contentUrl\":\"https:\\\/\\\/www.iql-nog.com\\\/wp-content\\\/uploads\\\/2021\\\/01\\\/logo-footer.svg\",\"width\":\"1024\",\"height\":\"1024\",\"caption\":\"Industrial Qu\u00edmica Lasem S.A.U.\"},\"image\":{\"@id\":\"https:\\\/\\\/www.iql-nog.com\\\/es\\\/#\\\/schema\\\/logo\\\/image\\\/\"}}]}<\/script>\n<!-- \/ Yoast SEO plugin. -->","yoast_head_json":{"title":"Alimentos para mascotas - IQL","robots":{"index":"index","follow":"follow","max-snippet":"max-snippet:-1","max-image-preview":"max-image-preview:large","max-video-preview":"max-video-preview:-1"},"canonical":"https:\/\/www.iql-nog.com\/es\/productos-y-mercados\/alimentacion-humana-y-animal\/alimentos-para-mascotas\/","og_locale":"es_ES","og_type":"article","og_title":"Alimentos para mascotas - IQL","og_url":"https:\/\/www.iql-nog.com\/es\/productos-y-mercados\/alimentacion-humana-y-animal\/alimentos-para-mascotas\/","og_site_name":"IQL","article_modified_time":"2025-08-08T11:47:21+00:00","twitter_card":"summary_large_image","twitter_misc":{"Tiempo de lectura":"5 minutos"},"schema":{"@context":"https:\/\/schema.org","@graph":[{"@type":"WebPage","@id":"https:\/\/www.iql-nog.com\/es\/productos-y-mercados\/alimentacion-humana-y-animal\/alimentos-para-mascotas\/","url":"https:\/\/www.iql-nog.com\/es\/productos-y-mercados\/alimentacion-humana-y-animal\/alimentos-para-mascotas\/","name":"Alimentos para mascotas - IQL","isPartOf":{"@id":"https:\/\/www.iql-nog.com\/es\/#website"},"datePublished":"2021-01-14T22:25:48+00:00","dateModified":"2025-08-08T11:47:21+00:00","breadcrumb":{"@id":"https:\/\/www.iql-nog.com\/es\/productos-y-mercados\/alimentacion-humana-y-animal\/alimentos-para-mascotas\/#breadcrumb"},"inLanguage":"es","potentialAction":[{"@type":"ReadAction","target":["https:\/\/www.iql-nog.com\/es\/productos-y-mercados\/alimentacion-humana-y-animal\/alimentos-para-mascotas\/"]}]},{"@type":"BreadcrumbList","@id":"https:\/\/www.iql-nog.com\/es\/productos-y-mercados\/alimentacion-humana-y-animal\/alimentos-para-mascotas\/#breadcrumb","itemListElement":[{"@type":"ListItem","position":1,"name":"Portada","item":"https:\/\/www.iql-nog.com\/es\/"},{"@type":"ListItem","position":2,"name":"Productos y Mercados","item":"https:\/\/www.iql-nog.com\/es\/productos-y-mercados\/"},{"@type":"ListItem","position":3,"name":"Alimentaci\u00f3n Humana y Animal","item":"https:\/\/www.iql-nog.com\/es\/productos-y-mercados\/alimentacion-humana-y-animal\/"},{"@type":"ListItem","position":4,"name":"Alimentos para mascotas"}]},{"@type":"WebSite","@id":"https:\/\/www.iql-nog.com\/es\/#website","url":"https:\/\/www.iql-nog.com\/es\/","name":"IQL-NOG","description":"Responsible Chemistry","publisher":{"@id":"https:\/\/www.iql-nog.com\/es\/#organization"},"potentialAction":[{"@type":"SearchAction","target":{"@type":"EntryPoint","urlTemplate":"https:\/\/www.iql-nog.com\/es\/?s={search_term_string}"},"query-input":{"@type":"PropertyValueSpecification","valueRequired":true,"valueName":"search_term_string"}}],"inLanguage":"es"},{"@type":"Organization","@id":"https:\/\/www.iql-nog.com\/es\/#organization","name":"Industrial Qu\u00edmica Lasem S.A.U.","url":"https:\/\/www.iql-nog.com\/es\/","logo":{"@type":"ImageObject","inLanguage":"es","@id":"https:\/\/www.iql-nog.com\/es\/#\/schema\/logo\/image\/","url":"https:\/\/www.iql-nog.com\/wp-content\/uploads\/2021\/01\/logo-footer.svg","contentUrl":"https:\/\/www.iql-nog.com\/wp-content\/uploads\/2021\/01\/logo-footer.svg","width":"1024","height":"1024","caption":"Industrial Qu\u00edmica Lasem S.A.U."},"image":{"@id":"https:\/\/www.iql-nog.com\/es\/#\/schema\/logo\/image\/"}}]}},"_links":{"self":[{"href":"https:\/\/www.iql-nog.com\/es\/wp-json\/wp\/v2\/pages\/3719","targetHints":{"allow":["GET"]}}],"collection":[{"href":"https:\/\/www.iql-nog.com\/es\/wp-json\/wp\/v2\/pages"}],"about":[{"href":"https:\/\/www.iql-nog.com\/es\/wp-json\/wp\/v2\/types\/page"}],"author":[{"embeddable":true,"href":"https:\/\/www.iql-nog.com\/es\/wp-json\/wp\/v2\/users\/1"}],"replies":[{"embeddable":true,"href":"https:\/\/www.iql-nog.com\/es\/wp-json\/wp\/v2\/comments?post=3719"}],"version-history":[{"count":21,"href":"https:\/\/www.iql-nog.com\/es\/wp-json\/wp\/v2\/pages\/3719\/revisions"}],"predecessor-version":[{"id":3951,"href":"https:\/\/www.iql-nog.com\/es\/wp-json\/wp\/v2\/pages\/3719\/revisions\/3951"}],"up":[{"embeddable":true,"href":"https:\/\/www.iql-nog.com\/es\/wp-json\/wp\/v2\/pages\/3701"}],"wp:attachment":[{"href":"https:\/\/www.iql-nog.com\/es\/wp-json\/wp\/v2\/media?parent=3719"}],"curies":[{"name":"wp","href":"https:\/\/api.w.org\/{rel}","templated":true}]}}