{"id":3715,"date":"2021-01-13T23:20:24","date_gmt":"2021-01-13T23:20:24","guid":{"rendered":"https:\/\/www.iql-nog.com\/products-and-markets\/technology-services\/"},"modified":"2025-08-07T17:04:46","modified_gmt":"2025-08-07T17:04:46","slug":"tecnologia-y-servicios","status":"publish","type":"page","link":"https:\/\/www.iql-nog.com\/es\/productos-y-mercados\/tecnologia-y-servicios\/","title":{"rendered":"Tecnolog\u00eda y Servicios"},"content":{"rendered":"<div class=\"fusion-fullwidth fullwidth-box fusion-builder-row-1 fusion-flex-container nonhundred-percent-fullwidth non-hundred-percent-height-scrolling\" style=\"--awb-border-radius-top-left:0px;--awb-border-radius-top-right:0px;--awb-border-radius-bottom-right:0px;--awb-border-radius-bottom-left:0px;--awb-background-color:rgba(248,248,248,0);--awb-flex-wrap:wrap;\" ><div class=\"fusion-builder-row fusion-row fusion-flex-align-items-flex-start fusion-flex-content-wrap\" style=\"max-width:1248px;margin-left: calc(-4% \/ 2 );margin-right: calc(-4% \/ 2 );\"><div class=\"fusion-layout-column fusion_builder_column fusion-builder-column-0 fusion_builder_column_1_1 1_1 fusion-flex-column\" style=\"--awb-bg-size:cover;--awb-width-large:100%;--awb-margin-top-large:0px;--awb-spacing-right-large:1.92%;--awb-margin-bottom-large:20px;--awb-spacing-left-large:1.92%;--awb-width-medium:100%;--awb-order-medium:0;--awb-spacing-right-medium:2.88%;--awb-spacing-left-medium:2.88%;--awb-width-small:100%;--awb-order-small:0;--awb-spacing-right-small:1.92%;--awb-margin-bottom-small:6%;--awb-spacing-left-small:1.92%;\"><div class=\"fusion-column-wrapper fusion-column-has-shadow fusion-flex-justify-content-flex-start fusion-content-layout-column\"><div class=\"fusion-title title fusion-title-1 sep-underline sep-solid fusion-title-text fusion-title-size-one\" style=\"--awb-margin-bottom:30px;--awb-margin-top-small:10px;--awb-margin-right-small:0px;--awb-margin-bottom-small:10px;--awb-margin-left-small:0px;--awb-sep-color:#35a085;\"><h1 class=\"fusion-title-heading title-heading-left\" style=\"font-family:&quot;Noto Sans JP&quot;;font-style:normal;font-weight:100;margin:0;line-height:1.2;\"><span style=\"line-height: 1.8;\">Tecnolog\u00eda y Servicios<\/span><\/h1><\/div><div class=\"fusion-title title fusion-title-2 fusion-sep-none fusion-title-text fusion-title-size-two\" style=\"--awb-margin-top-small:10px;--awb-margin-right-small:0px;--awb-margin-bottom-small:10px;--awb-margin-left-small:0px;\"><h2 class=\"fusion-title-heading title-heading-left\" style=\"margin:0;\"><b>\u00bfPor qu\u00e9 elegir IQL?<\/b><\/h2><\/div><div class=\"fusion-text fusion-text-1\"><p>En <strong>IQL<\/strong>, estamos comprometidos con la excelencia a trav\u00e9s de una calidad constante y un dise\u00f1o de productos flexible. Rechazamos la idea de que una sola soluci\u00f3n sirva para todos. En su lugar, nos enorgullece pensar de forma creativa y aprovechar los \u00faltimos avances en qu\u00edmica org\u00e1nica para desarrollar soluciones innovadoras en cada producto que fabricamos. <span style=\"background-color: rgba(0, 0, 0, 0);\">Con esta mentalidad, ofrecemos con confianza soluciones personalizadas y especializadas que responden a las necesidades \u00fanicas de cada cliente.<\/span><\/p>\n<\/div><div class=\"fusion-content-boxes content-boxes columns row fusion-columns-1 fusion-columns-total-1 fusion-content-boxes-1 content-boxes-icon-on-top content-left technology-molecules\" style=\"--awb-backgroundcolor:rgba(24,97,172,0.35);--awb-item-margin-bottom:20px;--awb-hover-accent-color:#1861ac;--awb-circle-hover-accent-color:#1861ac;\" data-animationOffset=\"top-into-view\"><div style=\"--awb-backgroundcolor:rgba(24,97,172,0.35);\" class=\"fusion-column content-box-column content-box-column content-box-column-1 col-lg-12 col-md-12 col-sm-12 fusion-content-box-hover content-box-column-last content-box-column-last-in-row\"><div class=\"col content-box-wrapper content-wrapper-background link-area-link-icon link-type-text content-icon-wrapper-yes icon-hover-animation-fade fusion-animated\" data-animationType=\"fadeInLeft\" data-animationDuration=\"0.3\" data-animationOffset=\"top-into-view\"><div class=\"heading heading-with-icon icon-left\"><a class=\"heading-link\" href=\"https:\/\/www.iql-nog.com\/es\/productos-y-mercados\/tecnologia-y-servicios\/moleculas\/\" target=\"_self\"><div aria-hidden=\"true\" class=\"image\"><img decoding=\"async\" class=\"lazyload\" src=\"data:image\/svg+xml,%3Csvg%20xmlns%3D%27http%3A%2F%2Fwww.w3.org%2F2000%2Fsvg%27%20width%3D%27950%27%20height%3D%27300%27%20viewBox%3D%270%200%20950%20300%27%3E%3Crect%20width%3D%27950%27%20height%3D%27300%27%20fill-opacity%3D%220%22%2F%3E%3C%2Fsvg%3E\" data-orig-src=\"https:\/\/www.iql-nog.com\/wp-content\/uploads\/2021\/03\/List-of-Molecules950x300.jpg\" width=\"950\" height=\"300\" alt=\"\" \/><\/div><h3 class=\"content-box-heading\" style=\"--h3_typography-font-size:16px;line-height:21px;\">Lista de mol\u00e9culas<\/h3><\/a><\/div><div class=\"fusion-clearfix\"><\/div><div class=\"content-container\">\n<p style=\"font-weight: 400;\">Consulta nuestra lista hist\u00f3rica de mol\u00e9culas sintetizadas y no dudes en contactarnos para saber c\u00f3mo podemos ayudarte con tus necesidades moleculares o aplicaciones espec\u00edficas.<\/p>\n<\/div><div class=\"fusion-clearfix\"><\/div><a class=\" fusion-read-more\" href=\"https:\/\/www.iql-nog.com\/es\/productos-y-mercados\/tecnologia-y-servicios\/moleculas\/\" target=\"_self\"> Echa un vistazo a la lista<\/a><div class=\"fusion-clearfix\"><\/div><\/div><\/div><div class=\"fusion-clearfix\"><\/div><\/div><div class=\"fusion-title title fusion-title-3 fusion-sep-none fusion-title-text fusion-title-size-two\" style=\"--awb-margin-top-small:10px;--awb-margin-right-small:0px;--awb-margin-bottom-small:10px;--awb-margin-left-small:0px;\"><h2 class=\"fusion-title-heading title-heading-left\" style=\"margin:0;\"><b>Capacidades<\/b><\/h2><\/div><div class=\"fusion-text fusion-text-2\"><h3><strong>F\u00e1brica<\/strong><\/h3>\n<p>Desde su fundaci\u00f3n en 1947, IQL ha consolidado una amplia experiencia en la industria, reforzada a\u00fan m\u00e1s por las tecnolog\u00edas avanzadas introducidas por los ingenieros especializados del Grupo Nisshin OilliO desde 2011.<\/p>\n<p>Nuestra planta cuenta con m\u00faltiples reactores por lotes, dise\u00f1ados para adaptarse a una amplia variedad de requisitos de s\u00edntesis. Ya sea mediante procesos por lotes o semicontinuos, cada operaci\u00f3n est\u00e1 cuidadosamente dise\u00f1ada para cumplir con las especificaciones m\u00e1s exigentes, garantizando siempre una calidad y consistencia \u00f3ptimas.<\/p>\n<p>Gracias a la inversi\u00f3n continua en equipos de \u00faltima generaci\u00f3n, las instalaciones de producci\u00f3n de IQL se mantienen a la vanguardia de la innovaci\u00f3n tecnol\u00f3gica, superando constantemente las crecientes exigencias del sector.<\/p>\n<\/div><div class=\"fusion-text fusion-text-3\"><h3><strong>Planta Piloto<\/strong><\/h3>\n<p>Como complemento a las capacidades de s\u00edntesis de nuestro laboratorio de I+D, IQL ha incorporado recientemente una planta piloto capaz de replicar nuestros procesos industriales a menor escala, con una capacidad aproximada de 200 kg.<\/p>\n<p>Esta planta piloto nos permite evaluar la viabilidad t\u00e9cnica de los procesos, optimizar los par\u00e1metros de operaci\u00f3n para la escalabilidad y proporcionar muestras en mayores vol\u00famenes para pruebas de campo con clientes.<\/p>\n<\/div><div class=\"fusion-text fusion-text-4\"><h3><strong>Envasado<\/strong><\/h3>\n<p>Los productos de IQL se envasan en diversos formatos mediante procedimientos rigurosamente dise\u00f1ados para garantizar los m\u00e1s altos est\u00e1ndares de calidad y eliminar cualquier riesgo de contaminaci\u00f3n cruzada.<\/p>\n<p>Las inversiones continuas en sistemas autom\u00e1ticos de envasado minimizan significativamente el margen de error humano, asegurando una entrega del producto constante y fiable.<\/p>\n<p><span style=\"text-align: start; background-color: rgba(0, 0, 0, 0);\"><b>Formatos habituales de envasado de IQL<\/b><\/span><strong>:<\/strong><\/p>\n<\/div><div class=\"fusion-content-boxes content-boxes columns row fusion-columns-3 fusion-columns-total-3 fusion-content-boxes-2 content-boxes-clean-vertical content-left content-boxes-icon-on-top technology-boxes\" style=\"--awb-hover-accent-color:#1861ac;--awb-circle-hover-accent-color:#1861ac;\" data-animationOffset=\"top-into-view\"><div style=\"--awb-backgroundcolor:rgba(255,255,255,0);border-color:rgba(255,255,255,0);\" class=\"fusion-column content-box-column content-box-column content-box-column-1 col-lg-4 col-md-4 col-sm-4 fusion-content-box-hover content-box-column-first-in-row\"><div class=\"col content-box-wrapper content-wrapper link-area-link-icon content-icon-wrapper-yes icon-hover-animation-fade\" data-animationOffset=\"top-into-view\"><div class=\"heading heading-with-icon icon-left\"><div aria-hidden=\"true\" class=\"image\"><img decoding=\"async\" class=\"lazyload\" src=\"data:image\/svg+xml,%3Csvg%20xmlns%3D%27http%3A%2F%2Fwww.w3.org%2F2000%2Fsvg%27%20width%3D%27300%27%20height%3D%27300%27%20viewBox%3D%270%200%20300%20300%27%3E%3Crect%20width%3D%27300%27%20height%3D%27300%27%20fill-opacity%3D%220%22%2F%3E%3C%2Fsvg%3E\" data-orig-src=\"https:\/\/www.iql-nog.com\/wp-content\/uploads\/2021\/03\/65-and-230-L-Drums.png\" width=\"300\" height=\"300\" alt=\"\" \/><\/div><h2 class=\"content-box-heading\" style=\"--h2_typography-font-size:24px;line-height:29px;\">65 and 230 L Drums<\/h2><\/div><\/div><\/div><div style=\"--awb-backgroundcolor:rgba(255,255,255,0);border-color:rgba(255,255,255,0);\" class=\"fusion-column content-box-column content-box-column content-box-column-2 col-lg-4 col-md-4 col-sm-4 fusion-content-box-hover \"><div class=\"col content-box-wrapper content-wrapper link-area-link-icon content-icon-wrapper-yes icon-hover-animation-fade\" data-animationOffset=\"top-into-view\"><div class=\"heading heading-with-icon icon-left\"><div aria-hidden=\"true\" class=\"image\"><img decoding=\"async\" class=\"lazyload\" src=\"data:image\/svg+xml,%3Csvg%20xmlns%3D%27http%3A%2F%2Fwww.w3.org%2F2000%2Fsvg%27%20width%3D%27300%27%20height%3D%27300%27%20viewBox%3D%270%200%20300%20300%27%3E%3Crect%20width%3D%27300%27%20height%3D%27300%27%20fill-opacity%3D%220%22%2F%3E%3C%2Fsvg%3E\" data-orig-src=\"https:\/\/www.iql-nog.com\/wp-content\/uploads\/2021\/03\/100-L-IBC.png\" width=\"300\" height=\"300\" alt=\"\" \/><\/div><h2 class=\"content-box-heading\" style=\"--h2_typography-font-size:24px;line-height:29px;\">1000 L IBC<\/h2><\/div><\/div><\/div><div style=\"--awb-backgroundcolor:rgba(255,255,255,0);border-color:rgba(255,255,255,0);\" class=\"fusion-column content-box-column content-box-column content-box-column-3 col-lg-4 col-md-4 col-sm-4 fusion-content-box-hover content-box-column-last content-box-column-last-in-row\"><div class=\"col content-box-wrapper content-wrapper link-area-link-icon content-icon-wrapper-yes icon-hover-animation-fade\" data-animationOffset=\"top-into-view\"><div class=\"heading heading-with-icon icon-left\"><div aria-hidden=\"true\" class=\"image\"><img decoding=\"async\" class=\"lazyload\" src=\"data:image\/svg+xml,%3Csvg%20xmlns%3D%27http%3A%2F%2Fwww.w3.org%2F2000%2Fsvg%27%20width%3D%27300%27%20height%3D%27300%27%20viewBox%3D%270%200%20300%20300%27%3E%3Crect%20width%3D%27300%27%20height%3D%27300%27%20fill-opacity%3D%220%22%2F%3E%3C%2Fsvg%3E\" data-orig-src=\"https:\/\/www.iql-nog.com\/wp-content\/uploads\/2021\/03\/Bulk.png\" width=\"300\" height=\"300\" alt=\"\" \/><\/div><h2 class=\"content-box-heading\" style=\"--h2_typography-font-size:24px;line-height:29px;\">Bulk<\/h2><\/div><\/div><\/div><div class=\"fusion-clearfix\"><\/div><\/div><\/div><\/div><\/div><\/div>\n","protected":false},"excerpt":{"rendered":"","protected":false},"author":1,"featured_media":0,"parent":3700,"menu_order":0,"comment_status":"closed","ping_status":"closed","template":"","meta":{"inline_featured_image":false,"footnotes":""},"class_list":["post-3715","page","type-page","status-publish","hentry"],"yoast_head":"<!-- This site is optimized with the Yoast SEO plugin v27.3 - https:\/\/yoast.com\/product\/yoast-seo-wordpress\/ -->\n<title>Tecnolog\u00eda y Servicios - IQL<\/title>\n<meta name=\"robots\" content=\"index, follow, max-snippet:-1, max-image-preview:large, max-video-preview:-1\" \/>\n<link rel=\"canonical\" href=\"https:\/\/www.iql-nog.com\/es\/productos-y-mercados\/tecnologia-y-servicios\/\" \/>\n<meta property=\"og:locale\" content=\"es_ES\" \/>\n<meta property=\"og:type\" content=\"article\" \/>\n<meta property=\"og:title\" content=\"Tecnolog\u00eda y Servicios - IQL\" \/>\n<meta property=\"og:url\" content=\"https:\/\/www.iql-nog.com\/es\/productos-y-mercados\/tecnologia-y-servicios\/\" \/>\n<meta property=\"og:site_name\" content=\"IQL\" \/>\n<meta property=\"article:modified_time\" content=\"2025-08-07T17:04:46+00:00\" \/>\n<meta name=\"twitter:card\" content=\"summary_large_image\" \/>\n<meta name=\"twitter:label1\" content=\"Tiempo de lectura\" \/>\n\t<meta name=\"twitter:data1\" content=\"3 minutos\" \/>\n<script type=\"application\/ld+json\" class=\"yoast-schema-graph\">{\"@context\":\"https:\\\/\\\/schema.org\",\"@graph\":[{\"@type\":\"WebPage\",\"@id\":\"https:\\\/\\\/www.iql-nog.com\\\/es\\\/productos-y-mercados\\\/tecnologia-y-servicios\\\/\",\"url\":\"https:\\\/\\\/www.iql-nog.com\\\/es\\\/productos-y-mercados\\\/tecnologia-y-servicios\\\/\",\"name\":\"Tecnolog\u00eda y Servicios - IQL\",\"isPartOf\":{\"@id\":\"https:\\\/\\\/www.iql-nog.com\\\/es\\\/#website\"},\"datePublished\":\"2021-01-13T23:20:24+00:00\",\"dateModified\":\"2025-08-07T17:04:46+00:00\",\"breadcrumb\":{\"@id\":\"https:\\\/\\\/www.iql-nog.com\\\/es\\\/productos-y-mercados\\\/tecnologia-y-servicios\\\/#breadcrumb\"},\"inLanguage\":\"es\",\"potentialAction\":[{\"@type\":\"ReadAction\",\"target\":[\"https:\\\/\\\/www.iql-nog.com\\\/es\\\/productos-y-mercados\\\/tecnologia-y-servicios\\\/\"]}]},{\"@type\":\"BreadcrumbList\",\"@id\":\"https:\\\/\\\/www.iql-nog.com\\\/es\\\/productos-y-mercados\\\/tecnologia-y-servicios\\\/#breadcrumb\",\"itemListElement\":[{\"@type\":\"ListItem\",\"position\":1,\"name\":\"Portada\",\"item\":\"https:\\\/\\\/www.iql-nog.com\\\/es\\\/\"},{\"@type\":\"ListItem\",\"position\":2,\"name\":\"Productos y Mercados\",\"item\":\"https:\\\/\\\/www.iql-nog.com\\\/es\\\/productos-y-mercados\\\/\"},{\"@type\":\"ListItem\",\"position\":3,\"name\":\"Tecnolog\u00eda y Servicios\"}]},{\"@type\":\"WebSite\",\"@id\":\"https:\\\/\\\/www.iql-nog.com\\\/es\\\/#website\",\"url\":\"https:\\\/\\\/www.iql-nog.com\\\/es\\\/\",\"name\":\"IQL-NOG\",\"description\":\"Responsible Chemistry\",\"publisher\":{\"@id\":\"https:\\\/\\\/www.iql-nog.com\\\/es\\\/#organization\"},\"potentialAction\":[{\"@type\":\"SearchAction\",\"target\":{\"@type\":\"EntryPoint\",\"urlTemplate\":\"https:\\\/\\\/www.iql-nog.com\\\/es\\\/?s={search_term_string}\"},\"query-input\":{\"@type\":\"PropertyValueSpecification\",\"valueRequired\":true,\"valueName\":\"search_term_string\"}}],\"inLanguage\":\"es\"},{\"@type\":\"Organization\",\"@id\":\"https:\\\/\\\/www.iql-nog.com\\\/es\\\/#organization\",\"name\":\"Industrial Qu\u00edmica Lasem S.A.U.\",\"url\":\"https:\\\/\\\/www.iql-nog.com\\\/es\\\/\",\"logo\":{\"@type\":\"ImageObject\",\"inLanguage\":\"es\",\"@id\":\"https:\\\/\\\/www.iql-nog.com\\\/es\\\/#\\\/schema\\\/logo\\\/image\\\/\",\"url\":\"https:\\\/\\\/www.iql-nog.com\\\/wp-content\\\/uploads\\\/2021\\\/01\\\/logo-footer.svg\",\"contentUrl\":\"https:\\\/\\\/www.iql-nog.com\\\/wp-content\\\/uploads\\\/2021\\\/01\\\/logo-footer.svg\",\"width\":\"1024\",\"height\":\"1024\",\"caption\":\"Industrial Qu\u00edmica Lasem S.A.U.\"},\"image\":{\"@id\":\"https:\\\/\\\/www.iql-nog.com\\\/es\\\/#\\\/schema\\\/logo\\\/image\\\/\"}}]}<\/script>\n<!-- \/ Yoast SEO plugin. -->","yoast_head_json":{"title":"Tecnolog\u00eda y Servicios - IQL","robots":{"index":"index","follow":"follow","max-snippet":"max-snippet:-1","max-image-preview":"max-image-preview:large","max-video-preview":"max-video-preview:-1"},"canonical":"https:\/\/www.iql-nog.com\/es\/productos-y-mercados\/tecnologia-y-servicios\/","og_locale":"es_ES","og_type":"article","og_title":"Tecnolog\u00eda y Servicios - IQL","og_url":"https:\/\/www.iql-nog.com\/es\/productos-y-mercados\/tecnologia-y-servicios\/","og_site_name":"IQL","article_modified_time":"2025-08-07T17:04:46+00:00","twitter_card":"summary_large_image","twitter_misc":{"Tiempo de lectura":"3 minutos"},"schema":{"@context":"https:\/\/schema.org","@graph":[{"@type":"WebPage","@id":"https:\/\/www.iql-nog.com\/es\/productos-y-mercados\/tecnologia-y-servicios\/","url":"https:\/\/www.iql-nog.com\/es\/productos-y-mercados\/tecnologia-y-servicios\/","name":"Tecnolog\u00eda y Servicios - IQL","isPartOf":{"@id":"https:\/\/www.iql-nog.com\/es\/#website"},"datePublished":"2021-01-13T23:20:24+00:00","dateModified":"2025-08-07T17:04:46+00:00","breadcrumb":{"@id":"https:\/\/www.iql-nog.com\/es\/productos-y-mercados\/tecnologia-y-servicios\/#breadcrumb"},"inLanguage":"es","potentialAction":[{"@type":"ReadAction","target":["https:\/\/www.iql-nog.com\/es\/productos-y-mercados\/tecnologia-y-servicios\/"]}]},{"@type":"BreadcrumbList","@id":"https:\/\/www.iql-nog.com\/es\/productos-y-mercados\/tecnologia-y-servicios\/#breadcrumb","itemListElement":[{"@type":"ListItem","position":1,"name":"Portada","item":"https:\/\/www.iql-nog.com\/es\/"},{"@type":"ListItem","position":2,"name":"Productos y Mercados","item":"https:\/\/www.iql-nog.com\/es\/productos-y-mercados\/"},{"@type":"ListItem","position":3,"name":"Tecnolog\u00eda y Servicios"}]},{"@type":"WebSite","@id":"https:\/\/www.iql-nog.com\/es\/#website","url":"https:\/\/www.iql-nog.com\/es\/","name":"IQL-NOG","description":"Responsible Chemistry","publisher":{"@id":"https:\/\/www.iql-nog.com\/es\/#organization"},"potentialAction":[{"@type":"SearchAction","target":{"@type":"EntryPoint","urlTemplate":"https:\/\/www.iql-nog.com\/es\/?s={search_term_string}"},"query-input":{"@type":"PropertyValueSpecification","valueRequired":true,"valueName":"search_term_string"}}],"inLanguage":"es"},{"@type":"Organization","@id":"https:\/\/www.iql-nog.com\/es\/#organization","name":"Industrial Qu\u00edmica Lasem S.A.U.","url":"https:\/\/www.iql-nog.com\/es\/","logo":{"@type":"ImageObject","inLanguage":"es","@id":"https:\/\/www.iql-nog.com\/es\/#\/schema\/logo\/image\/","url":"https:\/\/www.iql-nog.com\/wp-content\/uploads\/2021\/01\/logo-footer.svg","contentUrl":"https:\/\/www.iql-nog.com\/wp-content\/uploads\/2021\/01\/logo-footer.svg","width":"1024","height":"1024","caption":"Industrial Qu\u00edmica Lasem S.A.U."},"image":{"@id":"https:\/\/www.iql-nog.com\/es\/#\/schema\/logo\/image\/"}}]}},"_links":{"self":[{"href":"https:\/\/www.iql-nog.com\/es\/wp-json\/wp\/v2\/pages\/3715","targetHints":{"allow":["GET"]}}],"collection":[{"href":"https:\/\/www.iql-nog.com\/es\/wp-json\/wp\/v2\/pages"}],"about":[{"href":"https:\/\/www.iql-nog.com\/es\/wp-json\/wp\/v2\/types\/page"}],"author":[{"embeddable":true,"href":"https:\/\/www.iql-nog.com\/es\/wp-json\/wp\/v2\/users\/1"}],"replies":[{"embeddable":true,"href":"https:\/\/www.iql-nog.com\/es\/wp-json\/wp\/v2\/comments?post=3715"}],"version-history":[{"count":4,"href":"https:\/\/www.iql-nog.com\/es\/wp-json\/wp\/v2\/pages\/3715\/revisions"}],"predecessor-version":[{"id":3866,"href":"https:\/\/www.iql-nog.com\/es\/wp-json\/wp\/v2\/pages\/3715\/revisions\/3866"}],"up":[{"embeddable":true,"href":"https:\/\/www.iql-nog.com\/es\/wp-json\/wp\/v2\/pages\/3700"}],"wp:attachment":[{"href":"https:\/\/www.iql-nog.com\/es\/wp-json\/wp\/v2\/media?parent=3715"}],"curies":[{"name":"wp","href":"https:\/\/api.w.org\/{rel}","templated":true}]}}