{"id":3714,"date":"2021-01-13T23:20:11","date_gmt":"2021-01-13T23:20:11","guid":{"rendered":"https:\/\/www.iql-nog.com\/products-and-markets\/pharma-veterinary\/"},"modified":"2025-08-08T06:46:14","modified_gmt":"2025-08-08T06:46:14","slug":"farma-veterinaria","status":"publish","type":"page","link":"https:\/\/www.iql-nog.com\/es\/productos-y-mercados\/farma-veterinaria\/","title":{"rendered":"Farma y Veterinaria"},"content":{"rendered":"<div class=\"fusion-fullwidth fullwidth-box fusion-builder-row-1 fusion-flex-container nonhundred-percent-fullwidth non-hundred-percent-height-scrolling\" style=\"--awb-border-radius-top-left:0px;--awb-border-radius-top-right:0px;--awb-border-radius-bottom-right:0px;--awb-border-radius-bottom-left:0px;--awb-flex-wrap:wrap;\" ><div class=\"fusion-builder-row fusion-row fusion-flex-align-items-flex-start fusion-flex-content-wrap\" style=\"max-width:1248px;margin-left: calc(-4% \/ 2 );margin-right: calc(-4% \/ 2 );\"><div class=\"fusion-layout-column fusion_builder_column fusion-builder-column-0 fusion_builder_column_1_1 1_1 fusion-flex-column\" style=\"--awb-bg-size:cover;--awb-width-large:100%;--awb-margin-top-large:0px;--awb-spacing-right-large:1.92%;--awb-margin-bottom-large:20px;--awb-spacing-left-large:1.92%;--awb-width-medium:100%;--awb-order-medium:0;--awb-spacing-right-medium:1.92%;--awb-spacing-left-medium:1.92%;--awb-width-small:100%;--awb-order-small:0;--awb-spacing-right-small:1.92%;--awb-spacing-left-small:1.92%;\"><div class=\"fusion-column-wrapper fusion-column-has-shadow fusion-flex-justify-content-flex-start fusion-content-layout-column\"><div class=\"fusion-title title fusion-title-1 sep-underline sep-solid fusion-title-text fusion-title-size-one\" style=\"--awb-margin-top:20px;--awb-margin-bottom:30px;--awb-margin-top-small:10px;--awb-margin-right-small:0px;--awb-margin-bottom-small:10px;--awb-margin-left-small:0px;--awb-sep-color:#35a085;\"><h1 class=\"fusion-title-heading title-heading-left\" style=\"font-family:&quot;Noto Sans JP&quot;;font-style:normal;font-weight:100;margin:0;\">Farmacia y Veterinaria<\/h1><\/div><div class=\"fusion-title title fusion-title-2 fusion-sep-none fusion-title-text fusion-title-size-two\" style=\"--awb-margin-top-small:10px;--awb-margin-right-small:0px;--awb-margin-bottom-small:10px;--awb-margin-left-small:0px;\"><h2 class=\"fusion-title-heading title-heading-left\" style=\"margin:0;\"><b>Introducci\u00f3n<\/b><\/h2><\/div><div class=\"fusion-text fusion-text-1\"><p>En nuestra empresa, imaginamos un futuro impulsado por la innovaci\u00f3n y la sostenibilidad. Nuestra planta de producci\u00f3n es altamente adaptable y est\u00e1 equipada con sistemas automatizados de \u00faltima generaci\u00f3n que nos permiten ofrecer productos cient\u00edficos de la m\u00e1s alta calidad.<\/p>\n<p>Estamos comprometidos con la mejora continua. Nuestro equipo experimentado garantiza que todos los procesos cumplan con los est\u00e1ndares internacionales m\u00e1s exigentes. Toda nuestra \u00e1rea de producci\u00f3n est\u00e1 certificada bajo las normas <strong>ISO 14001<\/strong> (Sistema de Gesti\u00f3n Ambiental) e <strong>ISO 9001<\/strong> (Sistema de Gesti\u00f3n de la Calidad). Adem\u00e1s, operamos l\u00edneas de producci\u00f3n certificadas bajo <strong>FSSC 22000<\/strong> y <strong>GMP+<\/strong> para la elaboraci\u00f3n de aceite MCT, asegurando que nuestros productos cumplan con los est\u00e1ndares m\u00e1s altos de la industria.<\/p>\n<p>Nuestro objetivo es brindar un servicio excepcional a nuestros clientes de forma constante. Por eso, esta planta fue dise\u00f1ada y construida para cumplir con los est\u00e1ndares de calidad m\u00e1s estrictos, garantizando la seguridad en toda la cadena de suministro.<\/p>\n<p>Con un fuerte enfoque en minimizar nuestro impacto ambiental, mantenemos una pol\u00edtica de optimizaci\u00f3n continua que asegura que nuestros procesos de fabricaci\u00f3n sean no solo seguros, sino tambi\u00e9n sostenibles.<\/p>\n<\/div><div class=\"fusion-title title fusion-title-3 fusion-sep-none fusion-title-text fusion-title-size-two\" style=\"--awb-margin-top-small:10px;--awb-margin-right-small:0px;--awb-margin-bottom-small:10px;--awb-margin-left-small:0px;\"><h2 class=\"fusion-title-heading title-heading-left\" style=\"margin:0;\"><b>Productos<\/b><\/h2><\/div><div class=\"fusion-text fusion-text-2\"><p><span style=\"text-align: start; background-color: rgba(0, 0, 0, 0);\"><b>\u00c9STERES EMOLIENTES<\/b><\/span><strong><br \/>\n<\/strong>Los \u00e9steres emolientes <b>Waglinol<\/b> son adecuados para la formulaci\u00f3n de cremas, lociones y ung\u00fcentos. Los \u00e9steres l\u00edquidos son especialmente \u00fatiles como veh\u00edculos de liberaci\u00f3n para activos lipof\u00edlicos, mientras que los \u00e9steres cerosos s\u00f3lidos se utilizan como excipientes en el llenado de c\u00e1psulas, y tambi\u00e9n act\u00faan como agentes de recubrimiento superficial y aglutinantes en comprimidos.<\/p>\n<\/div>\n<div class=\"table-1\">\n<table>\n<thead>\n<tr>\n<th align=\"left\" width=\"15%\"><\/th>\n<th align=\"left\" width=\"30%\"><strong>Descripci\u00f3n qu\u00edmica seg\u00fan PhEur<\/strong><\/th>\n<th align=\"left\" width=\"50%\"><strong>Aplicaci\u00f3n y caracter\u00edsticas<\/strong><\/th>\n<\/tr>\n<\/thead>\n<tbody>\n<tr>\n<td align=\"left\">Waglinol 2\/7680<\/td>\n<td align=\"left\">Propylene Glycol Dicaprylocaprate<\/td>\n<td align=\"left\">Aceite neutro, estable y de baja viscosidad. Uso d\u00e9rmico.<\/td>\n<\/tr>\n<tr>\n<td align=\"left\">Waglinol 3\/9280<\/td>\n<td align=\"left\">Triglic\u00e9ridos de cadena media<\/td>\n<td align=\"left\">Aceite neutro y estable. Solubilizante y veh\u00edculo para activos liposolubles. Excipiente en c\u00e1psulas y comprimidos. Lubricante para c\u00e1psulas de gelatina y comprimidos.<\/td>\n<\/tr>\n<tr>\n<td align=\"left\">Waglinol 23016<\/td>\n<td align=\"left\">Cetyl Palmitate 15<\/td>\n<td align=\"left\">\u00c9ster ceroso neutro y estable. Sustituto del espermaceti natural. Agente de consistencia en cremas y recubrimientos de liberaci\u00f3n prolongada.<br \/>\nPunto de fusi\u00f3n: 49\u202f\u00b0C.<\/td>\n<\/tr>\n<tr>\n<td align=\"left\">Waglinol CP 65<\/td>\n<td align=\"left\">Cetyl Palmitate 65<\/td>\n<td align=\"left\">\u00c9ster ceroso neutro y estable. Sustituto del espermaceti natural. Agente de consistencia en cremas y recubrimientos de liberaci\u00f3n prolongada.<br \/>\nPunto de fusi\u00f3n: 54\u202f\u00b0C.<\/td>\n<\/tr>\n<tr>\n<td align=\"left\">Waglinol 24216<\/td>\n<td align=\"left\">Cetyl Palmitate 95<\/td>\n<td align=\"left\">\u00c9ster ceroso neutro y estable. Sustituto del espermaceti natural. Agente de consistencia en cremas y recubrimientos de liberaci\u00f3n prolongada.<br \/>\nPunto de fusi\u00f3n: 53\u202f\u00b0C.<\/td>\n<\/tr>\n<tr>\n<td align=\"left\">Waglinol 2559 PH<\/td>\n<td align=\"left\">Cetostearyl Isononanoate<\/td>\n<td align=\"left\">Cera l\u00edquida neutra, estable, con textura rica. Excelente emoliente.<\/td>\n<\/tr>\n<tr>\n<td align=\"left\">Weichol 158 N<\/td>\n<td align=\"left\">Decyl Oleate<\/td>\n<td align=\"left\">Emoliente neutro y estable. Permite una r\u00e1pida y eficaz liberaci\u00f3n de activos en la piel.<\/td>\n<\/tr>\n<\/tbody>\n<\/table>\n<\/div>\n<\/div><\/div><div class=\"fusion-layout-column fusion_builder_column fusion-builder-column-1 fusion_builder_column_1_1 1_1 fusion-flex-column\" style=\"--awb-bg-size:cover;--awb-width-large:100%;--awb-margin-top-large:0px;--awb-spacing-right-large:1.92%;--awb-margin-bottom-large:20px;--awb-spacing-left-large:1.92%;--awb-width-medium:100%;--awb-order-medium:0;--awb-spacing-right-medium:1.92%;--awb-spacing-left-medium:1.92%;--awb-width-small:100%;--awb-order-small:0;--awb-spacing-right-small:1.92%;--awb-spacing-left-small:1.92%;\"><div class=\"fusion-column-wrapper fusion-column-has-shadow fusion-flex-justify-content-flex-start fusion-content-layout-column\"><div class=\"fusion-text fusion-text-3\"><p><strong>\u00c9STERES DE POLIOL<\/strong><br \/>Sus propiedades incluyen emulsificaci\u00f3n, estabilizaci\u00f3n de emulsiones, solubilizaci\u00f3n y actividad coadyuvante.<\/p>\n<\/div>\n<div class=\"table-1\">\n<table>\n<thead>\n<tr>\n<th align=\"left\" width=\"13%\"><\/th>\n<th align=\"left\" width=\"25%\"><strong>Descripci\u00f3n qu\u00edmica seg\u00fan PhEur<\/strong><\/th>\n<th align=\"left\"><strong>HLB<\/strong><\/th>\n<th align=\"left\"><strong>Aplicaci\u00f3n y caracter\u00edsticas<\/strong><\/th>\n<\/tr>\n<\/thead>\n<tbody>\n<tr>\n<td align=\"left\">Weichol 92 N<\/td>\n<td align=\"left\">Glicerol Monooleato 40<\/td>\n<td align=\"left\">3<\/td>\n<td align=\"left\">Facilita la liberaci\u00f3n controlada del f\u00e1rmaco y mejora la biodisponibilidad del principio activo. Potenciador de la penetraci\u00f3n a trav\u00e9s de membranas.<\/td>\n<\/tr>\n<tr>\n<td align=\"left\">Lasemul 92 N 40 PH<\/td>\n<td align=\"left\">Glicerol Monostearato 40\u201355 (tipo 1)<\/td>\n<td align=\"left\">3.4<\/td>\n<td align=\"left\">Puede emplearse como agente de consistencia y coemulsionante.<\/td>\n<\/tr>\n<tr>\n<td align=\"left\">Lasemul 400 F<\/td>\n<td align=\"left\">Macrogol Estearato tipo I 8\u20139<\/td>\n<td align=\"left\">11.6<\/td>\n<td align=\"left\">Utilizado como solubilizante, agente dispersante, lubricante, estabilizador de emulsiones, as\u00ed como para aportar viscosidad y consistencia.<\/td>\n<\/tr>\n<\/tbody>\n<\/table>\n<\/div>\n<\/div><\/div><\/div><\/div>\n","protected":false},"excerpt":{"rendered":"","protected":false},"author":1,"featured_media":0,"parent":3700,"menu_order":0,"comment_status":"closed","ping_status":"closed","template":"","meta":{"inline_featured_image":false,"footnotes":""},"class_list":["post-3714","page","type-page","status-publish","hentry"],"yoast_head":"<!-- This site is optimized with the Yoast SEO plugin v27.3 - https:\/\/yoast.com\/product\/yoast-seo-wordpress\/ -->\n<title>Farma y Veterinaria - IQL<\/title>\n<meta name=\"robots\" content=\"index, follow, max-snippet:-1, max-image-preview:large, max-video-preview:-1\" \/>\n<link rel=\"canonical\" href=\"https:\/\/www.iql-nog.com\/es\/productos-y-mercados\/farma-veterinaria\/\" \/>\n<meta property=\"og:locale\" content=\"es_ES\" \/>\n<meta property=\"og:type\" content=\"article\" \/>\n<meta property=\"og:title\" content=\"Farma y Veterinaria - IQL\" \/>\n<meta property=\"og:url\" content=\"https:\/\/www.iql-nog.com\/es\/productos-y-mercados\/farma-veterinaria\/\" \/>\n<meta property=\"og:site_name\" content=\"IQL\" \/>\n<meta property=\"article:modified_time\" content=\"2025-08-08T06:46:14+00:00\" \/>\n<meta name=\"twitter:card\" content=\"summary_large_image\" \/>\n<meta name=\"twitter:label1\" content=\"Tiempo de lectura\" \/>\n\t<meta name=\"twitter:data1\" content=\"2 minutos\" \/>\n<script type=\"application\/ld+json\" class=\"yoast-schema-graph\">{\"@context\":\"https:\\\/\\\/schema.org\",\"@graph\":[{\"@type\":\"WebPage\",\"@id\":\"https:\\\/\\\/www.iql-nog.com\\\/es\\\/productos-y-mercados\\\/farma-veterinaria\\\/\",\"url\":\"https:\\\/\\\/www.iql-nog.com\\\/es\\\/productos-y-mercados\\\/farma-veterinaria\\\/\",\"name\":\"Farma y Veterinaria - IQL\",\"isPartOf\":{\"@id\":\"https:\\\/\\\/www.iql-nog.com\\\/es\\\/#website\"},\"datePublished\":\"2021-01-13T23:20:11+00:00\",\"dateModified\":\"2025-08-08T06:46:14+00:00\",\"breadcrumb\":{\"@id\":\"https:\\\/\\\/www.iql-nog.com\\\/es\\\/productos-y-mercados\\\/farma-veterinaria\\\/#breadcrumb\"},\"inLanguage\":\"es\",\"potentialAction\":[{\"@type\":\"ReadAction\",\"target\":[\"https:\\\/\\\/www.iql-nog.com\\\/es\\\/productos-y-mercados\\\/farma-veterinaria\\\/\"]}]},{\"@type\":\"BreadcrumbList\",\"@id\":\"https:\\\/\\\/www.iql-nog.com\\\/es\\\/productos-y-mercados\\\/farma-veterinaria\\\/#breadcrumb\",\"itemListElement\":[{\"@type\":\"ListItem\",\"position\":1,\"name\":\"Portada\",\"item\":\"https:\\\/\\\/www.iql-nog.com\\\/es\\\/\"},{\"@type\":\"ListItem\",\"position\":2,\"name\":\"Productos y Mercados\",\"item\":\"https:\\\/\\\/www.iql-nog.com\\\/es\\\/productos-y-mercados\\\/\"},{\"@type\":\"ListItem\",\"position\":3,\"name\":\"Farma y Veterinaria\"}]},{\"@type\":\"WebSite\",\"@id\":\"https:\\\/\\\/www.iql-nog.com\\\/es\\\/#website\",\"url\":\"https:\\\/\\\/www.iql-nog.com\\\/es\\\/\",\"name\":\"IQL-NOG\",\"description\":\"Responsible Chemistry\",\"publisher\":{\"@id\":\"https:\\\/\\\/www.iql-nog.com\\\/es\\\/#organization\"},\"potentialAction\":[{\"@type\":\"SearchAction\",\"target\":{\"@type\":\"EntryPoint\",\"urlTemplate\":\"https:\\\/\\\/www.iql-nog.com\\\/es\\\/?s={search_term_string}\"},\"query-input\":{\"@type\":\"PropertyValueSpecification\",\"valueRequired\":true,\"valueName\":\"search_term_string\"}}],\"inLanguage\":\"es\"},{\"@type\":\"Organization\",\"@id\":\"https:\\\/\\\/www.iql-nog.com\\\/es\\\/#organization\",\"name\":\"Industrial Qu\u00edmica Lasem S.A.U.\",\"url\":\"https:\\\/\\\/www.iql-nog.com\\\/es\\\/\",\"logo\":{\"@type\":\"ImageObject\",\"inLanguage\":\"es\",\"@id\":\"https:\\\/\\\/www.iql-nog.com\\\/es\\\/#\\\/schema\\\/logo\\\/image\\\/\",\"url\":\"https:\\\/\\\/www.iql-nog.com\\\/wp-content\\\/uploads\\\/2021\\\/01\\\/logo-footer.svg\",\"contentUrl\":\"https:\\\/\\\/www.iql-nog.com\\\/wp-content\\\/uploads\\\/2021\\\/01\\\/logo-footer.svg\",\"width\":\"1024\",\"height\":\"1024\",\"caption\":\"Industrial Qu\u00edmica Lasem S.A.U.\"},\"image\":{\"@id\":\"https:\\\/\\\/www.iql-nog.com\\\/es\\\/#\\\/schema\\\/logo\\\/image\\\/\"}}]}<\/script>\n<!-- \/ Yoast SEO plugin. -->","yoast_head_json":{"title":"Farma y Veterinaria - IQL","robots":{"index":"index","follow":"follow","max-snippet":"max-snippet:-1","max-image-preview":"max-image-preview:large","max-video-preview":"max-video-preview:-1"},"canonical":"https:\/\/www.iql-nog.com\/es\/productos-y-mercados\/farma-veterinaria\/","og_locale":"es_ES","og_type":"article","og_title":"Farma y Veterinaria - IQL","og_url":"https:\/\/www.iql-nog.com\/es\/productos-y-mercados\/farma-veterinaria\/","og_site_name":"IQL","article_modified_time":"2025-08-08T06:46:14+00:00","twitter_card":"summary_large_image","twitter_misc":{"Tiempo de lectura":"2 minutos"},"schema":{"@context":"https:\/\/schema.org","@graph":[{"@type":"WebPage","@id":"https:\/\/www.iql-nog.com\/es\/productos-y-mercados\/farma-veterinaria\/","url":"https:\/\/www.iql-nog.com\/es\/productos-y-mercados\/farma-veterinaria\/","name":"Farma y Veterinaria - IQL","isPartOf":{"@id":"https:\/\/www.iql-nog.com\/es\/#website"},"datePublished":"2021-01-13T23:20:11+00:00","dateModified":"2025-08-08T06:46:14+00:00","breadcrumb":{"@id":"https:\/\/www.iql-nog.com\/es\/productos-y-mercados\/farma-veterinaria\/#breadcrumb"},"inLanguage":"es","potentialAction":[{"@type":"ReadAction","target":["https:\/\/www.iql-nog.com\/es\/productos-y-mercados\/farma-veterinaria\/"]}]},{"@type":"BreadcrumbList","@id":"https:\/\/www.iql-nog.com\/es\/productos-y-mercados\/farma-veterinaria\/#breadcrumb","itemListElement":[{"@type":"ListItem","position":1,"name":"Portada","item":"https:\/\/www.iql-nog.com\/es\/"},{"@type":"ListItem","position":2,"name":"Productos y Mercados","item":"https:\/\/www.iql-nog.com\/es\/productos-y-mercados\/"},{"@type":"ListItem","position":3,"name":"Farma y Veterinaria"}]},{"@type":"WebSite","@id":"https:\/\/www.iql-nog.com\/es\/#website","url":"https:\/\/www.iql-nog.com\/es\/","name":"IQL-NOG","description":"Responsible Chemistry","publisher":{"@id":"https:\/\/www.iql-nog.com\/es\/#organization"},"potentialAction":[{"@type":"SearchAction","target":{"@type":"EntryPoint","urlTemplate":"https:\/\/www.iql-nog.com\/es\/?s={search_term_string}"},"query-input":{"@type":"PropertyValueSpecification","valueRequired":true,"valueName":"search_term_string"}}],"inLanguage":"es"},{"@type":"Organization","@id":"https:\/\/www.iql-nog.com\/es\/#organization","name":"Industrial Qu\u00edmica Lasem S.A.U.","url":"https:\/\/www.iql-nog.com\/es\/","logo":{"@type":"ImageObject","inLanguage":"es","@id":"https:\/\/www.iql-nog.com\/es\/#\/schema\/logo\/image\/","url":"https:\/\/www.iql-nog.com\/wp-content\/uploads\/2021\/01\/logo-footer.svg","contentUrl":"https:\/\/www.iql-nog.com\/wp-content\/uploads\/2021\/01\/logo-footer.svg","width":"1024","height":"1024","caption":"Industrial Qu\u00edmica Lasem S.A.U."},"image":{"@id":"https:\/\/www.iql-nog.com\/es\/#\/schema\/logo\/image\/"}}]}},"_links":{"self":[{"href":"https:\/\/www.iql-nog.com\/es\/wp-json\/wp\/v2\/pages\/3714","targetHints":{"allow":["GET"]}}],"collection":[{"href":"https:\/\/www.iql-nog.com\/es\/wp-json\/wp\/v2\/pages"}],"about":[{"href":"https:\/\/www.iql-nog.com\/es\/wp-json\/wp\/v2\/types\/page"}],"author":[{"embeddable":true,"href":"https:\/\/www.iql-nog.com\/es\/wp-json\/wp\/v2\/users\/1"}],"replies":[{"embeddable":true,"href":"https:\/\/www.iql-nog.com\/es\/wp-json\/wp\/v2\/comments?post=3714"}],"version-history":[{"count":14,"href":"https:\/\/www.iql-nog.com\/es\/wp-json\/wp\/v2\/pages\/3714\/revisions"}],"predecessor-version":[{"id":3917,"href":"https:\/\/www.iql-nog.com\/es\/wp-json\/wp\/v2\/pages\/3714\/revisions\/3917"}],"up":[{"embeddable":true,"href":"https:\/\/www.iql-nog.com\/es\/wp-json\/wp\/v2\/pages\/3700"}],"wp:attachment":[{"href":"https:\/\/www.iql-nog.com\/es\/wp-json\/wp\/v2\/media?parent=3714"}],"curies":[{"name":"wp","href":"https:\/\/api.w.org\/{rel}","templated":true}]}}