{"id":3709,"date":"2021-01-14T22:25:27","date_gmt":"2021-01-14T22:25:27","guid":{"rendered":"https:\/\/www.iql-nog.com\/products-and-markets\/food-feed\/nutritional-component\/"},"modified":"2025-08-07T16:59:45","modified_gmt":"2025-08-07T16:59:45","slug":"componente-nutricional","status":"publish","type":"page","link":"https:\/\/www.iql-nog.com\/es\/productos-y-mercados\/alimentacion-humana-y-animal\/componente-nutricional\/","title":{"rendered":"Componente nutricional"},"content":{"rendered":"<div class=\"fusion-fullwidth fullwidth-box fusion-builder-row-1 fusion-flex-container nonhundred-percent-fullwidth non-hundred-percent-height-scrolling\" style=\"--awb-border-radius-top-left:0px;--awb-border-radius-top-right:0px;--awb-border-radius-bottom-right:0px;--awb-border-radius-bottom-left:0px;--awb-padding-bottom:0px;--awb-flex-wrap:wrap;\" ><div class=\"fusion-builder-row fusion-row fusion-flex-align-items-flex-start fusion-flex-content-wrap\" style=\"max-width:1248px;margin-left: calc(-4% \/ 2 );margin-right: calc(-4% \/ 2 );\"><div class=\"fusion-layout-column fusion_builder_column fusion-builder-column-0 fusion_builder_column_1_1 1_1 fusion-flex-column\" style=\"--awb-bg-size:cover;--awb-width-large:100%;--awb-margin-top-large:0px;--awb-spacing-right-large:1.92%;--awb-margin-bottom-large:20px;--awb-spacing-left-large:1.92%;--awb-width-medium:100%;--awb-order-medium:0;--awb-spacing-right-medium:1.92%;--awb-spacing-left-medium:1.92%;--awb-width-small:100%;--awb-order-small:0;--awb-spacing-right-small:1.92%;--awb-spacing-left-small:1.92%;\"><div class=\"fusion-column-wrapper fusion-column-has-shadow fusion-flex-justify-content-flex-start fusion-content-layout-column\"><div class=\"fusion-title title fusion-title-1 sep-underline sep-solid fusion-title-text fusion-title-size-one\" style=\"--awb-margin-top:20px;--awb-margin-bottom:30px;--awb-margin-top-small:10px;--awb-margin-right-small:0px;--awb-margin-bottom-small:10px;--awb-margin-left-small:0px;--awb-sep-color:#35a085;\"><h1 class=\"fusion-title-heading title-heading-left\" style=\"font-family:&quot;Noto Sans JP&quot;;font-style:normal;font-weight:100;margin:0;\">Componente nutricional<\/h1><\/div><div class=\"fusion-text fusion-text-1\"><p>Las propiedades metab\u00f3licas y funcionales \u00fanicas de <strong>Quolio\u2122<\/strong>, derivadas de su estructura qu\u00edmica, hacen que este producto sea un complemento nutricional ideal para alimentos saludables, nutrici\u00f3n adulta y pedi\u00e1trica, sustitutos de comida, nutrici\u00f3n deportiva, dietas equilibradas y alimentos bajos en calor\u00edas.<\/p>\n<p>Gracias a su peque\u00f1o tama\u00f1o molecular, <strong>Quolio\u2122<\/strong> se digiere mucho m\u00e1s r\u00e1pido que otros triglic\u00e9ridos de cadena larga; tras su absorci\u00f3n, pasa directamente al torrente sangu\u00edneo y es transportado al h\u00edgado.<\/p>\n<p>Esta v\u00eda metab\u00f3lica permite que <strong>Quolio\u2122<\/strong> funcione como una fuente de energ\u00eda inmediata, disponible r\u00e1pidamente y sin acumularse en forma de grasa en los tejidos del cuerpo<\/p>\n<\/div>\n<div class=\"table-1\">\n<table width=\"100%\">\n<thead>\n<tr>\n<th style=\"text-align: center;\" colspan=\"2\" align=\"left\">Nutritional Information*<\/th>\n<\/tr>\n<\/thead>\n<tbody>\n<tr>\n<td align=\"left\"><strong>Energy<\/strong><\/td>\n<td align=\"left\">3,900 kJ \/ 900 kcal<\/td>\n<\/tr>\n<tr>\n<td align=\"left\"><strong>Total Fat<\/strong><\/td>\n<td align=\"left\">100 g<\/td>\n<\/tr>\n<tr>\n<td align=\"left\">- Saturates<\/td>\n<td align=\"left\">100 g<\/td>\n<\/tr>\n<tr>\n<td align=\"left\"><strong>Carbohydrates<\/strong><\/td>\n<td align=\"left\">0 g<\/td>\n<\/tr>\n<tr>\n<td align=\"left\">- Sugars<\/td>\n<td align=\"left\">0 g<\/td>\n<\/tr>\n<tr>\n<td align=\"left\"><strong>Protein<\/strong><\/td>\n<td align=\"left\">0 g<\/td>\n<\/tr>\n<tr>\n<td align=\"left\"><strong>Salt<\/strong><\/td>\n<td align=\"left\">0 g<\/td>\n<\/tr>\n<\/tbody>\n<\/table>\n<p><span style=\"font-size: 12px;\"><sup>*<\/sup> Approximate value for nutrition labeling per 100 g.<\/span>\n<\/div>\n<div class=\"fusion-text fusion-text-2\"><\/div><div class=\"fusion-text fusion-text-3\" style=\"--awb-margin-top:20px;\"><p>Los beneficios nutricionales asociados a la r\u00e1pida metabolizaci\u00f3n de <strong>Quolio\u2122<\/strong> permiten su uso en sistemas de reemplazo de comidas, as\u00ed como en productos para nutrici\u00f3n deportiva y control de peso, mejorando el rendimiento durante el ejercicio.<\/p>\n<p>Tambi\u00e9n es adecuado para productos de nutrici\u00f3n m\u00e9dica, como ingrediente en alimentos terap\u00e9uticos o en alimentaci\u00f3n enteral para pacientes con s\u00edndrome de malabsorci\u00f3n de grasas, actuando como una fuente eficiente de energ\u00eda.<\/p>\n<\/div>\n<div class=\"table-1\" style=\"--awb-margin-top:10px;\">\n<table width=\"100%\">\n<thead>\n<tr>\n<th align=\"left\"><strong>Function<\/strong><\/th>\n<th align=\"left\"><strong>Advantages<\/strong><\/th>\n<th align=\"left\">Recommended applications<\/th>\n<\/tr>\n<\/thead>\n<tbody>\n<tr>\n<td align=\"left\">Nutritional complement<\/td>\n<td align=\"left\">\n<ul>\n<li>Concentrated source of readily metabolizing energy.<\/li>\n<li>Goes straight to the liver without burdening the lymphatic system.<\/li>\n<li>Low caloric value.<\/li>\n<li>Helps with good digestibility.<\/li>\n<li>Rapidly available, valuable energy without addition to depot fat.<\/li>\n<li>Does not contain trans-fatty acids.<\/li>\n<li>Slimming products with specific nutrient requirements.<\/li>\n<li>Suitable for special diets.<\/li>\n<li>Substitute of conventional oils.<\/li>\n<\/ul>\n<\/td>\n<td align=\"left\">Healthy food products.<br \/>\nAdult nutritional supplement.<br \/>\nSport nutritionals.<br \/>\nBalanced diets and reduced calorie foods.<br \/>\nEdible oils.<\/td>\n<\/tr>\n<\/tbody>\n<\/table>\n<\/div>\n<div class=\"fusion-separator fusion-full-width-sep\" style=\"align-self: center;margin-left: auto;margin-right: auto;margin-top:10px;margin-bottom:10px;width:100%;\"><div class=\"fusion-separator-border sep-double\" style=\"--awb-height:20px;--awb-amount:20px;border-color:#e0dede;border-top-width:0px;border-bottom-width:0px;\"><\/div><\/div><\/div><\/div><div class=\"fusion-layout-column fusion_builder_column fusion-builder-column-1 fusion_builder_column_2_3 2_3 fusion-flex-column\" style=\"--awb-bg-size:cover;--awb-width-large:66.666666666667%;--awb-margin-top-large:0px;--awb-spacing-right-large:2.88%;--awb-margin-bottom-large:20px;--awb-spacing-left-large:2.88%;--awb-width-medium:66.666666666667%;--awb-order-medium:0;--awb-spacing-right-medium:2.88%;--awb-spacing-left-medium:2.88%;--awb-width-small:100%;--awb-order-small:0;--awb-spacing-right-small:1.92%;--awb-spacing-left-small:1.92%;\"><div class=\"fusion-column-wrapper fusion-column-has-shadow fusion-flex-justify-content-flex-start fusion-content-layout-column\"><div class=\"fusion-text fusion-text-4\" style=\"--awb-content-alignment:left;\"><p>Adem\u00e1s, <strong>Quolio\u2122<\/strong> puede usarse en aplicaciones especiales para lactantes que tienen dificultad para metabolizar grasas de cadena larga, mejorando la digestibilidad. Tambi\u00e9n se utiliza en nutrici\u00f3n pedi\u00e1trica como ayuda en el procesamiento de preparaciones con nutrientes liposolubles.<\/p>\n<\/div><\/div><\/div><div class=\"fusion-layout-column fusion_builder_column fusion-builder-column-2 fusion_builder_column_1_3 1_3 fusion-flex-column fusion-flex-align-self-flex-start\" style=\"--awb-bg-size:cover;--awb-width-large:33.333333333333%;--awb-margin-top-large:0px;--awb-spacing-right-large:5.76%;--awb-margin-bottom-large:5px;--awb-spacing-left-large:4.032%;--awb-width-medium:33.333333333333%;--awb-order-medium:0;--awb-spacing-right-medium:5.76%;--awb-spacing-left-medium:4.032%;--awb-width-small:100%;--awb-order-small:0;--awb-spacing-right-small:1.92%;--awb-spacing-left-small:1.92%;\"><div class=\"fusion-column-wrapper fusion-column-has-shadow fusion-flex-justify-content-flex-start fusion-content-layout-column\"><div class=\"fusion-image-element \" style=\"text-align:left;--awb-aspect-ratio: 100 \/ 61;--awb-max-width:280px;--awb-caption-title-font-family:var(--h2_typography-font-family);--awb-caption-title-font-weight:var(--h2_typography-font-weight);--awb-caption-title-font-style:var(--h2_typography-font-style);--awb-caption-title-size:var(--h2_typography-font-size);--awb-caption-title-transform:var(--h2_typography-text-transform);--awb-caption-title-line-height:var(--h2_typography-line-height);--awb-caption-title-letter-spacing:var(--h2_typography-letter-spacing);\"><div style=\"display:inline-block;width:280px;\"><span class=\" fusion-imageframe imageframe-none imageframe-1 hover-type-none has-aspect-ratio\"><img decoding=\"async\" width=\"500\" height=\"323\" title=\"Baby,Bottle,With,Milk,Formula,On,White,Background\" src=\"https:\/\/www.iql-nog.com\/wp-content\/uploads\/2021\/03\/Nutritional-Component.jpg\" data-orig-src=\"https:\/\/www.iql-nog.com\/wp-content\/uploads\/2021\/03\/Nutritional-Component.jpg\" class=\"lazyload img-responsive wp-image-3358 img-with-aspect-ratio\" data-parent-fit=\"cover\" data-parent-container=\".fusion-image-element\" alt srcset=\"data:image\/svg+xml,%3Csvg%20xmlns%3D%27http%3A%2F%2Fwww.w3.org%2F2000%2Fsvg%27%20width%3D%27500%27%20height%3D%27323%27%20viewBox%3D%270%200%20500%20323%27%3E%3Crect%20width%3D%27500%27%20height%3D%27323%27%20fill-opacity%3D%220%22%2F%3E%3C%2Fsvg%3E\" data-srcset=\"https:\/\/www.iql-nog.com\/wp-content\/uploads\/2021\/03\/Nutritional-Component-200x129.jpg 200w, https:\/\/www.iql-nog.com\/wp-content\/uploads\/2021\/03\/Nutritional-Component-400x258.jpg 400w, https:\/\/www.iql-nog.com\/wp-content\/uploads\/2021\/03\/Nutritional-Component.jpg 500w\" data-sizes=\"auto\" data-orig-sizes=\"(max-width: 640px) 100vw, 400px\" \/><\/span><\/div><\/div><\/div><\/div><div class=\"fusion-layout-column fusion_builder_column fusion-builder-column-3 fusion_builder_column_1_1 1_1 fusion-flex-column fusion-flex-align-self-flex-start\" style=\"--awb-bg-size:cover;--awb-width-large:100%;--awb-margin-top-large:0px;--awb-spacing-right-large:1.92%;--awb-margin-bottom-large:20px;--awb-spacing-left-large:1.92%;--awb-width-medium:100%;--awb-order-medium:0;--awb-spacing-right-medium:1.92%;--awb-spacing-left-medium:1.92%;--awb-width-small:100%;--awb-order-small:0;--awb-spacing-right-small:1.92%;--awb-spacing-left-small:1.92%;\"><div class=\"fusion-column-wrapper fusion-column-has-shadow fusion-flex-justify-content-flex-start fusion-content-layout-column\">\n<div class=\"table-1\">\n<table width=\"100%\">\n<thead>\n<tr>\n<th align=\"left\"><strong>Function<\/strong><\/th>\n<th align=\"left\"><strong>Advantages<\/strong><\/th>\n<th align=\"left\">Recommended applications<\/th>\n<\/tr>\n<\/thead>\n<tbody>\n<tr>\n<td align=\"left\">Processing aids<\/td>\n<td align=\"left\">\n<ul>\n<li>Quick and simple source of energy.<\/li>\n<li>Improves good digestibility.<\/li>\n<li>Carries fat-soluble nutrients.<\/li>\n<li>Oxidative stable.<\/li>\n<li>Neutral in taste and smell.<\/li>\n<\/ul>\n<\/td>\n<td align=\"left\">Pediatric nutritionals.<br \/>\nInfant formula and follow-on formula.<\/td>\n<\/tr>\n<\/tbody>\n<\/table>\n<\/div>\n<\/div><\/div><\/div><\/div>\n","protected":false},"excerpt":{"rendered":"","protected":false},"author":1,"featured_media":0,"parent":3701,"menu_order":0,"comment_status":"closed","ping_status":"closed","template":"","meta":{"inline_featured_image":false,"footnotes":""},"class_list":["post-3709","page","type-page","status-publish","hentry"],"yoast_head":"<!-- This site is optimized with the Yoast SEO plugin v27.3 - https:\/\/yoast.com\/product\/yoast-seo-wordpress\/ -->\n<title>Componente nutricional - IQL<\/title>\n<meta name=\"robots\" content=\"index, follow, max-snippet:-1, max-image-preview:large, max-video-preview:-1\" \/>\n<link rel=\"canonical\" href=\"https:\/\/www.iql-nog.com\/es\/productos-y-mercados\/alimentacion-humana-y-animal\/componente-nutricional\/\" \/>\n<meta property=\"og:locale\" content=\"es_ES\" \/>\n<meta property=\"og:type\" content=\"article\" \/>\n<meta property=\"og:title\" content=\"Componente nutricional - IQL\" \/>\n<meta property=\"og:url\" content=\"https:\/\/www.iql-nog.com\/es\/productos-y-mercados\/alimentacion-humana-y-animal\/componente-nutricional\/\" \/>\n<meta property=\"og:site_name\" content=\"IQL\" \/>\n<meta property=\"article:modified_time\" content=\"2025-08-07T16:59:45+00:00\" \/>\n<meta name=\"twitter:card\" content=\"summary_large_image\" \/>\n<meta name=\"twitter:label1\" content=\"Tiempo de lectura\" \/>\n\t<meta name=\"twitter:data1\" content=\"2 minutos\" \/>\n<script type=\"application\/ld+json\" class=\"yoast-schema-graph\">{\"@context\":\"https:\\\/\\\/schema.org\",\"@graph\":[{\"@type\":\"WebPage\",\"@id\":\"https:\\\/\\\/www.iql-nog.com\\\/es\\\/productos-y-mercados\\\/alimentacion-humana-y-animal\\\/componente-nutricional\\\/\",\"url\":\"https:\\\/\\\/www.iql-nog.com\\\/es\\\/productos-y-mercados\\\/alimentacion-humana-y-animal\\\/componente-nutricional\\\/\",\"name\":\"Componente nutricional - IQL\",\"isPartOf\":{\"@id\":\"https:\\\/\\\/www.iql-nog.com\\\/es\\\/#website\"},\"datePublished\":\"2021-01-14T22:25:27+00:00\",\"dateModified\":\"2025-08-07T16:59:45+00:00\",\"breadcrumb\":{\"@id\":\"https:\\\/\\\/www.iql-nog.com\\\/es\\\/productos-y-mercados\\\/alimentacion-humana-y-animal\\\/componente-nutricional\\\/#breadcrumb\"},\"inLanguage\":\"es\",\"potentialAction\":[{\"@type\":\"ReadAction\",\"target\":[\"https:\\\/\\\/www.iql-nog.com\\\/es\\\/productos-y-mercados\\\/alimentacion-humana-y-animal\\\/componente-nutricional\\\/\"]}]},{\"@type\":\"BreadcrumbList\",\"@id\":\"https:\\\/\\\/www.iql-nog.com\\\/es\\\/productos-y-mercados\\\/alimentacion-humana-y-animal\\\/componente-nutricional\\\/#breadcrumb\",\"itemListElement\":[{\"@type\":\"ListItem\",\"position\":1,\"name\":\"Portada\",\"item\":\"https:\\\/\\\/www.iql-nog.com\\\/es\\\/\"},{\"@type\":\"ListItem\",\"position\":2,\"name\":\"Productos y Mercados\",\"item\":\"https:\\\/\\\/www.iql-nog.com\\\/es\\\/productos-y-mercados\\\/\"},{\"@type\":\"ListItem\",\"position\":3,\"name\":\"Alimentaci\u00f3n Humana y Animal\",\"item\":\"https:\\\/\\\/www.iql-nog.com\\\/es\\\/productos-y-mercados\\\/alimentacion-humana-y-animal\\\/\"},{\"@type\":\"ListItem\",\"position\":4,\"name\":\"Componente nutricional\"}]},{\"@type\":\"WebSite\",\"@id\":\"https:\\\/\\\/www.iql-nog.com\\\/es\\\/#website\",\"url\":\"https:\\\/\\\/www.iql-nog.com\\\/es\\\/\",\"name\":\"IQL-NOG\",\"description\":\"Responsible Chemistry\",\"publisher\":{\"@id\":\"https:\\\/\\\/www.iql-nog.com\\\/es\\\/#organization\"},\"potentialAction\":[{\"@type\":\"SearchAction\",\"target\":{\"@type\":\"EntryPoint\",\"urlTemplate\":\"https:\\\/\\\/www.iql-nog.com\\\/es\\\/?s={search_term_string}\"},\"query-input\":{\"@type\":\"PropertyValueSpecification\",\"valueRequired\":true,\"valueName\":\"search_term_string\"}}],\"inLanguage\":\"es\"},{\"@type\":\"Organization\",\"@id\":\"https:\\\/\\\/www.iql-nog.com\\\/es\\\/#organization\",\"name\":\"Industrial Qu\u00edmica Lasem S.A.U.\",\"url\":\"https:\\\/\\\/www.iql-nog.com\\\/es\\\/\",\"logo\":{\"@type\":\"ImageObject\",\"inLanguage\":\"es\",\"@id\":\"https:\\\/\\\/www.iql-nog.com\\\/es\\\/#\\\/schema\\\/logo\\\/image\\\/\",\"url\":\"https:\\\/\\\/www.iql-nog.com\\\/wp-content\\\/uploads\\\/2021\\\/01\\\/logo-footer.svg\",\"contentUrl\":\"https:\\\/\\\/www.iql-nog.com\\\/wp-content\\\/uploads\\\/2021\\\/01\\\/logo-footer.svg\",\"width\":\"1024\",\"height\":\"1024\",\"caption\":\"Industrial Qu\u00edmica Lasem S.A.U.\"},\"image\":{\"@id\":\"https:\\\/\\\/www.iql-nog.com\\\/es\\\/#\\\/schema\\\/logo\\\/image\\\/\"}}]}<\/script>\n<!-- \/ Yoast SEO plugin. -->","yoast_head_json":{"title":"Componente nutricional - IQL","robots":{"index":"index","follow":"follow","max-snippet":"max-snippet:-1","max-image-preview":"max-image-preview:large","max-video-preview":"max-video-preview:-1"},"canonical":"https:\/\/www.iql-nog.com\/es\/productos-y-mercados\/alimentacion-humana-y-animal\/componente-nutricional\/","og_locale":"es_ES","og_type":"article","og_title":"Componente nutricional - IQL","og_url":"https:\/\/www.iql-nog.com\/es\/productos-y-mercados\/alimentacion-humana-y-animal\/componente-nutricional\/","og_site_name":"IQL","article_modified_time":"2025-08-07T16:59:45+00:00","twitter_card":"summary_large_image","twitter_misc":{"Tiempo de lectura":"2 minutos"},"schema":{"@context":"https:\/\/schema.org","@graph":[{"@type":"WebPage","@id":"https:\/\/www.iql-nog.com\/es\/productos-y-mercados\/alimentacion-humana-y-animal\/componente-nutricional\/","url":"https:\/\/www.iql-nog.com\/es\/productos-y-mercados\/alimentacion-humana-y-animal\/componente-nutricional\/","name":"Componente nutricional - IQL","isPartOf":{"@id":"https:\/\/www.iql-nog.com\/es\/#website"},"datePublished":"2021-01-14T22:25:27+00:00","dateModified":"2025-08-07T16:59:45+00:00","breadcrumb":{"@id":"https:\/\/www.iql-nog.com\/es\/productos-y-mercados\/alimentacion-humana-y-animal\/componente-nutricional\/#breadcrumb"},"inLanguage":"es","potentialAction":[{"@type":"ReadAction","target":["https:\/\/www.iql-nog.com\/es\/productos-y-mercados\/alimentacion-humana-y-animal\/componente-nutricional\/"]}]},{"@type":"BreadcrumbList","@id":"https:\/\/www.iql-nog.com\/es\/productos-y-mercados\/alimentacion-humana-y-animal\/componente-nutricional\/#breadcrumb","itemListElement":[{"@type":"ListItem","position":1,"name":"Portada","item":"https:\/\/www.iql-nog.com\/es\/"},{"@type":"ListItem","position":2,"name":"Productos y Mercados","item":"https:\/\/www.iql-nog.com\/es\/productos-y-mercados\/"},{"@type":"ListItem","position":3,"name":"Alimentaci\u00f3n Humana y Animal","item":"https:\/\/www.iql-nog.com\/es\/productos-y-mercados\/alimentacion-humana-y-animal\/"},{"@type":"ListItem","position":4,"name":"Componente nutricional"}]},{"@type":"WebSite","@id":"https:\/\/www.iql-nog.com\/es\/#website","url":"https:\/\/www.iql-nog.com\/es\/","name":"IQL-NOG","description":"Responsible Chemistry","publisher":{"@id":"https:\/\/www.iql-nog.com\/es\/#organization"},"potentialAction":[{"@type":"SearchAction","target":{"@type":"EntryPoint","urlTemplate":"https:\/\/www.iql-nog.com\/es\/?s={search_term_string}"},"query-input":{"@type":"PropertyValueSpecification","valueRequired":true,"valueName":"search_term_string"}}],"inLanguage":"es"},{"@type":"Organization","@id":"https:\/\/www.iql-nog.com\/es\/#organization","name":"Industrial Qu\u00edmica Lasem S.A.U.","url":"https:\/\/www.iql-nog.com\/es\/","logo":{"@type":"ImageObject","inLanguage":"es","@id":"https:\/\/www.iql-nog.com\/es\/#\/schema\/logo\/image\/","url":"https:\/\/www.iql-nog.com\/wp-content\/uploads\/2021\/01\/logo-footer.svg","contentUrl":"https:\/\/www.iql-nog.com\/wp-content\/uploads\/2021\/01\/logo-footer.svg","width":"1024","height":"1024","caption":"Industrial Qu\u00edmica Lasem S.A.U."},"image":{"@id":"https:\/\/www.iql-nog.com\/es\/#\/schema\/logo\/image\/"}}]}},"_links":{"self":[{"href":"https:\/\/www.iql-nog.com\/es\/wp-json\/wp\/v2\/pages\/3709","targetHints":{"allow":["GET"]}}],"collection":[{"href":"https:\/\/www.iql-nog.com\/es\/wp-json\/wp\/v2\/pages"}],"about":[{"href":"https:\/\/www.iql-nog.com\/es\/wp-json\/wp\/v2\/types\/page"}],"author":[{"embeddable":true,"href":"https:\/\/www.iql-nog.com\/es\/wp-json\/wp\/v2\/users\/1"}],"replies":[{"embeddable":true,"href":"https:\/\/www.iql-nog.com\/es\/wp-json\/wp\/v2\/comments?post=3709"}],"version-history":[{"count":10,"href":"https:\/\/www.iql-nog.com\/es\/wp-json\/wp\/v2\/pages\/3709\/revisions"}],"predecessor-version":[{"id":3859,"href":"https:\/\/www.iql-nog.com\/es\/wp-json\/wp\/v2\/pages\/3709\/revisions\/3859"}],"up":[{"embeddable":true,"href":"https:\/\/www.iql-nog.com\/es\/wp-json\/wp\/v2\/pages\/3701"}],"wp:attachment":[{"href":"https:\/\/www.iql-nog.com\/es\/wp-json\/wp\/v2\/media?parent=3709"}],"curies":[{"name":"wp","href":"https:\/\/api.w.org\/{rel}","templated":true}]}}