{"id":3704,"date":"2021-01-14T22:25:02","date_gmt":"2021-01-14T22:25:02","guid":{"rendered":"https:\/\/www.iql-nog.com\/products-and-markets\/food-feed\/products-2\/"},"modified":"2025-08-04T13:15:24","modified_gmt":"2025-08-04T13:15:24","slug":"productos","status":"publish","type":"page","link":"https:\/\/www.iql-nog.com\/es\/productos-y-mercados\/alimentacion-humana-y-animal\/productos\/","title":{"rendered":"Productos"},"content":{"rendered":"<div class=\"fusion-fullwidth fullwidth-box fusion-builder-row-1 fusion-flex-container nonhundred-percent-fullwidth non-hundred-percent-height-scrolling\" style=\"--awb-border-radius-top-left:0px;--awb-border-radius-top-right:0px;--awb-border-radius-bottom-right:0px;--awb-border-radius-bottom-left:0px;--awb-flex-wrap:wrap;\" ><div class=\"fusion-builder-row fusion-row fusion-flex-align-items-flex-start fusion-flex-content-wrap\" style=\"max-width:1248px;margin-left: calc(-4% \/ 2 );margin-right: calc(-4% \/ 2 );\"><div class=\"fusion-layout-column fusion_builder_column fusion-builder-column-0 fusion_builder_column_1_1 1_1 fusion-flex-column\" style=\"--awb-bg-size:cover;--awb-width-large:100%;--awb-margin-top-large:0px;--awb-spacing-right-large:1.92%;--awb-margin-bottom-large:20px;--awb-spacing-left-large:1.92%;--awb-width-medium:100%;--awb-order-medium:0;--awb-spacing-right-medium:1.92%;--awb-spacing-left-medium:1.92%;--awb-width-small:100%;--awb-order-small:0;--awb-spacing-right-small:1.92%;--awb-spacing-left-small:1.92%;\"><div class=\"fusion-column-wrapper fusion-column-has-shadow fusion-flex-justify-content-flex-start fusion-content-layout-column\"><div class=\"fusion-title title fusion-title-1 sep-underline sep-solid fusion-title-text fusion-title-size-one\" style=\"--awb-margin-top:20px;--awb-margin-bottom:30px;--awb-margin-top-small:10px;--awb-margin-right-small:0px;--awb-margin-bottom-small:10px;--awb-margin-left-small:0px;--awb-sep-color:#35a085;\"><h1 class=\"fusion-title-heading title-heading-left\" style=\"font-family:&quot;Noto Sans JP&quot;;font-style:normal;font-weight:100;margin:0;\">Productos<\/h1><\/div><div class=\"fusion-text fusion-text-1\"><p>Quolio\u2122 es un aceite de triglic\u00e9ridos de cadena media (MCT) obtenido mediante la esterificaci\u00f3n de glicerina vegetal con una mezcla espec\u00edfica y seleccionada de \u00e1cidos grasos: capr\u00edlico (C8:0) y c\u00e1prico (C10:0).<\/p>\n<p>Quolio\u2122 est\u00e1 libre de aditivos, disolventes y catalizadores. Se produce en una l\u00ednea exclusiva, totalmente apta para uso alimentario y con unidades de procesamiento dedicadas. Gracias a las estrictas condiciones de fabricaci\u00f3n y a la cuidadosa selecci\u00f3n de materias primas, Quolio\u2122 es un l\u00edquido claro, incoloro, sin olor ni sabor.<\/p>\n<p>Quolio\u2122 se ofrece en diferentes presentaciones: Quolio 75, Quolio 60, Quolio 85, Quolio 60 MB y Quolio 60 COCO.<\/p>\n<\/div><\/div><\/div><div class=\"fusion-layout-column fusion_builder_column fusion-builder-column-1 fusion_builder_column_1_1 1_1 fusion-flex-column\" style=\"--awb-bg-size:cover;--awb-width-large:100%;--awb-margin-top-large:0px;--awb-spacing-right-large:1.92%;--awb-margin-bottom-large:20px;--awb-spacing-left-large:1.92%;--awb-width-medium:100%;--awb-order-medium:0;--awb-spacing-right-medium:1.92%;--awb-spacing-left-medium:1.92%;--awb-width-small:100%;--awb-order-small:0;--awb-spacing-right-small:1.92%;--awb-spacing-left-small:1.92%;\"><div class=\"fusion-column-wrapper fusion-column-has-shadow fusion-flex-justify-content-flex-start fusion-content-layout-column\">\n<div class=\"table-1 fusion-animated\" data-animationType=\"fadeInDown\" data-animationDuration=\"0.8\" data-animationOffset=\"top-into-view\">\n<table style=\"margin: auto;\">\n<thead>\n<tr>\n<th style=\"visibility: hidden; border: none;\" align=\"left\"><strong>Products<\/strong><\/th>\n<th style=\"text-align: center;\" colspan=\"2\" align=\"left\"><strong>FA Distribution [%]<\/strong><\/th>\n<th style=\"visibility: hidden; border: none;\" align=\"left\">Mass Balance RSPO<\/th>\n<th style=\"visibility: hidden; border: none;\" align=\"left\">Coco origin<\/th>\n<\/tr>\n<tr>\n<th align=\"left\"><strong>Products<\/strong><\/th>\n<th style=\"text-align: center;\" align=\"left\"><strong>C<sub>8:0<\/sub><\/strong><\/th>\n<th style=\"text-align: center;\" align=\"left\"><strong>C<sub>10:0<\/sub><\/strong><\/th>\n<th style=\"text-align: center;\" align=\"left\"><strong>Mass Balance RSPO<\/strong><\/th>\n<th style=\"text-align: center;\" align=\"left\"><strong>Coco origin<\/strong><\/th>\n<\/tr>\n<\/thead>\n<tbody>\n<tr>\n<td style=\"width: 24%;\" align=\"left\">Quolio 60<\/td>\n<td style=\"width: 19%; text-align: center;\" align=\"left\">60<\/td>\n<td style=\"width: 19%; text-align: center;\" align=\"left\">40<\/td>\n<td style=\"width: 19%;\" align=\"left\"><\/td>\n<td style=\"width: 19%;\" align=\"left\"><\/td>\n<\/tr>\n<tr>\n<td align=\"left\">Quolio 75<\/td>\n<td style=\"text-align: center;\" align=\"left\">75<\/td>\n<td style=\"text-align: center;\" align=\"left\">25<\/td>\n<td align=\"left\"><\/td>\n<td align=\"left\"><\/td>\n<\/tr>\n<tr>\n<td align=\"left\">Quolio 85<\/td>\n<td style=\"text-align: center;\" align=\"left\">85<\/td>\n<td style=\"text-align: center;\" align=\"left\">15<\/td>\n<td align=\"left\"><\/td>\n<td align=\"left\"><\/td>\n<\/tr>\n<tr>\n<td align=\"left\">Quolio 60 MB<\/td>\n<td style=\"text-align: center;\" align=\"left\">60<\/td>\n<td style=\"text-align: center;\" align=\"left\">40<\/td>\n<td style=\"text-align: center;\" align=\"left\"><i class=\"far fa-check-square\">&nbsp;<\/i><\/td>\n<td align=\"left\"><\/td>\n<\/tr>\n<tr>\n<td align=\"left\">Quolio 60 COCO<\/td>\n<td style=\"text-align: center;\" align=\"left\">60<\/td>\n<td style=\"text-align: center;\" align=\"left\">40<\/td>\n<td align=\"left\"><\/td>\n<td style=\"text-align: center;\" align=\"left\"><i class=\"far fa-check-square\">&nbsp;<\/i><\/td>\n<\/tr>\n<\/tbody>\n<\/table>\n<p style=\"font-size: 12px; width: 90%; margin: auto; padding-top: 12px;\">\n<\/div>\n<\/div><\/div><div class=\"fusion-layout-column fusion_builder_column fusion-builder-column-2 fusion_builder_column_1_1 1_1 fusion-flex-column\" style=\"--awb-bg-size:cover;--awb-width-large:100%;--awb-margin-top-large:0px;--awb-spacing-right-large:1.92%;--awb-margin-bottom-large:20px;--awb-spacing-left-large:1.92%;--awb-width-medium:100%;--awb-order-medium:0;--awb-spacing-right-medium:1.92%;--awb-spacing-left-medium:1.92%;--awb-width-small:100%;--awb-order-small:0;--awb-spacing-right-small:1.92%;--awb-spacing-left-small:1.92%;\"><div class=\"fusion-column-wrapper fusion-column-has-shadow fusion-flex-justify-content-flex-start fusion-content-layout-column\"><div class=\"fusion-text fusion-text-2\"><div class=\"list-product-benefits\">\n<p><strong>Beneficios del producto<\/strong><\/p>\n<ul>\n<li><strong>Proceso de fabricaci\u00f3n mejorado<\/strong>\n<ul>\n<li>L\u00ednea exclusiva para la producci\u00f3n de aceite MCT, lo que evita cualquier posible contaminaci\u00f3n cruzada con agentes externos.<\/li>\n<li>Unidades de procesamiento dedicadas, especialmente dise\u00f1adas para aplicaciones alimentarias.<\/li>\n<li>Fabricado sin catalizadores, aditivos, disolventes ni aceites t\u00e9rmicos.<\/li>\n<li>Bajo \u00edndice de yodo.<\/li>\n<\/ul>\n<\/li>\n<li><strong>Alto rendimiento<\/strong>\n<ul>\n<li>Excelente resistencia a la polimerizaci\u00f3n.<\/li>\n<li>Alta estabilidad oxidativa.<\/li>\n<li>Buena estabilidad a bajas temperaturas, con un punto de enturbiamiento \u2264 -5 \u00b0C.<\/li>\n<li>Permanece l\u00edquido a 0 \u00b0C.<\/li>\n<li>Viscosidad menor que la de otros aceites naturales de triglic\u00e9ridos.<\/li>\n<li>Mol\u00e9cula saturada y poco reactiva.<\/li>\n<\/ul>\n<\/li>\n<li><strong>Solubilidad excepcional<\/strong>\n<ul>\n<li>Alta solubilidad de sustancias lip\u00eddicas.<\/li>\n<li>Buena solubilidad en alcoholes.<\/li>\n<li>Excelente agente vehiculizante.<\/li>\n<\/ul>\n<\/li>\n<li><strong>Capacidad hidr\u00f3foba<\/strong>\n<ul>\n<li>Baja solubilidad en agua, act\u00faa como barrera contra la humedad, evitando la p\u00e9rdida de agua.<\/li>\n<li>Sustancia para tratamiento de superficies: protege y a\u00edsla eficazmente.<\/li>\n<\/ul>\n<\/li>\n<\/ul>\n<\/div>\n<\/div><\/div><\/div><\/div><\/div>\n","protected":false},"excerpt":{"rendered":"","protected":false},"author":1,"featured_media":0,"parent":3701,"menu_order":0,"comment_status":"closed","ping_status":"closed","template":"","meta":{"inline_featured_image":false,"footnotes":""},"class_list":["post-3704","page","type-page","status-publish","hentry"],"yoast_head":"<!-- This site is optimized with the Yoast SEO plugin v27.3 - https:\/\/yoast.com\/product\/yoast-seo-wordpress\/ -->\n<title>Productos - IQL<\/title>\n<meta name=\"robots\" content=\"index, follow, max-snippet:-1, max-image-preview:large, max-video-preview:-1\" \/>\n<link rel=\"canonical\" href=\"https:\/\/www.iql-nog.com\/es\/productos-y-mercados\/alimentacion-humana-y-animal\/productos\/\" \/>\n<meta property=\"og:locale\" content=\"es_ES\" \/>\n<meta property=\"og:type\" content=\"article\" \/>\n<meta property=\"og:title\" content=\"Productos - IQL\" \/>\n<meta property=\"og:url\" content=\"https:\/\/www.iql-nog.com\/es\/productos-y-mercados\/alimentacion-humana-y-animal\/productos\/\" \/>\n<meta property=\"og:site_name\" content=\"IQL\" \/>\n<meta property=\"article:modified_time\" content=\"2025-08-04T13:15:24+00:00\" \/>\n<meta name=\"twitter:card\" content=\"summary_large_image\" \/>\n<meta name=\"twitter:label1\" content=\"Tiempo de lectura\" \/>\n\t<meta name=\"twitter:data1\" content=\"2 minutos\" \/>\n<script type=\"application\/ld+json\" class=\"yoast-schema-graph\">{\"@context\":\"https:\\\/\\\/schema.org\",\"@graph\":[{\"@type\":\"WebPage\",\"@id\":\"https:\\\/\\\/www.iql-nog.com\\\/es\\\/productos-y-mercados\\\/alimentacion-humana-y-animal\\\/productos\\\/\",\"url\":\"https:\\\/\\\/www.iql-nog.com\\\/es\\\/productos-y-mercados\\\/alimentacion-humana-y-animal\\\/productos\\\/\",\"name\":\"Productos - IQL\",\"isPartOf\":{\"@id\":\"https:\\\/\\\/www.iql-nog.com\\\/es\\\/#website\"},\"datePublished\":\"2021-01-14T22:25:02+00:00\",\"dateModified\":\"2025-08-04T13:15:24+00:00\",\"breadcrumb\":{\"@id\":\"https:\\\/\\\/www.iql-nog.com\\\/es\\\/productos-y-mercados\\\/alimentacion-humana-y-animal\\\/productos\\\/#breadcrumb\"},\"inLanguage\":\"es\",\"potentialAction\":[{\"@type\":\"ReadAction\",\"target\":[\"https:\\\/\\\/www.iql-nog.com\\\/es\\\/productos-y-mercados\\\/alimentacion-humana-y-animal\\\/productos\\\/\"]}]},{\"@type\":\"BreadcrumbList\",\"@id\":\"https:\\\/\\\/www.iql-nog.com\\\/es\\\/productos-y-mercados\\\/alimentacion-humana-y-animal\\\/productos\\\/#breadcrumb\",\"itemListElement\":[{\"@type\":\"ListItem\",\"position\":1,\"name\":\"Portada\",\"item\":\"https:\\\/\\\/www.iql-nog.com\\\/es\\\/\"},{\"@type\":\"ListItem\",\"position\":2,\"name\":\"Productos y Mercados\",\"item\":\"https:\\\/\\\/www.iql-nog.com\\\/es\\\/productos-y-mercados\\\/\"},{\"@type\":\"ListItem\",\"position\":3,\"name\":\"Alimentaci\u00f3n Humana y Animal\",\"item\":\"https:\\\/\\\/www.iql-nog.com\\\/es\\\/productos-y-mercados\\\/alimentacion-humana-y-animal\\\/\"},{\"@type\":\"ListItem\",\"position\":4,\"name\":\"Productos\"}]},{\"@type\":\"WebSite\",\"@id\":\"https:\\\/\\\/www.iql-nog.com\\\/es\\\/#website\",\"url\":\"https:\\\/\\\/www.iql-nog.com\\\/es\\\/\",\"name\":\"IQL-NOG\",\"description\":\"Responsible Chemistry\",\"publisher\":{\"@id\":\"https:\\\/\\\/www.iql-nog.com\\\/es\\\/#organization\"},\"potentialAction\":[{\"@type\":\"SearchAction\",\"target\":{\"@type\":\"EntryPoint\",\"urlTemplate\":\"https:\\\/\\\/www.iql-nog.com\\\/es\\\/?s={search_term_string}\"},\"query-input\":{\"@type\":\"PropertyValueSpecification\",\"valueRequired\":true,\"valueName\":\"search_term_string\"}}],\"inLanguage\":\"es\"},{\"@type\":\"Organization\",\"@id\":\"https:\\\/\\\/www.iql-nog.com\\\/es\\\/#organization\",\"name\":\"Industrial Qu\u00edmica Lasem S.A.U.\",\"url\":\"https:\\\/\\\/www.iql-nog.com\\\/es\\\/\",\"logo\":{\"@type\":\"ImageObject\",\"inLanguage\":\"es\",\"@id\":\"https:\\\/\\\/www.iql-nog.com\\\/es\\\/#\\\/schema\\\/logo\\\/image\\\/\",\"url\":\"https:\\\/\\\/www.iql-nog.com\\\/wp-content\\\/uploads\\\/2021\\\/01\\\/logo-footer.svg\",\"contentUrl\":\"https:\\\/\\\/www.iql-nog.com\\\/wp-content\\\/uploads\\\/2021\\\/01\\\/logo-footer.svg\",\"width\":\"1024\",\"height\":\"1024\",\"caption\":\"Industrial Qu\u00edmica Lasem S.A.U.\"},\"image\":{\"@id\":\"https:\\\/\\\/www.iql-nog.com\\\/es\\\/#\\\/schema\\\/logo\\\/image\\\/\"}}]}<\/script>\n<!-- \/ Yoast SEO plugin. -->","yoast_head_json":{"title":"Productos - IQL","robots":{"index":"index","follow":"follow","max-snippet":"max-snippet:-1","max-image-preview":"max-image-preview:large","max-video-preview":"max-video-preview:-1"},"canonical":"https:\/\/www.iql-nog.com\/es\/productos-y-mercados\/alimentacion-humana-y-animal\/productos\/","og_locale":"es_ES","og_type":"article","og_title":"Productos - IQL","og_url":"https:\/\/www.iql-nog.com\/es\/productos-y-mercados\/alimentacion-humana-y-animal\/productos\/","og_site_name":"IQL","article_modified_time":"2025-08-04T13:15:24+00:00","twitter_card":"summary_large_image","twitter_misc":{"Tiempo de lectura":"2 minutos"},"schema":{"@context":"https:\/\/schema.org","@graph":[{"@type":"WebPage","@id":"https:\/\/www.iql-nog.com\/es\/productos-y-mercados\/alimentacion-humana-y-animal\/productos\/","url":"https:\/\/www.iql-nog.com\/es\/productos-y-mercados\/alimentacion-humana-y-animal\/productos\/","name":"Productos - IQL","isPartOf":{"@id":"https:\/\/www.iql-nog.com\/es\/#website"},"datePublished":"2021-01-14T22:25:02+00:00","dateModified":"2025-08-04T13:15:24+00:00","breadcrumb":{"@id":"https:\/\/www.iql-nog.com\/es\/productos-y-mercados\/alimentacion-humana-y-animal\/productos\/#breadcrumb"},"inLanguage":"es","potentialAction":[{"@type":"ReadAction","target":["https:\/\/www.iql-nog.com\/es\/productos-y-mercados\/alimentacion-humana-y-animal\/productos\/"]}]},{"@type":"BreadcrumbList","@id":"https:\/\/www.iql-nog.com\/es\/productos-y-mercados\/alimentacion-humana-y-animal\/productos\/#breadcrumb","itemListElement":[{"@type":"ListItem","position":1,"name":"Portada","item":"https:\/\/www.iql-nog.com\/es\/"},{"@type":"ListItem","position":2,"name":"Productos y Mercados","item":"https:\/\/www.iql-nog.com\/es\/productos-y-mercados\/"},{"@type":"ListItem","position":3,"name":"Alimentaci\u00f3n Humana y Animal","item":"https:\/\/www.iql-nog.com\/es\/productos-y-mercados\/alimentacion-humana-y-animal\/"},{"@type":"ListItem","position":4,"name":"Productos"}]},{"@type":"WebSite","@id":"https:\/\/www.iql-nog.com\/es\/#website","url":"https:\/\/www.iql-nog.com\/es\/","name":"IQL-NOG","description":"Responsible Chemistry","publisher":{"@id":"https:\/\/www.iql-nog.com\/es\/#organization"},"potentialAction":[{"@type":"SearchAction","target":{"@type":"EntryPoint","urlTemplate":"https:\/\/www.iql-nog.com\/es\/?s={search_term_string}"},"query-input":{"@type":"PropertyValueSpecification","valueRequired":true,"valueName":"search_term_string"}}],"inLanguage":"es"},{"@type":"Organization","@id":"https:\/\/www.iql-nog.com\/es\/#organization","name":"Industrial Qu\u00edmica Lasem S.A.U.","url":"https:\/\/www.iql-nog.com\/es\/","logo":{"@type":"ImageObject","inLanguage":"es","@id":"https:\/\/www.iql-nog.com\/es\/#\/schema\/logo\/image\/","url":"https:\/\/www.iql-nog.com\/wp-content\/uploads\/2021\/01\/logo-footer.svg","contentUrl":"https:\/\/www.iql-nog.com\/wp-content\/uploads\/2021\/01\/logo-footer.svg","width":"1024","height":"1024","caption":"Industrial Qu\u00edmica Lasem S.A.U."},"image":{"@id":"https:\/\/www.iql-nog.com\/es\/#\/schema\/logo\/image\/"}}]}},"_links":{"self":[{"href":"https:\/\/www.iql-nog.com\/es\/wp-json\/wp\/v2\/pages\/3704","targetHints":{"allow":["GET"]}}],"collection":[{"href":"https:\/\/www.iql-nog.com\/es\/wp-json\/wp\/v2\/pages"}],"about":[{"href":"https:\/\/www.iql-nog.com\/es\/wp-json\/wp\/v2\/types\/page"}],"author":[{"embeddable":true,"href":"https:\/\/www.iql-nog.com\/es\/wp-json\/wp\/v2\/users\/1"}],"replies":[{"embeddable":true,"href":"https:\/\/www.iql-nog.com\/es\/wp-json\/wp\/v2\/comments?post=3704"}],"version-history":[{"count":2,"href":"https:\/\/www.iql-nog.com\/es\/wp-json\/wp\/v2\/pages\/3704\/revisions"}],"predecessor-version":[{"id":3706,"href":"https:\/\/www.iql-nog.com\/es\/wp-json\/wp\/v2\/pages\/3704\/revisions\/3706"}],"up":[{"embeddable":true,"href":"https:\/\/www.iql-nog.com\/es\/wp-json\/wp\/v2\/pages\/3701"}],"wp:attachment":[{"href":"https:\/\/www.iql-nog.com\/es\/wp-json\/wp\/v2\/media?parent=3704"}],"curies":[{"name":"wp","href":"https:\/\/api.w.org\/{rel}","templated":true}]}}