{"id":3703,"date":"2021-01-14T22:25:09","date_gmt":"2021-01-14T22:25:09","guid":{"rendered":"https:\/\/www.iql-nog.com\/products-and-markets\/food-feed\/food-and-feed\/"},"modified":"2025-08-04T13:19:32","modified_gmt":"2025-08-04T13:19:32","slug":"alimentacion-humana-y-animal","status":"publish","type":"page","link":"https:\/\/www.iql-nog.com\/es\/productos-y-mercados\/alimentacion-humana-y-animal\/alimentacion-humana-y-animal\/","title":{"rendered":"Alimentaci\u00f3n Humana y Animal"},"content":{"rendered":"<div class=\"fusion-fullwidth fullwidth-box fusion-builder-row-1 fusion-flex-container nonhundred-percent-fullwidth non-hundred-percent-height-scrolling\" style=\"--awb-border-radius-top-left:0px;--awb-border-radius-top-right:0px;--awb-border-radius-bottom-right:0px;--awb-border-radius-bottom-left:0px;--awb-flex-wrap:wrap;\" ><div class=\"fusion-builder-row fusion-row fusion-flex-align-items-flex-start fusion-flex-content-wrap\" style=\"max-width:1248px;margin-left: calc(-4% \/ 2 );margin-right: calc(-4% \/ 2 );\"><div class=\"fusion-layout-column fusion_builder_column fusion-builder-column-0 fusion_builder_column_1_1 1_1 fusion-flex-column\" style=\"--awb-bg-size:cover;--awb-width-large:100%;--awb-margin-top-large:0px;--awb-spacing-right-large:1.92%;--awb-margin-bottom-large:20px;--awb-spacing-left-large:1.92%;--awb-width-medium:100%;--awb-order-medium:0;--awb-spacing-right-medium:1.92%;--awb-spacing-left-medium:1.92%;--awb-width-small:100%;--awb-order-small:0;--awb-spacing-right-small:1.92%;--awb-spacing-left-small:1.92%;\"><div class=\"fusion-column-wrapper fusion-column-has-shadow fusion-flex-justify-content-flex-start fusion-content-layout-column\"><div class=\"fusion-title title fusion-title-1 sep-underline sep-solid fusion-title-text fusion-title-size-one\" style=\"--awb-margin-top:20px;--awb-margin-bottom:30px;--awb-margin-top-small:10px;--awb-margin-right-small:0px;--awb-margin-bottom-small:10px;--awb-margin-left-small:0px;--awb-sep-color:#35a085;\"><h1 class=\"fusion-title-heading title-heading-left\" style=\"font-family:&quot;Noto Sans JP&quot;;font-style:normal;font-weight:100;margin:0;\">Alimentaci\u00f3n Humana y Animal<\/h1><\/div><div class=\"fusion-text fusion-text-1\"><p>Gracias a su alta solubilidad y su nulo impacto en el sabor u otras propiedades organol\u00e9pticas, Quolio\u2122 es una opci\u00f3n ideal para experimentar con diferentes formulaciones alimentarias, cubriendo una amplia variedad de aplicaciones.<\/p>\n<p><strong>Alta estabilidad oxidativa<\/strong><\/p>\n<p>Las grasas y aceites insaturados tienden de forma natural a oxidarse o resinificarse a altas temperaturas. Quolio\u2122 ofrece una gran resistencia a la oxidaci\u00f3n. Tras 30 minutos a 230 \u00baC, se detectan claramente aldeh\u00eddos en el aceite de girasol, mientras que Quolio\u2122 se mantiene estable sin generar compuestos indeseables.<\/p>\n<\/div><\/div><\/div><div class=\"fusion-layout-column fusion_builder_column fusion-builder-column-1 fusion_builder_column_2_3 2_3 fusion-flex-column\" style=\"--awb-bg-size:cover;--awb-width-large:66.666666666667%;--awb-margin-top-large:0px;--awb-spacing-right-large:2.88%;--awb-margin-bottom-large:20px;--awb-spacing-left-large:2.88%;--awb-width-medium:66.666666666667%;--awb-order-medium:0;--awb-spacing-right-medium:2.88%;--awb-spacing-left-medium:2.88%;--awb-width-small:100%;--awb-order-small:0;--awb-spacing-right-small:1.92%;--awb-spacing-left-small:1.92%;\"><div class=\"fusion-column-wrapper fusion-column-has-shadow fusion-flex-justify-content-flex-start fusion-content-layout-column\"><div class=\"fusion-text fusion-text-2\"><p><strong>Neutro en sabor y olor<\/strong><\/p>\n<p>Quolio\u2122 se procesa bajo los m\u00e1s altos est\u00e1ndares de seguridad alimentaria y se refina cuidadosamente. Incluso en condiciones exigentes, no genera sabores ni olores extra\u00f1os.<\/p>\n<p><strong>Capacidad hidr\u00f3foba<br \/><\/strong><br \/>Quolio\u2122 presenta una solubilidad en agua extremadamente baja, lo que permite que act\u00fae como repelente de humedad en moldes, bandejas, maquinaria o equipos. Adem\u00e1s, protege las superficies contra la corrosi\u00f3n, gracias a su efecto hidrof\u00f3bico y su capacidad de aislamiento frente al aire exterior.<\/p>\n<p><strong>Propiedades de formaci\u00f3n de pel\u00edcula<br \/><\/strong><br \/>Quolio\u2122 ofrece un equilibrio ideal entre tensi\u00f3n superficial, extensibilidad y viscosidad. Esto le permite formar una pel\u00edcula uniforme entre la masa y las superficies de contacto. Tambi\u00e9n es capaz de adherirse bien a superficies verticales, actuando como una barrera contra la humedad y evitando la p\u00e9rdida de agua.<\/p>\n<\/div><\/div><\/div><div class=\"fusion-layout-column fusion_builder_column fusion-builder-column-2 fusion_builder_column_1_3 1_3 fusion-flex-column\" style=\"--awb-bg-size:cover;--awb-width-large:33.333333333333%;--awb-margin-top-large:0px;--awb-spacing-right-large:5.76%;--awb-margin-bottom-large:20px;--awb-spacing-left-large:5.76%;--awb-width-medium:33.333333333333%;--awb-order-medium:0;--awb-spacing-right-medium:5.76%;--awb-spacing-left-medium:5.76%;--awb-width-small:100%;--awb-order-small:0;--awb-spacing-right-small:1.92%;--awb-spacing-left-small:1.92%;\"><div class=\"fusion-column-wrapper fusion-column-has-shadow fusion-flex-justify-content-flex-start fusion-content-layout-column\"><div class=\"fusion-image-element \" style=\"--awb-max-width:300px;--awb-caption-title-font-family:var(--h2_typography-font-family);--awb-caption-title-font-weight:var(--h2_typography-font-weight);--awb-caption-title-font-style:var(--h2_typography-font-style);--awb-caption-title-size:var(--h2_typography-font-size);--awb-caption-title-transform:var(--h2_typography-text-transform);--awb-caption-title-line-height:var(--h2_typography-line-height);--awb-caption-title-letter-spacing:var(--h2_typography-letter-spacing);\"><span class=\" fusion-imageframe imageframe-none imageframe-1 hover-type-none\"><img decoding=\"async\" width=\"260\" height=\"390\" title=\"Sweet,Chocolate,Truffles.,Tasty,Belgian,Pralines,Balls,Isolated,On,White\" src=\"https:\/\/www.iql-nog.com\/wp-content\/uploads\/2021\/03\/Food-and-feed260x390.jpg\" data-orig-src=\"https:\/\/www.iql-nog.com\/wp-content\/uploads\/2021\/03\/Food-and-feed260x390.jpg\" alt class=\"lazyload img-responsive wp-image-3332\" srcset=\"data:image\/svg+xml,%3Csvg%20xmlns%3D%27http%3A%2F%2Fwww.w3.org%2F2000%2Fsvg%27%20width%3D%27260%27%20height%3D%27390%27%20viewBox%3D%270%200%20260%20390%27%3E%3Crect%20width%3D%27260%27%20height%3D%27390%27%20fill-opacity%3D%220%22%2F%3E%3C%2Fsvg%3E\" data-srcset=\"https:\/\/www.iql-nog.com\/wp-content\/uploads\/2021\/03\/Food-and-feed260x390-200x300.jpg 200w, https:\/\/www.iql-nog.com\/wp-content\/uploads\/2021\/03\/Food-and-feed260x390.jpg 260w\" data-sizes=\"auto\" data-orig-sizes=\"(max-width: 640px) 100vw, 260px\" \/><\/span><\/div><\/div><\/div><div class=\"fusion-layout-column fusion_builder_column fusion-builder-column-3 fusion_builder_column_1_1 1_1 fusion-flex-column\" style=\"--awb-bg-size:cover;--awb-width-large:100%;--awb-margin-top-large:0px;--awb-spacing-right-large:1.92%;--awb-margin-bottom-large:20px;--awb-spacing-left-large:1.92%;--awb-width-medium:100%;--awb-order-medium:0;--awb-spacing-right-medium:1.92%;--awb-spacing-left-medium:1.92%;--awb-width-small:100%;--awb-order-small:0;--awb-spacing-right-small:1.92%;--awb-spacing-left-small:1.92%;\"><div class=\"fusion-column-wrapper fusion-column-has-shadow fusion-flex-justify-content-flex-start fusion-content-layout-column\"><div class=\"fusion-image-element \" style=\"text-align:center;--awb-max-width:600px;--awb-caption-title-font-family:var(--h2_typography-font-family);--awb-caption-title-font-weight:var(--h2_typography-font-weight);--awb-caption-title-font-style:var(--h2_typography-font-style);--awb-caption-title-size:var(--h2_typography-font-size);--awb-caption-title-transform:var(--h2_typography-text-transform);--awb-caption-title-line-height:var(--h2_typography-line-height);--awb-caption-title-letter-spacing:var(--h2_typography-letter-spacing);\"><span class=\" fusion-imageframe imageframe-none imageframe-2 hover-type-none\"><img decoding=\"async\" width=\"1540\" height=\"744\" title=\"food feed graphic\" src=\"https:\/\/www.iql-nog.com\/wp-content\/uploads\/2021\/01\/food-feed-graphic.jpg\" data-orig-src=\"https:\/\/www.iql-nog.com\/wp-content\/uploads\/2021\/01\/food-feed-graphic.jpg\" alt class=\"lazyload img-responsive wp-image-3229\" srcset=\"data:image\/svg+xml,%3Csvg%20xmlns%3D%27http%3A%2F%2Fwww.w3.org%2F2000%2Fsvg%27%20width%3D%271540%27%20height%3D%27744%27%20viewBox%3D%270%200%201540%20744%27%3E%3Crect%20width%3D%271540%27%20height%3D%27744%27%20fill-opacity%3D%220%22%2F%3E%3C%2Fsvg%3E\" data-srcset=\"https:\/\/www.iql-nog.com\/wp-content\/uploads\/2021\/01\/food-feed-graphic-200x97.jpg 200w, https:\/\/www.iql-nog.com\/wp-content\/uploads\/2021\/01\/food-feed-graphic-400x193.jpg 400w, https:\/\/www.iql-nog.com\/wp-content\/uploads\/2021\/01\/food-feed-graphic-600x290.jpg 600w, https:\/\/www.iql-nog.com\/wp-content\/uploads\/2021\/01\/food-feed-graphic-800x386.jpg 800w, https:\/\/www.iql-nog.com\/wp-content\/uploads\/2021\/01\/food-feed-graphic-1200x580.jpg 1200w, https:\/\/www.iql-nog.com\/wp-content\/uploads\/2021\/01\/food-feed-graphic.jpg 1540w\" data-sizes=\"auto\" data-orig-sizes=\"(max-width: 640px) 100vw, 1200px\" \/><\/span><\/div><div class=\"fusion-separator fusion-full-width-sep\" style=\"align-self: center;margin-left: auto;margin-right: auto;margin-top:10px;margin-bottom:10px;width:100%;\"><div class=\"fusion-separator-border sep-double\" style=\"--awb-height:20px;--awb-amount:20px;border-color:#e0dede;border-top-width:0px;border-bottom-width:0px;\"><\/div><\/div><div class=\"fusion-text fusion-text-3\"><p><strong>Excelente solubilizante de sustancias grasas<\/strong><\/p>\n<p><strong>Quolio\u2122<\/strong> est\u00e1 perfectamente refinado y contiene una cantidad m\u00ednima de part\u00edculas, con una turbidez inferior a 0,05 NTU, lo que evita la obstrucci\u00f3n de boquillas durante su aplicaci\u00f3n.<\/p>\n<p>Adem\u00e1s, <strong>Quolio\u2122<\/strong> posee muy buenas propiedades solubilizantes. Al ser ligeramente m\u00e1s polar que los aceites vegetales convencionales, puede actuar eficazmente como disolvente para sustancias dispersables en aceite.<\/p>\n<\/div><div class=\"fusion-separator fusion-full-width-sep\" style=\"align-self: center;margin-left: auto;margin-right: auto;margin-top:5px;margin-bottom:5px;width:100%;\"><div class=\"fusion-separator-border sep-double\" style=\"--awb-height:20px;--awb-amount:20px;border-color:#e0dede;border-top-width:0px;border-bottom-width:0px;\"><\/div><\/div>\n<div class=\"table-1\">\n<table style=\"margin: auto;\">\n<thead>\n<tr>\n<th align=\"left\"><strong>Solvent<\/strong><\/th>\n<th align=\"left\"><strong>Quolio<sup>TM<\/sup><\/strong><\/th>\n<th align=\"left\"><strong>Sunflower oil<\/strong><\/th>\n<\/tr>\n<\/thead>\n<tbody>\n<tr>\n<td style=\"width: 33%;\" align=\"left\">Acetic Acid<\/td>\n<td style=\"width: 33%;\" align=\"left\">Soluble<\/td>\n<td style=\"width: 33%;\" align=\"left\">Soluble<\/td>\n<\/tr>\n<tr>\n<td align=\"left\">Diethyl Ether<\/td>\n<td align=\"left\">Soluble<\/td>\n<td align=\"left\">Soluble<\/td>\n<\/tr>\n<tr>\n<td align=\"left\">Ethanol 96%<\/td>\n<td align=\"left\">Soluble<\/td>\n<td align=\"left\">Insoluble<\/td>\n<\/tr>\n<tr>\n<td align=\"left\">Ethyl Acetate<\/td>\n<td align=\"left\">Soluble<\/td>\n<td align=\"left\">Soluble<\/td>\n<\/tr>\n<tr>\n<td align=\"left\">Glyceryl Oleate Citrate<\/td>\n<td align=\"left\">Soluble<\/td>\n<td align=\"left\">Soluble<\/td>\n<\/tr>\n<tr>\n<td align=\"left\">Hexane<\/td>\n<td align=\"left\">Soluble<\/td>\n<td align=\"left\">Soluble<\/td>\n<\/tr>\n<tr>\n<td align=\"left\">Isopropanol<\/td>\n<td align=\"left\">Soluble<\/td>\n<td align=\"left\">Soluble<\/td>\n<\/tr>\n<tr>\n<td align=\"left\">Isopropyl Myristate<\/td>\n<td align=\"left\">Soluble<\/td>\n<td align=\"left\">Soluble<\/td>\n<\/tr>\n<tr>\n<td align=\"left\">Lecithin<\/td>\n<td align=\"left\">Soluble<\/td>\n<td align=\"left\">Soluble<\/td>\n<\/tr>\n<tr>\n<td align=\"left\">Paraffinum Liquidum<\/td>\n<td align=\"left\">Soluble<\/td>\n<td align=\"left\">Soluble<\/td>\n<\/tr>\n<tr>\n<td align=\"left\">PEG-400 Oleate<\/td>\n<td align=\"left\">Soluble<\/td>\n<td align=\"left\">Soluble<\/td>\n<\/tr>\n<tr>\n<td align=\"left\">Polyglycerol Polyricinoleate<\/td>\n<td align=\"left\">Soluble<\/td>\n<td align=\"left\">Soluble<\/td>\n<\/tr>\n<tr>\n<td align=\"left\">Rapeseed Oil<\/td>\n<td align=\"left\">Soluble<\/td>\n<td align=\"left\">Soluble<\/td>\n<\/tr>\n<tr>\n<td align=\"left\">Soybean Oil<\/td>\n<td align=\"left\">Soluble<\/td>\n<td align=\"left\">Soluble<\/td>\n<\/tr>\n<tr>\n<td align=\"left\">Toluene<\/td>\n<td align=\"left\">Soluble<\/td>\n<td align=\"left\">Soluble<\/td>\n<\/tr>\n<\/tbody>\n<\/table>\n<p style=\"text-align: right;\">Solubility 1:1<\/p>\n<\/div>\n<\/div><\/div><div class=\"fusion-layout-column fusion_builder_column fusion-builder-column-4 fusion_builder_column_1_1 1_1 fusion-flex-column\" style=\"--awb-bg-size:cover;--awb-width-large:100%;--awb-margin-top-large:0px;--awb-spacing-right-large:1.92%;--awb-margin-bottom-large:20px;--awb-spacing-left-large:1.92%;--awb-width-medium:100%;--awb-order-medium:0;--awb-spacing-right-medium:1.92%;--awb-spacing-left-medium:1.92%;--awb-width-small:100%;--awb-order-small:0;--awb-spacing-right-small:1.92%;--awb-spacing-left-small:1.92%;\"><div class=\"fusion-column-wrapper fusion-column-has-shadow fusion-flex-justify-content-flex-start fusion-content-layout-column\"><div class=\"fusion-text fusion-text-4\"><p>En la siguiente tabla se indican los usos recomendados de <strong>Quolio\u2122<\/strong> en aplicaciones de alimentaci\u00f3n humana y animal:<\/p>\n<\/div><div class=\"fusion-separator fusion-full-width-sep\" style=\"align-self: center;margin-left: auto;margin-right: auto;margin-top:5px;margin-bottom:5px;width:100%;\"><div class=\"fusion-separator-border sep-double\" style=\"--awb-height:20px;--awb-amount:20px;border-color:#e0dede;border-top-width:0px;border-bottom-width:0px;\"><\/div><\/div>\n<div class=\"table-1\">\n<table>\n<thead>\n<tr>\n<th align=\"left\"><strong>Function<\/strong><\/th>\n<th align=\"left\"><strong>Advantages<\/strong><\/th>\n<th align=\"left\"><strong>Recommended applications<\/strong><\/th>\n<\/tr>\n<\/thead>\n<tbody>\n<tr>\n<td align=\"left\">Solvent \/ Carrier agent<\/td>\n<td align=\"left\">\n<ul>\n<li>Solvent for oil dispersible materials.<\/li>\n<li>Carriers and transports fat soluble components.<\/li>\n<li>Oxidative stable.<\/li>\n<li>Neutral in taste and smell.<\/li>\n<\/ul>\n<\/td>\n<td align=\"left\">Flavors, essences, vitamins and lipophilic ingredients.<\/td>\n<\/tr>\n<tr>\n<td align=\"left\">Dispersing agent<\/td>\n<td align=\"left\">\n<ul>\n<li>Improves the homogeneity of pigment dispersions.<\/li>\n<\/ul>\n<\/td>\n<td align=\"left\">Colorants, powders, spices, condiment, herbs, etc.<\/td>\n<\/tr>\n<tr>\n<td align=\"left\">Releasing agent<\/td>\n<td align=\"left\">\n<ul>\n<li>Constituent of releasing preparations helps to prevent stickiness.<\/li>\n<\/ul>\n<\/td>\n<td align=\"left\">Baked products in any sort of mold shapes.<\/td>\n<\/tr>\n<tr>\n<td align=\"left\">Hydrophobic agent<\/td>\n<td align=\"left\">\n<ul>\n<li>Good film former and protective capacity.<\/li>\n<li>Low water solubility, it acts as a moisture barrier.<\/li>\n<\/ul>\n<\/td>\n<td align=\"left\">Water repelling for confectionery molds, food processing machines and equipment\u2019s.<\/td>\n<\/tr>\n<tr>\n<td align=\"left\">Surface treating substance<\/td>\n<td align=\"left\">\n<ul>\n<li>Protects and isolates surfaces against corrosion and external air.<\/li>\n<li>Forms a good adhering film on steep walls.<\/li>\n<\/ul>\n<\/td>\n<td align=\"left\">Confectionary molds, food processing machines and equipment\u2019s.<\/td>\n<\/tr>\n<tr>\n<td align=\"left\">Lubricant agent<\/td>\n<td align=\"left\">\n<ul>\n<li>Forms a stable oil film.<\/li>\n<li>Prevents nozzles clogging.<\/li>\n<\/ul>\n<\/td>\n<td align=\"left\">Confectionary molds, extruders, food processing machines and equipment\u2019s.<\/td>\n<\/tr>\n<tr>\n<td align=\"left\">Coating agent<\/td>\n<td align=\"left\">\n<ul>\n<li>Keeps the surface sheen.<\/li>\n<li>Protects against drying out.<\/li>\n<li>Protects against discoloration.<\/li>\n<li>Helps to prevent stickiness.<\/li>\n<li>Prevents water loss.<\/li>\n<\/ul>\n<\/td>\n<td align=\"left\">Dried fruit, frozen foods, confectionery, hard candies and gummies.<\/td>\n<\/tr>\n<tr>\n<td align=\"left\">Clouding agent<\/td>\n<td align=\"left\">\n<ul>\n<li>Produces uniform cloud.<\/li>\n<li>Taste neutral.<\/li>\n<\/ul>\n<\/td>\n<td align=\"left\">Beverages.<\/td>\n<\/tr>\n<\/tbody>\n<\/table>\n<\/div>\n<\/div><\/div><\/div><\/div>\n","protected":false},"excerpt":{"rendered":"","protected":false},"author":1,"featured_media":0,"parent":3701,"menu_order":0,"comment_status":"closed","ping_status":"closed","template":"","meta":{"inline_featured_image":false,"footnotes":""},"class_list":["post-3703","page","type-page","status-publish","hentry"],"yoast_head":"<!-- This site is optimized with the Yoast SEO plugin v27.5 - https:\/\/yoast.com\/product\/yoast-seo-wordpress\/ -->\n<title>Alimentaci\u00f3n Humana y Animal - IQL<\/title>\n<meta name=\"robots\" content=\"index, follow, max-snippet:-1, max-image-preview:large, max-video-preview:-1\" \/>\n<link rel=\"canonical\" href=\"https:\/\/www.iql-nog.com\/es\/productos-y-mercados\/alimentacion-humana-y-animal\/alimentacion-humana-y-animal\/\" \/>\n<meta property=\"og:locale\" content=\"es_ES\" \/>\n<meta property=\"og:type\" content=\"article\" \/>\n<meta property=\"og:title\" content=\"Alimentaci\u00f3n Humana y Animal - IQL\" \/>\n<meta property=\"og:url\" content=\"https:\/\/www.iql-nog.com\/es\/productos-y-mercados\/alimentacion-humana-y-animal\/alimentacion-humana-y-animal\/\" \/>\n<meta property=\"og:site_name\" content=\"IQL\" \/>\n<meta property=\"article:modified_time\" content=\"2025-08-04T13:19:32+00:00\" \/>\n<meta name=\"twitter:card\" content=\"summary_large_image\" \/>\n<meta name=\"twitter:label1\" content=\"Tiempo de lectura\" \/>\n\t<meta name=\"twitter:data1\" content=\"3 minutos\" \/>\n<script type=\"application\/ld+json\" class=\"yoast-schema-graph\">{\"@context\":\"https:\\\/\\\/schema.org\",\"@graph\":[{\"@type\":\"WebPage\",\"@id\":\"https:\\\/\\\/www.iql-nog.com\\\/es\\\/productos-y-mercados\\\/alimentacion-humana-y-animal\\\/alimentacion-humana-y-animal\\\/\",\"url\":\"https:\\\/\\\/www.iql-nog.com\\\/es\\\/productos-y-mercados\\\/alimentacion-humana-y-animal\\\/alimentacion-humana-y-animal\\\/\",\"name\":\"Alimentaci\u00f3n Humana y Animal - IQL\",\"isPartOf\":{\"@id\":\"https:\\\/\\\/www.iql-nog.com\\\/es\\\/#website\"},\"datePublished\":\"2021-01-14T22:25:09+00:00\",\"dateModified\":\"2025-08-04T13:19:32+00:00\",\"breadcrumb\":{\"@id\":\"https:\\\/\\\/www.iql-nog.com\\\/es\\\/productos-y-mercados\\\/alimentacion-humana-y-animal\\\/alimentacion-humana-y-animal\\\/#breadcrumb\"},\"inLanguage\":\"es\",\"potentialAction\":[{\"@type\":\"ReadAction\",\"target\":[\"https:\\\/\\\/www.iql-nog.com\\\/es\\\/productos-y-mercados\\\/alimentacion-humana-y-animal\\\/alimentacion-humana-y-animal\\\/\"]}]},{\"@type\":\"BreadcrumbList\",\"@id\":\"https:\\\/\\\/www.iql-nog.com\\\/es\\\/productos-y-mercados\\\/alimentacion-humana-y-animal\\\/alimentacion-humana-y-animal\\\/#breadcrumb\",\"itemListElement\":[{\"@type\":\"ListItem\",\"position\":1,\"name\":\"Portada\",\"item\":\"https:\\\/\\\/www.iql-nog.com\\\/es\\\/\"},{\"@type\":\"ListItem\",\"position\":2,\"name\":\"Productos y Mercados\",\"item\":\"https:\\\/\\\/www.iql-nog.com\\\/es\\\/productos-y-mercados\\\/\"},{\"@type\":\"ListItem\",\"position\":3,\"name\":\"Alimentaci\u00f3n Humana y Animal\",\"item\":\"https:\\\/\\\/www.iql-nog.com\\\/es\\\/productos-y-mercados\\\/alimentacion-humana-y-animal\\\/\"},{\"@type\":\"ListItem\",\"position\":4,\"name\":\"Alimentaci\u00f3n Humana y Animal\"}]},{\"@type\":\"WebSite\",\"@id\":\"https:\\\/\\\/www.iql-nog.com\\\/es\\\/#website\",\"url\":\"https:\\\/\\\/www.iql-nog.com\\\/es\\\/\",\"name\":\"IQL-NOG\",\"description\":\"Responsible Chemistry\",\"publisher\":{\"@id\":\"https:\\\/\\\/www.iql-nog.com\\\/es\\\/#organization\"},\"potentialAction\":[{\"@type\":\"SearchAction\",\"target\":{\"@type\":\"EntryPoint\",\"urlTemplate\":\"https:\\\/\\\/www.iql-nog.com\\\/es\\\/?s={search_term_string}\"},\"query-input\":{\"@type\":\"PropertyValueSpecification\",\"valueRequired\":true,\"valueName\":\"search_term_string\"}}],\"inLanguage\":\"es\"},{\"@type\":\"Organization\",\"@id\":\"https:\\\/\\\/www.iql-nog.com\\\/es\\\/#organization\",\"name\":\"Industrial Qu\u00edmica Lasem S.A.U.\",\"url\":\"https:\\\/\\\/www.iql-nog.com\\\/es\\\/\",\"logo\":{\"@type\":\"ImageObject\",\"inLanguage\":\"es\",\"@id\":\"https:\\\/\\\/www.iql-nog.com\\\/es\\\/#\\\/schema\\\/logo\\\/image\\\/\",\"url\":\"https:\\\/\\\/www.iql-nog.com\\\/wp-content\\\/uploads\\\/2021\\\/01\\\/logo-footer.svg\",\"contentUrl\":\"https:\\\/\\\/www.iql-nog.com\\\/wp-content\\\/uploads\\\/2021\\\/01\\\/logo-footer.svg\",\"width\":\"1024\",\"height\":\"1024\",\"caption\":\"Industrial Qu\u00edmica Lasem S.A.U.\"},\"image\":{\"@id\":\"https:\\\/\\\/www.iql-nog.com\\\/es\\\/#\\\/schema\\\/logo\\\/image\\\/\"}}]}<\/script>\n<!-- \/ Yoast SEO plugin. -->","yoast_head_json":{"title":"Alimentaci\u00f3n Humana y Animal - IQL","robots":{"index":"index","follow":"follow","max-snippet":"max-snippet:-1","max-image-preview":"max-image-preview:large","max-video-preview":"max-video-preview:-1"},"canonical":"https:\/\/www.iql-nog.com\/es\/productos-y-mercados\/alimentacion-humana-y-animal\/alimentacion-humana-y-animal\/","og_locale":"es_ES","og_type":"article","og_title":"Alimentaci\u00f3n Humana y Animal - IQL","og_url":"https:\/\/www.iql-nog.com\/es\/productos-y-mercados\/alimentacion-humana-y-animal\/alimentacion-humana-y-animal\/","og_site_name":"IQL","article_modified_time":"2025-08-04T13:19:32+00:00","twitter_card":"summary_large_image","twitter_misc":{"Tiempo de lectura":"3 minutos"},"schema":{"@context":"https:\/\/schema.org","@graph":[{"@type":"WebPage","@id":"https:\/\/www.iql-nog.com\/es\/productos-y-mercados\/alimentacion-humana-y-animal\/alimentacion-humana-y-animal\/","url":"https:\/\/www.iql-nog.com\/es\/productos-y-mercados\/alimentacion-humana-y-animal\/alimentacion-humana-y-animal\/","name":"Alimentaci\u00f3n Humana y Animal - IQL","isPartOf":{"@id":"https:\/\/www.iql-nog.com\/es\/#website"},"datePublished":"2021-01-14T22:25:09+00:00","dateModified":"2025-08-04T13:19:32+00:00","breadcrumb":{"@id":"https:\/\/www.iql-nog.com\/es\/productos-y-mercados\/alimentacion-humana-y-animal\/alimentacion-humana-y-animal\/#breadcrumb"},"inLanguage":"es","potentialAction":[{"@type":"ReadAction","target":["https:\/\/www.iql-nog.com\/es\/productos-y-mercados\/alimentacion-humana-y-animal\/alimentacion-humana-y-animal\/"]}]},{"@type":"BreadcrumbList","@id":"https:\/\/www.iql-nog.com\/es\/productos-y-mercados\/alimentacion-humana-y-animal\/alimentacion-humana-y-animal\/#breadcrumb","itemListElement":[{"@type":"ListItem","position":1,"name":"Portada","item":"https:\/\/www.iql-nog.com\/es\/"},{"@type":"ListItem","position":2,"name":"Productos y Mercados","item":"https:\/\/www.iql-nog.com\/es\/productos-y-mercados\/"},{"@type":"ListItem","position":3,"name":"Alimentaci\u00f3n Humana y Animal","item":"https:\/\/www.iql-nog.com\/es\/productos-y-mercados\/alimentacion-humana-y-animal\/"},{"@type":"ListItem","position":4,"name":"Alimentaci\u00f3n Humana y Animal"}]},{"@type":"WebSite","@id":"https:\/\/www.iql-nog.com\/es\/#website","url":"https:\/\/www.iql-nog.com\/es\/","name":"IQL-NOG","description":"Responsible Chemistry","publisher":{"@id":"https:\/\/www.iql-nog.com\/es\/#organization"},"potentialAction":[{"@type":"SearchAction","target":{"@type":"EntryPoint","urlTemplate":"https:\/\/www.iql-nog.com\/es\/?s={search_term_string}"},"query-input":{"@type":"PropertyValueSpecification","valueRequired":true,"valueName":"search_term_string"}}],"inLanguage":"es"},{"@type":"Organization","@id":"https:\/\/www.iql-nog.com\/es\/#organization","name":"Industrial Qu\u00edmica Lasem S.A.U.","url":"https:\/\/www.iql-nog.com\/es\/","logo":{"@type":"ImageObject","inLanguage":"es","@id":"https:\/\/www.iql-nog.com\/es\/#\/schema\/logo\/image\/","url":"https:\/\/www.iql-nog.com\/wp-content\/uploads\/2021\/01\/logo-footer.svg","contentUrl":"https:\/\/www.iql-nog.com\/wp-content\/uploads\/2021\/01\/logo-footer.svg","width":"1024","height":"1024","caption":"Industrial Qu\u00edmica Lasem S.A.U."},"image":{"@id":"https:\/\/www.iql-nog.com\/es\/#\/schema\/logo\/image\/"}}]}},"_links":{"self":[{"href":"https:\/\/www.iql-nog.com\/es\/wp-json\/wp\/v2\/pages\/3703","targetHints":{"allow":["GET"]}}],"collection":[{"href":"https:\/\/www.iql-nog.com\/es\/wp-json\/wp\/v2\/pages"}],"about":[{"href":"https:\/\/www.iql-nog.com\/es\/wp-json\/wp\/v2\/types\/page"}],"author":[{"embeddable":true,"href":"https:\/\/www.iql-nog.com\/es\/wp-json\/wp\/v2\/users\/1"}],"replies":[{"embeddable":true,"href":"https:\/\/www.iql-nog.com\/es\/wp-json\/wp\/v2\/comments?post=3703"}],"version-history":[{"count":2,"href":"https:\/\/www.iql-nog.com\/es\/wp-json\/wp\/v2\/pages\/3703\/revisions"}],"predecessor-version":[{"id":3708,"href":"https:\/\/www.iql-nog.com\/es\/wp-json\/wp\/v2\/pages\/3703\/revisions\/3708"}],"up":[{"embeddable":true,"href":"https:\/\/www.iql-nog.com\/es\/wp-json\/wp\/v2\/pages\/3701"}],"wp:attachment":[{"href":"https:\/\/www.iql-nog.com\/es\/wp-json\/wp\/v2\/media?parent=3703"}],"curies":[{"name":"wp","href":"https:\/\/api.w.org\/{rel}","templated":true}]}}