{"id":3671,"date":"2020-12-15T16:53:13","date_gmt":"2020-12-15T16:53:13","guid":{"rendered":"https:\/\/www.iql-nog.com\/contact\/"},"modified":"2025-08-07T16:20:08","modified_gmt":"2025-08-07T16:20:08","slug":"contacto","status":"publish","type":"page","link":"https:\/\/www.iql-nog.com\/es\/contacto\/","title":{"rendered":"Contacto"},"content":{"rendered":"<p><div class=\"fusion-fullwidth fullwidth-box fusion-builder-row-1 fusion-flex-container has-pattern-background has-mask-background nonhundred-percent-fullwidth non-hundred-percent-height-scrolling\" style=\"--awb-border-radius-top-left:0px;--awb-border-radius-top-right:0px;--awb-border-radius-bottom-right:0px;--awb-border-radius-bottom-left:0px;--awb-flex-wrap:wrap;\" ><div class=\"fusion-builder-row fusion-row fusion-flex-align-items-flex-start fusion-flex-content-wrap\" style=\"max-width:1248px;margin-left: calc(-4% \/ 2 );margin-right: calc(-4% \/ 2 );\"><div class=\"fusion-layout-column fusion_builder_column fusion-builder-column-0 fusion_builder_column_1_1 1_1 fusion-flex-column fusion-flex-align-self-flex-start\" style=\"--awb-bg-size:cover;--awb-width-large:100%;--awb-margin-top-large:0px;--awb-spacing-right-large:1.92%;--awb-margin-bottom-large:20px;--awb-spacing-left-large:1.92%;--awb-width-medium:100%;--awb-order-medium:0;--awb-spacing-right-medium:2.88%;--awb-spacing-left-medium:2.88%;--awb-width-small:100%;--awb-order-small:1;--awb-spacing-right-small:1.92%;--awb-margin-bottom-small:6%;--awb-spacing-left-small:1.92%;\"><div class=\"fusion-column-wrapper fusion-column-has-shadow fusion-flex-justify-content-center fusion-content-layout-column\"><div class=\"fusion-title title fusion-title-1 sep-underline sep-solid fusion-title-text fusion-title-size-one\" style=\"--awb-margin-top:20px;--awb-margin-top-small:10px;--awb-margin-right-small:0px;--awb-margin-bottom-small:10px;--awb-margin-left-small:0px;--awb-sep-color:#35a085;\"><h1 class=\"fusion-title-heading title-heading-left\" style=\"font-family:&quot;Noto Sans JP&quot;;font-style:normal;font-weight:100;margin:0;\">Contacto<\/h1><\/div><\/div><\/div><\/div><\/div><div class=\"fusion-fullwidth fullwidth-box fusion-builder-row-2 fusion-flex-container has-pattern-background has-mask-background nonhundred-percent-fullwidth non-hundred-percent-height-scrolling\" style=\"--awb-border-radius-top-left:0px;--awb-border-radius-top-right:0px;--awb-border-radius-bottom-right:0px;--awb-border-radius-bottom-left:0px;--awb-background-color:rgba(248,248,248,0);--awb-flex-wrap:wrap;\" ><div class=\"fusion-builder-row fusion-row fusion-flex-align-items-center fusion-flex-content-wrap\" style=\"max-width:1248px;margin-left: calc(-4% \/ 2 );margin-right: calc(-4% \/ 2 );\"><div class=\"fusion-layout-column fusion_builder_column fusion-builder-column-1 fusion_builder_column_2_3 2_3 fusion-flex-column\" style=\"--awb-padding-top:30px;--awb-padding-right:30px;--awb-padding-bottom:30px;--awb-padding-left:30px;--awb-overflow:hidden;--awb-bg-color:#ededed;--awb-bg-color-hover:#ededed;--awb-bg-size:cover;--awb-box-shadow:0px 0px 5px 1px rgba(0,0,0,0.2);;--awb-border-radius:5px 5px 5px 5px;--awb-width-large:66.666666666667%;--awb-margin-top-large:0px;--awb-spacing-right-large:2.88%;--awb-margin-bottom-large:20px;--awb-spacing-left-large:2.88%;--awb-width-medium:66.666666666667%;--awb-order-medium:0;--awb-spacing-right-medium:2.88%;--awb-spacing-left-medium:2.88%;--awb-width-small:100%;--awb-order-small:0;--awb-spacing-right-small:1.92%;--awb-spacing-left-small:1.92%;\"><div class=\"fusion-column-wrapper fusion-column-has-shadow fusion-flex-justify-content-flex-start fusion-content-layout-column\"><div class=\"fusion-text fusion-text-1 super-items-list\"><style type=\"text\/css\">.super-form:not(.super-initialized,.super-preview-elements) *:not(.super-load-icon) { visibility: hidden !important; }<\/style><div id=\"super-form-1713\" data-sfuid=\"PPUU8Hmz\" translate=\"no\" style=\"margin:0px 0px 0px 0px;\" class=\"super-form super-form-1713  super-default-rounded super-field-size-medium super-adaptive notranslate\" data-hide=\"true\" data-overlay=\"true\" data-field-size=\"medium\" data-i18n=\"es_ES\"><span class=\"super-load-icon\"><\/span><form tabindex=\"0\" autocomplete=\"on\" enctype=\"multipart\/form-data\"><input type=\"hidden\" name=\"sf_nonce\" value=\"\" \/><input type=\"text\" name=\"super_hp\" size=\"25\" value=\"\" \/><div class=\"super-shortcode super-field super-hidden\"><input class=\"super-shortcode-field\" type=\"hidden\" value=\"1713\" name=\"hidden_form_id\" \/><\/div><div class=\"super-grid super-shortcode\"><div data-sfuid=\"Frpc13hO-1\" class=\"super-shortcode super_one_half super-column grid-level-0 column-number-1 first-column \"><div data-sfuid=\"CrItntsM-2\" id=\"sf-wrapper-1713-1-name\" class=\"super-shortcode super-field super-text super-field-type-text  super-icon-outside super-icon-left bottom-left super-ungrouped  \"><div class=\"super-field-wrapper \"><i class=\"fas fa-user super-icon\"><\/i><input tabindex=\"-1\" class=\"super-shortcode-field\" type=\"text\" name=\"name\" id=\"sf-field-1713-1-name\" data-oname=\"name\" data-validation=\"empty\" data-email=\"Nombre:\" data-exclude=\"0\" data-absolute-default=\"\" data-default-value=\"\" \/><span class=\"super-adaptive-placeholder\" data-placeholder=\"Nombre\" data-placeholderFilled=\"Nombre\"><span>Nombre<\/span><\/span><\/div><div class=\"super-error-msg\">\u00a1Se requiere campo!<\/div><div class=\"super-empty-error-msg\">\u00a1Se requiere campo!<\/div><\/div><\/div><div data-sfuid=\"r9rbIyS9-3\" class=\"super-shortcode super_one_half super-column grid-level-0 column-number-2  \"><div data-sfuid=\"Tee36kLt-4\" id=\"sf-wrapper-1713-1-position\" class=\"super-shortcode super-field super-text super-field-type-text  super-icon-outside super-icon-left bottom-left super-ungrouped  \"><div class=\"super-field-wrapper \"><i class=\"fas fa-address-card super-icon\"><\/i><input tabindex=\"-1\" class=\"super-shortcode-field\" type=\"text\" name=\"position\" id=\"sf-field-1713-1-position\" data-oname=\"position\" data-email=\"Cargo:\" data-exclude=\"0\" data-absolute-default=\"\" data-default-value=\"\" \/><span class=\"super-adaptive-placeholder\" data-placeholder=\"Cargo\" data-placeholderFilled=\"Cargo\"><span>Cargo<\/span><\/span><\/div><div class=\"super-error-msg\">\u00a1Se requiere campo!<\/div><div class=\"super-empty-error-msg\">\u00a1Se requiere campo!<\/div><\/div><\/div><\/div><div class=\"super-grid super-shortcode\"><div data-sfuid=\"457fz299-5\" class=\"super-shortcode super_one_third super-column grid-level-0 column-number-1 first-column \"><div data-sfuid=\"gaSaUyRz-6\" id=\"sf-wrapper-1713-1-company\" class=\"super-shortcode super-field super-text super-field-type-text  super-icon-outside super-icon-left bottom-left super-ungrouped  \"><div class=\"super-field-wrapper \"><i class=\"fas fa-building super-icon\"><\/i><input tabindex=\"-1\" class=\"super-shortcode-field\" type=\"text\" name=\"company\" id=\"sf-field-1713-1-company\" data-oname=\"company\" data-email=\"Empresa:\" data-exclude=\"0\" data-absolute-default=\"\" data-default-value=\"\" \/><span class=\"super-adaptive-placeholder\" data-placeholder=\"Empresa\" data-placeholderFilled=\"Empresa\"><span>Empresa<\/span><\/span><\/div><div class=\"super-error-msg\">\u00a1Se requiere campo!<\/div><div class=\"super-empty-error-msg\">\u00a1Se requiere campo!<\/div><\/div><\/div><div data-sfuid=\"oLZXDoi1-7\" class=\"super-shortcode super_one_third super-column grid-level-0 column-number-2  \"><div data-sfuid=\"lUk4GoxL-8\" id=\"sf-wrapper-1713-1-email\" class=\"super-shortcode super-field super-text super-field-type-email  super-icon-outside super-icon-left bottom-left super-ungrouped  \"><div class=\"super-field-wrapper \"><i class=\"far fa-envelope super-icon\"><\/i><input tabindex=\"-1\" class=\"super-shortcode-field\" type=\"email\" name=\"email\" id=\"sf-field-1713-1-email\" data-oname=\"email\" data-validation=\"email\" data-email=\"Email:\" data-exclude=\"0\" data-absolute-default=\"\" data-default-value=\"\" \/><span class=\"super-adaptive-placeholder\" data-placeholder=\"Email\" data-placeholderFilled=\"Email\"><span>Email<\/span><\/span><\/div><div class=\"super-error-msg\">\u00a1Se requiere campo!<\/div><div class=\"super-empty-error-msg\">\u00a1Se requiere campo!<\/div><\/div><\/div><div data-sfuid=\"iVHOUAHy-9\" class=\"super-shortcode super_one_third super-column grid-level-0 column-number-3  \"><div data-sfuid=\"JpyRGuHb-10\" id=\"sf-wrapper-1713-1-phonenumber\" class=\"super-shortcode super-field super-text super-field-type-tel  super-icon-outside super-icon-left bottom-left super-ungrouped  \"><div class=\"super-field-wrapper \"><i class=\"fas fa-phone super-icon\"><\/i><input tabindex=\"-1\" class=\"super-shortcode-field\" type=\"tel\" name=\"phonenumber\" id=\"sf-field-1713-1-phonenumber\" data-oname=\"phonenumber\" data-validation=\"phone\" data-email=\"Tel\u00e9fono:\" data-exclude=\"0\" data-absolute-default=\"\" data-default-value=\"\" \/><span class=\"super-adaptive-placeholder\" data-placeholder=\"Tel\u00e9fono (con prefijo)\" data-placeholderFilled=\"Tel\u00e9fono (con prefijo)\"><span>Tel\u00e9fono (con prefijo)<\/span><\/span><\/div><div class=\"super-error-msg\">\u00a1Se requiere campo!<\/div><div class=\"super-empty-error-msg\">\u00a1Se requiere campo!<\/div><\/div><\/div><\/div><div class=\"super-grid super-shortcode\"><div data-sfuid=\"Z9r2fMAO-11\" class=\"super-shortcode super_one_full super-column grid-level-0 column-number-1 first-column \"><div data-sfuid=\"lAb5Ms87-12\" id=\"sf-wrapper-1713-1-question\" class=\"super-shortcode super-field super-textarea  super-icon-outside super-icon-left bottom-left super-ungrouped  \"><div class=\"super-field-wrapper \"><i class=\"fas fa-question super-icon\"><\/i><textarea tabindex=\"-1\" class=\"super-shortcode-field\" name=\"question\" id=\"sf-field-1713-1-question\" data-oname=\"question\" data-email=\"Mensaje:\" data-exclude=\"0\" data-absolute-default=\"\" data-default-value=\"\" ><\/textarea><span class=\"super-adaptive-placeholder\" data-placeholder=\"Preg\u00fantanos lo que necesites ...\" data-placeholderFilled=\"Question\"><span>Preg\u00fantanos lo que necesites ...<\/span><\/span><\/div><div class=\"super-error-msg\">\u00a1Se requiere campo!<\/div><div class=\"super-empty-error-msg\">\u00a1Se requiere campo!<\/div><\/div><div data-sfuid=\"7MsxwXnu-13\" id=\"sf-wrapper-1713-1-option\" class=\"super-shortcode super-field super-checkbox super-has-only-label  super-icon-outside super-icon-left bottom-left super-ungrouped   display-vertical\"><div class=\"super-label super-bottom-margin\">Acepto los t\u00e9rminos y condiciones de uso:<\/div><div class=\"super-field-wrapper \"><i class=\"far fa-check-square super-icon\"><\/i><div class=\"super-items-list\"><label class=\"super-item\" ><span class=\"super-before\"><span class=\"super-after\"><\/span><\/span><input type=\"checkbox\" value=\"first_choice\" \/><div><div style=\"text-align: justify !important\">Los datos personales que proporciones en este formulario ser\u00e1n tratados por Industrial Qu\u00edmica Lasem, S.A.U., con domicilio en Pol. Ind. Pla del Cam\u00ed \u2013 Av. de la Ind\u00fastria 7, 08297, Castellgal\u00ed (Barcelona) Espa\u00f1a, sobre la base de tu mensaje y con la finalidad de dar respuesta al mismo. Podr\u00e1s ejercer tus derechos de acceso, rectificaci\u00f3n, supresi\u00f3n, oposici\u00f3n, portabilidad, limitaci\u00f3n del tratamiento, as\u00ed como cualquier otro derecho previsto por la normativa vigente en materia de protecci\u00f3n de datos, contactando con nosotros en <a href=\"mailto:iql.web@iql-nog.com\">iql.web@iql-nog.com<\/a>. Puedes consultar toda la informaci\u00f3n detallada sobre c\u00f3mo tratamos tus datos en el siguiente enlace: <a href=\"https:\/\/www.iql-nog.com\/es\/politica-privacidad\/\">Pol\u00edtica de Privacidad<\/a>.<br> No aceptamos consultas relacionadas con empleos a trav\u00e9s de este formulario. Para ello, por favor visita nuestra p\u00e1gina web de <a href=\"https:\/\/www.iql-nog.com\/es\/envianos-tu-cv\/\">Carreras<\/a>.<\/div><\/div><\/label><\/div><input class=\"super-shortcode-field\" type=\"hidden\" name=\"option\" value=\"\" id=\"sf-field-1713-1-option\" data-oname=\"option\" data-validation=\"empty\" data-email=\"Acepto los t\u00e9rminos y condiciones de uso:\" data-exclude=\"0\" data-absolute-default=\"\" data-default-value=\"\" \/><\/div><div class=\"super-error-msg\">\u00a1Se requiere campo!<\/div><div class=\"super-empty-error-msg\">\u00a1Se requiere campo!<\/div><\/div><div data-sfuid=\"QuFTohzx-14\" class=\"super-shortcode super-field super-recaptcha  super-align-left bottom-left super-ungrouped  \"><div class=\"super-recaptcha align-left\" data-sitekey=\"6Le5dN4aAAAAAH_HqGxFMqObjbJ61JbQDEACnAp5\"><\/div><\/div><\/div><\/div><div data-color=\"#35a085\" data-light=\"#49b499\" data-dark=\"#178267\" data-hover-color=\"#444444\" data-hover-light=\"#585858\" data-hover-dark=\"#262626\" data-font=\"#ffffff\" data-font-hover=\"#ffffff\" data-radius=\"rounded\" data-type=\"2d\" class=\"super-extra-shortcode super-shortcode super-field super-button super-clear-none super-form-button super-radius-rounded super-type-2d super-button-medium super-button-align-left super-button-width-auto\"><div data-href=\"\" class=\"super-button-wrap no_link\"><div class=\"super-button-name\" data-action=\"submit\" data-normal=\"Enviar\" data-loading=\"En proceso...\">Enviar<\/div><span class=\"super-after\"><\/span><\/div><\/div><\/form><\/div>\n<\/div><\/div><\/div><div class=\"fusion-layout-column fusion_builder_column fusion-builder-column-2 fusion_builder_column_1_3 1_3 fusion-flex-column fusion-flex-align-self-flex-start\" style=\"--awb-bg-size:cover;--awb-width-large:33.333333333333%;--awb-margin-top-large:0px;--awb-spacing-right-large:5.76%;--awb-margin-bottom-large:20px;--awb-spacing-left-large:5.76%;--awb-width-medium:33.333333333333%;--awb-order-medium:0;--awb-spacing-right-medium:5.76%;--awb-spacing-left-medium:5.76%;--awb-width-small:100%;--awb-order-small:0;--awb-spacing-right-small:1.92%;--awb-spacing-left-small:1.92%;\"><div class=\"fusion-column-wrapper fusion-column-has-shadow fusion-flex-justify-content-flex-start fusion-content-layout-column\"><div class=\"fusion-image-element \" style=\"--awb-caption-title-font-family:var(--h2_typography-font-family);--awb-caption-title-font-weight:var(--h2_typography-font-weight);--awb-caption-title-font-style:var(--h2_typography-font-style);--awb-caption-title-size:var(--h2_typography-font-size);--awb-caption-title-transform:var(--h2_typography-text-transform);--awb-caption-title-line-height:var(--h2_typography-line-height);--awb-caption-title-letter-spacing:var(--h2_typography-letter-spacing);\"><span class=\" fusion-imageframe imageframe-none imageframe-1 hover-type-none\"><img decoding=\"async\" width=\"300\" height=\"300\" title=\"logo-home-4\" src=\"data:image\/svg+xml,%3Csvg%20xmlns%3D%27http%3A%2F%2Fwww.w3.org%2F2000%2Fsvg%27%20width%3D%27451%27%20height%3D%2756%27%20viewBox%3D%270%200%20451%2056%27%3E%3Crect%20width%3D%27451%27%20height%3D%2756%27%20fill-opacity%3D%220%22%2F%3E%3C%2Fsvg%3E\" data-orig-src=\"https:\/\/www.iql-nog.com\/wp-content\/uploads\/2021\/01\/logo-home-4.svg\" alt class=\"lazyload img-responsive wp-image-3227\"\/><\/span><\/div><ul style=\"--awb-iconcolor:#35a085;--awb-line-height:27.2px;--awb-icon-width:27.2px;--awb-icon-height:27.2px;--awb-icon-margin:11.2px;--awb-content-margin:38.4px;\" class=\"fusion-checklist fusion-checklist-1 fusion-checklist-default type-icons\"><li class=\"fusion-li-item\" style=\"\"><span class=\"icon-wrapper circle-no\"><i class=\"fusion-li-icon fa-map-marker-alt fas\" aria-hidden=\"true\"><\/i><\/span><div class=\"fusion-li-item-content\">\n<p>Av. de la Ind\u00fastria, 7<br \/>\nPol. Ind. Pla del Cam\u00ed<br \/>\n08297 Castellgal\u00ed (Barcelona)<\/p>\n<\/div><\/li><li class=\"fusion-li-item\" style=\"\"><span class=\"icon-wrapper circle-no\"><i class=\"fusion-li-icon fa-phone-alt fas\" aria-hidden=\"true\"><\/i><\/span><div class=\"fusion-li-item-content\">\n<p><a href=\"tel:+ 34 93 875 88 40\">+ 34 93 875 88 40<\/a><\/p>\n<\/div><\/li><li class=\"fusion-li-item\" style=\"\"><span class=\"icon-wrapper circle-no\"><i class=\"fusion-li-icon fa-fax fas\" aria-hidden=\"true\"><\/i><\/span><div class=\"fusion-li-item-content\">\n<p><a href=\"fax:+ 34 93 875 88 41\">+ 34 93 875 88 41<\/a><\/p>\n<\/div><\/li><li class=\"fusion-li-item\" style=\"\"><span class=\"icon-wrapper circle-no\"><i class=\"fusion-li-icon fa-at fas\" aria-hidden=\"true\"><\/i><\/span><div class=\"fusion-li-item-content\">\n<p><a href=\"mailto:iql.info@iql-nog.com\">iql.info@iql-nog.com<\/a><\/p>\n<\/div><\/li><\/ul>\t\t\t\t\t<script type=\"text\/javascript\">\n\t\t\t\t\t\tvar map_fusion_map_69f0ce19a6bd6;\n\t\t\t\t\t\tvar markers = [];\n\t\t\t\t\t\tvar counter = 0;\n\t\t\t\t\t\t\t\t\t\t\t\t\t\t\t\t\t\t\t\tvar fusionMapNonce = '7a857fcb82';\n\t\t\t\t\t\t\t\t\t\t\t\tfunction fusion_run_map_fusion_map_69f0ce19a6bd6() {\n\t\t\t\t\t\t\tjQuery ('#fusion_map_69f0ce19a6bd6' ).fusion_maps( {\n\t\t\t\t\t\t\t\taddresses: [{\"address\":\"Industrias quimicas lasem<br \\\/>\\nPla\\u00e7a Indust 2G Pla del Cami, 7<br \\\/>\\n08297 Castellgal\\u00ed<br \\\/>\\nBarcelona<br \\\/>\\nSpain\",\"infobox_content\":\"Industrias quimicas lasem<br \\\/>\\\\nPla\\u00e7a Indust 2G Pla del Cami, 7<br \\\/>\\\\n08297 Castellgal\\u00ed<br \\\/>\\\\nBarcelona<br \\\/>\\\\nSpain\",\"coordinates\":false,\"cache\":true,\"latitude\":\"41.67085\",\"longitude\":\"1.85086\"}],\n\t\t\t\t\t\t\t\tanimations: false,\n\t\t\t\t\t\t\t\tinfobox_background_color: '',\n\t\t\t\t\t\t\t\tinfobox_styling: 'default',\n\t\t\t\t\t\t\t\tinfobox_text_color: '',\n\t\t\t\t\t\t\t\tmap_style: 'default',\n\t\t\t\t\t\t\t\tmap_type: 'roadmap',\n\t\t\t\t\t\t\t\tmarker_icon: '',\n\t\t\t\t\t\t\t\toverlay_color: '',\n\t\t\t\t\t\t\t\toverlay_color_hsl: {\"hue\":0,\"sat\":0,\"lum\":100},\n\t\t\t\t\t\t\t\tshow_address: false,\n\t\t\t\t\t\t\t\tscale_control: true,\n\t\t\t\t\t\t\t\tscrollwheel: true,\n\t\t\t\t\t\t\t\tzoom: 14,\n\t\t\t\t\t\t\t\tzoom_control: true,\n\t\t\t\t\t\t\t} );\n\t\t\t\t\t\t}\n\n\t\t\t\t\t\tgoogle.maps.event.addDomListener(window, 'load', fusion_run_map_fusion_map_69f0ce19a6bd6);\n\t\t\t\t\t<\/script>\n\t\t\t\t\t<div class=\"shortcode-map fusion-google-map fusion-maps-js-type\" style=\"--awb-margin-top:20px;--awb-height:400px;--awb-width:350px;\" id=\"fusion_map_69f0ce19a6bd6\"><\/div><\/div><\/div><\/div><\/div><\/p>\n","protected":false},"excerpt":{"rendered":"","protected":false},"author":1,"featured_media":0,"parent":0,"menu_order":0,"comment_status":"closed","ping_status":"closed","template":"","meta":{"inline_featured_image":false,"footnotes":""},"class_list":["post-3671","page","type-page","status-publish","hentry"],"yoast_head":"<!-- This site is optimized with the Yoast SEO plugin v27.3 - https:\/\/yoast.com\/product\/yoast-seo-wordpress\/ -->\n<title>Contacto - IQL<\/title>\n<meta name=\"robots\" content=\"index, follow, max-snippet:-1, max-image-preview:large, max-video-preview:-1\" \/>\n<link rel=\"canonical\" href=\"https:\/\/www.iql-nog.com\/es\/contacto\/\" \/>\n<meta property=\"og:locale\" content=\"es_ES\" \/>\n<meta property=\"og:type\" content=\"article\" \/>\n<meta property=\"og:title\" content=\"Contacto - IQL\" \/>\n<meta property=\"og:url\" content=\"https:\/\/www.iql-nog.com\/es\/contacto\/\" \/>\n<meta property=\"og:site_name\" content=\"IQL\" \/>\n<meta property=\"article:modified_time\" content=\"2025-08-07T16:20:08+00:00\" \/>\n<meta name=\"twitter:card\" content=\"summary_large_image\" \/>\n<meta name=\"twitter:label1\" content=\"Tiempo de lectura\" \/>\n\t<meta name=\"twitter:data1\" content=\"2 minutos\" \/>\n<script type=\"application\/ld+json\" class=\"yoast-schema-graph\">{\"@context\":\"https:\\\/\\\/schema.org\",\"@graph\":[{\"@type\":\"WebPage\",\"@id\":\"https:\\\/\\\/www.iql-nog.com\\\/es\\\/contacto\\\/\",\"url\":\"https:\\\/\\\/www.iql-nog.com\\\/es\\\/contacto\\\/\",\"name\":\"Contacto - IQL\",\"isPartOf\":{\"@id\":\"https:\\\/\\\/www.iql-nog.com\\\/es\\\/#website\"},\"datePublished\":\"2020-12-15T16:53:13+00:00\",\"dateModified\":\"2025-08-07T16:20:08+00:00\",\"breadcrumb\":{\"@id\":\"https:\\\/\\\/www.iql-nog.com\\\/es\\\/contacto\\\/#breadcrumb\"},\"inLanguage\":\"es\",\"potentialAction\":[{\"@type\":\"ReadAction\",\"target\":[\"https:\\\/\\\/www.iql-nog.com\\\/es\\\/contacto\\\/\"]}]},{\"@type\":\"BreadcrumbList\",\"@id\":\"https:\\\/\\\/www.iql-nog.com\\\/es\\\/contacto\\\/#breadcrumb\",\"itemListElement\":[{\"@type\":\"ListItem\",\"position\":1,\"name\":\"Portada\",\"item\":\"https:\\\/\\\/www.iql-nog.com\\\/es\\\/\"},{\"@type\":\"ListItem\",\"position\":2,\"name\":\"Contacto\"}]},{\"@type\":\"WebSite\",\"@id\":\"https:\\\/\\\/www.iql-nog.com\\\/es\\\/#website\",\"url\":\"https:\\\/\\\/www.iql-nog.com\\\/es\\\/\",\"name\":\"IQL-NOG\",\"description\":\"Responsible Chemistry\",\"publisher\":{\"@id\":\"https:\\\/\\\/www.iql-nog.com\\\/es\\\/#organization\"},\"potentialAction\":[{\"@type\":\"SearchAction\",\"target\":{\"@type\":\"EntryPoint\",\"urlTemplate\":\"https:\\\/\\\/www.iql-nog.com\\\/es\\\/?s={search_term_string}\"},\"query-input\":{\"@type\":\"PropertyValueSpecification\",\"valueRequired\":true,\"valueName\":\"search_term_string\"}}],\"inLanguage\":\"es\"},{\"@type\":\"Organization\",\"@id\":\"https:\\\/\\\/www.iql-nog.com\\\/es\\\/#organization\",\"name\":\"Industrial Qu\u00edmica Lasem S.A.U.\",\"url\":\"https:\\\/\\\/www.iql-nog.com\\\/es\\\/\",\"logo\":{\"@type\":\"ImageObject\",\"inLanguage\":\"es\",\"@id\":\"https:\\\/\\\/www.iql-nog.com\\\/es\\\/#\\\/schema\\\/logo\\\/image\\\/\",\"url\":\"https:\\\/\\\/www.iql-nog.com\\\/wp-content\\\/uploads\\\/2021\\\/01\\\/logo-footer.svg\",\"contentUrl\":\"https:\\\/\\\/www.iql-nog.com\\\/wp-content\\\/uploads\\\/2021\\\/01\\\/logo-footer.svg\",\"width\":\"1024\",\"height\":\"1024\",\"caption\":\"Industrial Qu\u00edmica Lasem S.A.U.\"},\"image\":{\"@id\":\"https:\\\/\\\/www.iql-nog.com\\\/es\\\/#\\\/schema\\\/logo\\\/image\\\/\"}}]}<\/script>\n<!-- \/ Yoast SEO plugin. -->","yoast_head_json":{"title":"Contacto - IQL","robots":{"index":"index","follow":"follow","max-snippet":"max-snippet:-1","max-image-preview":"max-image-preview:large","max-video-preview":"max-video-preview:-1"},"canonical":"https:\/\/www.iql-nog.com\/es\/contacto\/","og_locale":"es_ES","og_type":"article","og_title":"Contacto - IQL","og_url":"https:\/\/www.iql-nog.com\/es\/contacto\/","og_site_name":"IQL","article_modified_time":"2025-08-07T16:20:08+00:00","twitter_card":"summary_large_image","twitter_misc":{"Tiempo de lectura":"2 minutos"},"schema":{"@context":"https:\/\/schema.org","@graph":[{"@type":"WebPage","@id":"https:\/\/www.iql-nog.com\/es\/contacto\/","url":"https:\/\/www.iql-nog.com\/es\/contacto\/","name":"Contacto - IQL","isPartOf":{"@id":"https:\/\/www.iql-nog.com\/es\/#website"},"datePublished":"2020-12-15T16:53:13+00:00","dateModified":"2025-08-07T16:20:08+00:00","breadcrumb":{"@id":"https:\/\/www.iql-nog.com\/es\/contacto\/#breadcrumb"},"inLanguage":"es","potentialAction":[{"@type":"ReadAction","target":["https:\/\/www.iql-nog.com\/es\/contacto\/"]}]},{"@type":"BreadcrumbList","@id":"https:\/\/www.iql-nog.com\/es\/contacto\/#breadcrumb","itemListElement":[{"@type":"ListItem","position":1,"name":"Portada","item":"https:\/\/www.iql-nog.com\/es\/"},{"@type":"ListItem","position":2,"name":"Contacto"}]},{"@type":"WebSite","@id":"https:\/\/www.iql-nog.com\/es\/#website","url":"https:\/\/www.iql-nog.com\/es\/","name":"IQL-NOG","description":"Responsible Chemistry","publisher":{"@id":"https:\/\/www.iql-nog.com\/es\/#organization"},"potentialAction":[{"@type":"SearchAction","target":{"@type":"EntryPoint","urlTemplate":"https:\/\/www.iql-nog.com\/es\/?s={search_term_string}"},"query-input":{"@type":"PropertyValueSpecification","valueRequired":true,"valueName":"search_term_string"}}],"inLanguage":"es"},{"@type":"Organization","@id":"https:\/\/www.iql-nog.com\/es\/#organization","name":"Industrial Qu\u00edmica Lasem S.A.U.","url":"https:\/\/www.iql-nog.com\/es\/","logo":{"@type":"ImageObject","inLanguage":"es","@id":"https:\/\/www.iql-nog.com\/es\/#\/schema\/logo\/image\/","url":"https:\/\/www.iql-nog.com\/wp-content\/uploads\/2021\/01\/logo-footer.svg","contentUrl":"https:\/\/www.iql-nog.com\/wp-content\/uploads\/2021\/01\/logo-footer.svg","width":"1024","height":"1024","caption":"Industrial Qu\u00edmica Lasem S.A.U."},"image":{"@id":"https:\/\/www.iql-nog.com\/es\/#\/schema\/logo\/image\/"}}]}},"_links":{"self":[{"href":"https:\/\/www.iql-nog.com\/es\/wp-json\/wp\/v2\/pages\/3671","targetHints":{"allow":["GET"]}}],"collection":[{"href":"https:\/\/www.iql-nog.com\/es\/wp-json\/wp\/v2\/pages"}],"about":[{"href":"https:\/\/www.iql-nog.com\/es\/wp-json\/wp\/v2\/types\/page"}],"author":[{"embeddable":true,"href":"https:\/\/www.iql-nog.com\/es\/wp-json\/wp\/v2\/users\/1"}],"replies":[{"embeddable":true,"href":"https:\/\/www.iql-nog.com\/es\/wp-json\/wp\/v2\/comments?post=3671"}],"version-history":[{"count":3,"href":"https:\/\/www.iql-nog.com\/es\/wp-json\/wp\/v2\/pages\/3671\/revisions"}],"predecessor-version":[{"id":3823,"href":"https:\/\/www.iql-nog.com\/es\/wp-json\/wp\/v2\/pages\/3671\/revisions\/3823"}],"wp:attachment":[{"href":"https:\/\/www.iql-nog.com\/es\/wp-json\/wp\/v2\/media?parent=3671"}],"curies":[{"name":"wp","href":"https:\/\/api.w.org\/{rel}","templated":true}]}}