{"id":3630,"date":"2021-01-13T21:43:14","date_gmt":"2021-01-13T21:43:14","guid":{"rendered":"https:\/\/www.iql-nog.com\/responsabilidad\/procurement\/"},"modified":"2025-08-07T17:05:51","modified_gmt":"2025-08-07T17:05:51","slug":"compras","status":"publish","type":"page","link":"https:\/\/www.iql-nog.com\/es\/responsabilidad\/compras\/","title":{"rendered":"Compras"},"content":{"rendered":"<p><div class=\"fusion-fullwidth fullwidth-box fusion-builder-row-1 fusion-flex-container nonhundred-percent-fullwidth non-hundred-percent-height-scrolling\" style=\"--awb-border-radius-top-left:0px;--awb-border-radius-top-right:0px;--awb-border-radius-bottom-right:0px;--awb-border-radius-bottom-left:0px;--awb-background-color:rgba(248,248,248,0);--awb-flex-wrap:wrap;\" ><div class=\"fusion-builder-row fusion-row fusion-flex-align-items-flex-start fusion-flex-align-content-flex-start fusion-flex-content-wrap\" style=\"max-width:1248px;margin-left: calc(-4% \/ 2 );margin-right: calc(-4% \/ 2 );\"><div class=\"fusion-layout-column fusion_builder_column fusion-builder-column-0 fusion_builder_column_1_1 1_1 fusion-flex-column fusion-flex-align-self-flex-start\" style=\"--awb-bg-size:cover;--awb-width-large:100%;--awb-margin-top-large:0px;--awb-spacing-right-large:1.92%;--awb-margin-bottom-large:20px;--awb-spacing-left-large:1.92%;--awb-width-medium:100%;--awb-order-medium:0;--awb-spacing-right-medium:2.88%;--awb-spacing-left-medium:2.88%;--awb-width-small:100%;--awb-order-small:1;--awb-spacing-right-small:1.92%;--awb-margin-bottom-small:6%;--awb-spacing-left-small:1.92%;\"><div class=\"fusion-column-wrapper fusion-column-has-shadow fusion-flex-justify-content-center fusion-content-layout-column\"><div class=\"fusion-title title fusion-title-1 sep-underline sep-solid fusion-title-text fusion-title-size-one\" style=\"--awb-margin-top:20px;--awb-margin-top-small:10px;--awb-margin-right-small:0px;--awb-margin-bottom-small:10px;--awb-margin-left-small:0px;--awb-sep-color:#35a085;\"><h1 class=\"fusion-title-heading title-heading-left\" style=\"font-family:&quot;Noto Sans JP&quot;;font-style:normal;font-weight:100;margin:0;\">Compras<\/h1><\/div><\/div><\/div><\/div><\/div><div class=\"fusion-fullwidth fullwidth-box fusion-builder-row-2 fusion-flex-container has-pattern-background has-mask-background nonhundred-percent-fullwidth non-hundred-percent-height-scrolling\" style=\"--awb-border-radius-top-left:0px;--awb-border-radius-top-right:0px;--awb-border-radius-bottom-right:0px;--awb-border-radius-bottom-left:0px;--awb-flex-wrap:wrap;\" ><div class=\"fusion-builder-row fusion-row fusion-flex-align-items-flex-start fusion-flex-content-wrap\" style=\"max-width:1248px;margin-left: calc(-4% \/ 2 );margin-right: calc(-4% \/ 2 );\"><div class=\"fusion-layout-column fusion_builder_column fusion-builder-column-1 fusion_builder_column_2_3 2_3 fusion-flex-column\" style=\"--awb-bg-size:cover;--awb-width-large:66.666666666667%;--awb-margin-top-large:0px;--awb-spacing-right-large:2.88%;--awb-margin-bottom-large:20px;--awb-spacing-left-large:2.88%;--awb-width-medium:66.666666666667%;--awb-order-medium:0;--awb-spacing-right-medium:2.88%;--awb-spacing-left-medium:2.88%;--awb-width-small:100%;--awb-order-small:0;--awb-spacing-right-small:1.92%;--awb-spacing-left-small:1.92%;\"><div class=\"fusion-column-wrapper fusion-column-has-shadow fusion-flex-justify-content-flex-start fusion-content-layout-column\"><div class=\"fusion-text fusion-text-1\"><p>La innovaci\u00f3n est\u00e1 en el centro de la misi\u00f3n de IQL.<br \/>Nos esforzamos por impulsar la innovaci\u00f3n no solo en nuestras propias operaciones, sino tambi\u00e9n a trav\u00e9s de una estrecha colaboraci\u00f3n con nuestros proveedores, tanto actuales como potenciales.<br \/>Logramos esto aprovechando una investigaci\u00f3n profunda, el conocimiento especializado y una comprensi\u00f3n global tanto de las materias primas existentes como de las emergentes, as\u00ed como de las capacidades de producci\u00f3n.<\/p>\n<p>En IQL, el \u00e1rea de compras va mucho m\u00e1s all\u00e1 de la simple adquisici\u00f3n de bienes y servicios: desempe\u00f1a un papel estrat\u00e9gico en el desarrollo de relaciones s\u00f3lidas con proveedores clave, gui\u00e1ndose por los valores promovidos por la direcci\u00f3n, como la confianza, el compromiso, la coherencia, la innovaci\u00f3n y la sostenibilidad.<\/p>\n<p>Cada a\u00f1o, evaluamos el desempe\u00f1o de nuestros proveedores en funci\u00f3n de la calidad de sus entregas. Entre los criterios clave se incluyen el cumplimiento de las especificaciones acordadas, as\u00ed como la puntualidad y la precisi\u00f3n en las entregas.<\/p>\n<p>En <strong>IQL<\/strong>, seguimos con orgullo las <a href=\"https:\/\/www.iql-nog.com\/wp-content\/uploads\/2024\/05\/The_Nisshin_OilliO_Group_Supplier_Guideline.pdf\" target=\"_blank\" rel=\"noopener\">directrices para proveedores<\/a> establecidas por Nisshin OilliO Group, Ltd.<\/p>\n<\/div><\/div><\/div><div class=\"fusion-layout-column fusion_builder_column fusion-builder-column-2 awb-sticky awb-sticky-small awb-sticky-medium awb-sticky-large fusion_builder_column_1_3 1_3 fusion-flex-column\" style=\"--awb-bg-size:cover;--awb-width-large:33.333333333333%;--awb-margin-top-large:0px;--awb-spacing-right-large:5.76%;--awb-margin-bottom-large:20px;--awb-spacing-left-large:5.76%;--awb-width-medium:33.333333333333%;--awb-order-medium:0;--awb-spacing-right-medium:5.76%;--awb-spacing-left-medium:5.76%;--awb-width-small:100%;--awb-order-small:0;--awb-spacing-right-small:1.92%;--awb-spacing-left-small:1.92%;--awb-sticky-offset:90px;\"><div class=\"fusion-column-wrapper fusion-column-has-shadow fusion-flex-justify-content-flex-start fusion-content-layout-column\"><div class=\"fusion-image-element \" style=\"--awb-caption-title-font-family:var(--h2_typography-font-family);--awb-caption-title-font-weight:var(--h2_typography-font-weight);--awb-caption-title-font-style:var(--h2_typography-font-style);--awb-caption-title-size:var(--h2_typography-font-size);--awb-caption-title-transform:var(--h2_typography-text-transform);--awb-caption-title-line-height:var(--h2_typography-line-height);--awb-caption-title-letter-spacing:var(--h2_typography-letter-spacing);\"><span class=\" fusion-imageframe imageframe-none imageframe-1 hover-type-none\"><img decoding=\"async\" width=\"798\" height=\"1199\" title=\"81\" src=\"https:\/\/www.iql-nog.com\/wp-content\/uploads\/2025\/04\/81.jpg\" data-orig-src=\"https:\/\/www.iql-nog.com\/wp-content\/uploads\/2025\/04\/81.jpg\" alt class=\"lazyload img-responsive wp-image-3571\" srcset=\"data:image\/svg+xml,%3Csvg%20xmlns%3D%27http%3A%2F%2Fwww.w3.org%2F2000%2Fsvg%27%20width%3D%27798%27%20height%3D%271199%27%20viewBox%3D%270%200%20798%201199%27%3E%3Crect%20width%3D%27798%27%20height%3D%271199%27%20fill-opacity%3D%220%22%2F%3E%3C%2Fsvg%3E\" data-srcset=\"https:\/\/www.iql-nog.com\/wp-content\/uploads\/2025\/04\/81-200x301.jpg 200w, https:\/\/www.iql-nog.com\/wp-content\/uploads\/2025\/04\/81-400x601.jpg 400w, https:\/\/www.iql-nog.com\/wp-content\/uploads\/2025\/04\/81-600x902.jpg 600w, https:\/\/www.iql-nog.com\/wp-content\/uploads\/2025\/04\/81.jpg 798w\" data-sizes=\"auto\" data-orig-sizes=\"(max-width: 640px) 100vw, 400px\" \/><\/span><\/div><\/div><\/div><\/div><\/div><div class=\"fusion-fullwidth fullwidth-box fusion-builder-row-3 fusion-flex-container has-pattern-background has-mask-background nonhundred-percent-fullwidth non-hundred-percent-height-scrolling\" style=\"--awb-border-radius-top-left:0px;--awb-border-radius-top-right:0px;--awb-border-radius-bottom-right:0px;--awb-border-radius-bottom-left:0px;--awb-flex-wrap:wrap;\" ><div class=\"fusion-builder-row fusion-row fusion-flex-align-items-flex-start fusion-flex-content-wrap\" style=\"max-width:1248px;margin-left: calc(-4% \/ 2 );margin-right: calc(-4% \/ 2 );\"><div class=\"fusion-layout-column fusion_builder_column fusion-builder-column-3 fusion_builder_column_1_6 1_6 fusion-flex-column\" style=\"--awb-bg-size:cover;--awb-width-large:16.666666666667%;--awb-margin-top-large:0px;--awb-spacing-right-large:11.52%;--awb-margin-bottom-large:20px;--awb-spacing-left-large:11.52%;--awb-width-medium:16.666666666667%;--awb-order-medium:0;--awb-spacing-right-medium:11.52%;--awb-spacing-left-medium:11.52%;--awb-width-small:100%;--awb-order-small:0;--awb-spacing-right-small:1.92%;--awb-spacing-left-small:1.92%;\"><div class=\"fusion-column-wrapper fusion-column-has-shadow fusion-flex-justify-content-flex-start fusion-content-layout-column\"><\/div><\/div><div class=\"fusion-layout-column fusion_builder_column fusion-builder-column-4 fusion_builder_column_2_3 2_3 fusion-flex-column\" style=\"--awb-bg-size:cover;--awb-width-large:66.666666666667%;--awb-margin-top-large:0px;--awb-spacing-right-large:2.88%;--awb-margin-bottom-large:20px;--awb-spacing-left-large:2.88%;--awb-width-medium:66.666666666667%;--awb-order-medium:0;--awb-spacing-right-medium:2.88%;--awb-spacing-left-medium:2.88%;--awb-width-small:100%;--awb-order-small:0;--awb-spacing-right-small:1.92%;--awb-spacing-left-small:1.92%;\"><div class=\"fusion-column-wrapper fusion-column-has-shadow fusion-flex-justify-content-flex-start fusion-content-layout-column\"><div class=\"fusion-text fusion-text-2 form-text-box\"><p><strong>Nos gustar\u00eda saber de ti:<\/strong><\/p>\n<style type=\"text\/css\">.super-form:not(.super-initialized,.super-preview-elements) *:not(.super-load-icon) { visibility: hidden !important; }<\/style><div id=\"super-form-1730\" data-sfuid=\"tYLW9kYe\" translate=\"no\" style=\"margin:0px 0px 0px 0px;\" class=\"super-form super-form-1730  super-default-rounded super-field-size-medium super-adaptive notranslate\" data-hide=\"true\" data-overlay=\"true\" data-field-size=\"medium\" data-i18n=\"es_ES\"><span class=\"super-load-icon\"><\/span><form tabindex=\"0\" autocomplete=\"on\" enctype=\"multipart\/form-data\"><input type=\"hidden\" name=\"sf_nonce\" value=\"\" \/><input type=\"text\" name=\"super_hp\" size=\"25\" value=\"\" \/><div class=\"super-shortcode super-field super-hidden\"><input class=\"super-shortcode-field\" type=\"hidden\" value=\"1730\" name=\"hidden_form_id\" \/><\/div><div class=\"super-grid super-shortcode\"><div data-sfuid=\"X7jmX7vu-1\" class=\"super-shortcode super_one_half super-column grid-level-0 column-number-1 first-column \"><div data-sfuid=\"CTx9e67j-2\" id=\"sf-wrapper-1730-1-name\" class=\"super-shortcode super-field super-text super-field-type-text  super-icon-outside super-icon-left bottom-left super-ungrouped  \"><div class=\"super-field-wrapper \"><i class=\"fas fa-user super-icon\"><\/i><input tabindex=\"-1\" class=\"super-shortcode-field\" type=\"text\" name=\"name\" id=\"sf-field-1730-1-name\" data-oname=\"name\" data-validation=\"empty\" data-email=\"Name:\" data-exclude=\"0\" data-absolute-default=\"\" data-default-value=\"\" \/><span class=\"super-adaptive-placeholder\" data-placeholder=\"Nombre\" data-placeholderFilled=\"Name\"><span>Nombre<\/span><\/span><\/div><div class=\"super-error-msg\">\u00a1Se requiere campo!<\/div><div class=\"super-empty-error-msg\">\u00a1Se requiere campo!<\/div><\/div><\/div><div data-sfuid=\"XiWjSZpg-3\" class=\"super-shortcode super_one_half super-column grid-level-0 column-number-2  \"><div data-sfuid=\"7KSc7ieH-4\" id=\"sf-wrapper-1730-1-position\" class=\"super-shortcode super-field super-text super-field-type-text  super-icon-outside super-icon-left bottom-left super-ungrouped  \"><div class=\"super-field-wrapper \"><i class=\"fas fa-address-card super-icon\"><\/i><input tabindex=\"-1\" class=\"super-shortcode-field\" type=\"text\" name=\"position\" id=\"sf-field-1730-1-position\" data-oname=\"position\" data-email=\"Position:\" data-exclude=\"0\" data-absolute-default=\"\" data-default-value=\"\" \/><span class=\"super-adaptive-placeholder\" data-placeholder=\"Cargo\" data-placeholderFilled=\"Position\"><span>Cargo<\/span><\/span><\/div><div class=\"super-error-msg\">\u00a1Se requiere campo!<\/div><div class=\"super-empty-error-msg\">\u00a1Se requiere campo!<\/div><\/div><\/div><\/div><div class=\"super-grid super-shortcode\"><div data-sfuid=\"bwoplKtu-5\" class=\"super-shortcode super_one_third super-column grid-level-0 column-number-1 first-column \"><div data-sfuid=\"s4IxNQf1-6\" id=\"sf-wrapper-1730-1-company\" class=\"super-shortcode super-field super-text super-field-type-text  super-icon-outside super-icon-left bottom-left super-ungrouped  \"><div class=\"super-field-wrapper \"><i class=\"fas fa-building super-icon\"><\/i><input tabindex=\"-1\" class=\"super-shortcode-field\" type=\"text\" name=\"company\" id=\"sf-field-1730-1-company\" data-oname=\"company\" data-email=\"Company:\" data-exclude=\"0\" data-absolute-default=\"\" data-default-value=\"\" \/><span class=\"super-adaptive-placeholder\" data-placeholder=\"Compa\u00f1\u00eda\" data-placeholderFilled=\"Company\"><span>Compa\u00f1\u00eda<\/span><\/span><\/div><div class=\"super-error-msg\">\u00a1Se requiere campo!<\/div><div class=\"super-empty-error-msg\">\u00a1Se requiere campo!<\/div><\/div><\/div><div data-sfuid=\"SPhkWtJp-7\" class=\"super-shortcode super_one_third super-column grid-level-0 column-number-2  \"><div data-sfuid=\"DFhgXvGA-8\" id=\"sf-wrapper-1730-1-email\" class=\"super-shortcode super-field super-text super-field-type-email  super-icon-outside super-icon-left bottom-left super-ungrouped  \"><div class=\"super-field-wrapper \"><i class=\"far fa-envelope super-icon\"><\/i><input tabindex=\"-1\" class=\"super-shortcode-field\" type=\"email\" name=\"email\" id=\"sf-field-1730-1-email\" data-oname=\"email\" data-validation=\"email\" data-email=\"E-mail address:\" data-exclude=\"0\" data-absolute-default=\"\" data-default-value=\"\" \/><span class=\"super-adaptive-placeholder\" data-placeholder=\"Direcci\u00f3n de correo electr\u00f3nico\" data-placeholderFilled=\"E-mail Address\"><span>Direcci\u00f3n de correo electr\u00f3nico<\/span><\/span><\/div><div class=\"super-error-msg\">\u00a1Se requiere campo!<\/div><div class=\"super-empty-error-msg\">\u00a1Se requiere campo!<\/div><\/div><\/div><div data-sfuid=\"lAZVhZrb-9\" class=\"super-shortcode super_one_third super-column grid-level-0 column-number-3  \"><div data-sfuid=\"gmun0GKO-10\" id=\"sf-wrapper-1730-1-phonenumber\" class=\"super-shortcode super-field super-text super-field-type-tel  super-icon-outside super-icon-left bottom-left super-ungrouped  \"><div class=\"super-field-wrapper \"><i class=\"fas fa-phone super-icon\"><\/i><input tabindex=\"-1\" class=\"super-shortcode-field\" type=\"tel\" name=\"phonenumber\" id=\"sf-field-1730-1-phonenumber\" data-oname=\"phonenumber\" data-validation=\"phone\" data-email=\"Phonenumber:\" data-exclude=\"0\" data-absolute-default=\"\" data-default-value=\"\" \/><span class=\"super-adaptive-placeholder\" data-placeholder=\"N\u00famero de tel\u00e9fono (con prefijo)\" data-placeholderFilled=\"Your Phone number (with prefix)\"><span>N\u00famero de tel\u00e9fono (con prefijo)<\/span><\/span><\/div><div class=\"super-error-msg\">\u00a1Se requiere campo!<\/div><div class=\"super-empty-error-msg\">\u00a1Se requiere campo!<\/div><\/div><\/div><\/div><div class=\"super-grid super-shortcode\"><div data-sfuid=\"AqMi0v5e-11\" class=\"super-shortcode super_one_full super-column grid-level-0 column-number-1 first-column \"><div data-sfuid=\"r9QVzBB6-12\" id=\"sf-wrapper-1730-1-question\" class=\"super-shortcode super-field super-textarea  super-icon-outside super-icon-left bottom-left super-ungrouped  \"><div class=\"super-field-wrapper \"><i class=\"fas fa-question super-icon\"><\/i><textarea tabindex=\"-1\" class=\"super-shortcode-field\" name=\"question\" id=\"sf-field-1730-1-question\" data-oname=\"question\" data-email=\"Question:\" data-exclude=\"0\" data-absolute-default=\"\" data-default-value=\"\" ><\/textarea><span class=\"super-adaptive-placeholder\" data-placeholder=\"Tu mensaje...\" data-placeholderFilled=\"Question\"><span>Tu mensaje...<\/span><\/span><\/div><div class=\"super-error-msg\">\u00a1Se requiere campo!<\/div><div class=\"super-empty-error-msg\">\u00a1Se requiere campo!<\/div><\/div><div data-sfuid=\"QEZGQLLF-13\" id=\"sf-wrapper-1730-1-option\" class=\"super-shortcode super-field super-checkbox super-has-only-label  bottom-left super-ungrouped   display-horizontal\"><div class=\"super-label super-bottom-margin\">Acepto los t\u00e9rminos y condiciones de uso:<\/div><div class=\"super-field-wrapper \"><div class=\"super-items-list\"><label class=\"super-item\" ><span class=\"super-before\"><span class=\"super-after\"><\/span><\/span><input type=\"checkbox\" value=\"first_choice\" \/><div><div style=\"text-align: justify !important\">Los datos personales que proporciones en este formulario ser\u00e1n tratados por Industrial Qu\u00edmica Lasem, S.A.U., con domicilio en Pol. Ind. Pla del Cam\u00ed \u2013 Av. de la Ind\u00fastria 7, 08297, Castellgal\u00ed (Barcelona) Espa\u00f1a, sobre la base de tu mensaje y con la finalidad de dar respuesta al mismo. Podr\u00e1s ejercer tus derechos de acceso, rectificaci\u00f3n, supresi\u00f3n, oposici\u00f3n, portabilidad, limitaci\u00f3n del tratamiento, as\u00ed como cualquier otro derecho previsto por la normativa vigente en materia de protecci\u00f3n de datos, contactando con nosotros en <a href=\"mailto:iql.web@iql-nog.com\">iql.web@iql-nog.com<\/a>. Puedes consultar toda la informaci\u00f3n detallada sobre c\u00f3mo tratamos tus datos en el siguiente enlace: <a href=\"https:\/\/www.iql-nog.com\/es\/politica-de-privacidad\/\">Pol\u00edtica de privacidad<\/a>.<br><br>No aceptamos consultas relacionadas con empleos a trav\u00e9s de este formulario. Para ello, por favor visita nuestra p\u00e1gina web de <a href=\"https:\/\/www.iql-nog.com\/es\/carrera-profesional\/\">Carreras<\/a>.<\/div><\/div><\/label><\/div><input class=\"super-shortcode-field\" type=\"hidden\" name=\"option\" value=\"\" id=\"sf-field-1730-1-option\" data-oname=\"option\" data-validation=\"empty\" data-email=\"Acepto los t\u00e9rminos y condiciones de uso:\" data-exclude=\"0\" data-absolute-default=\"\" data-default-value=\"\" \/><\/div><div class=\"super-error-msg\">\u00a1Se requiere campo!<\/div><div class=\"super-empty-error-msg\">\u00a1Se requiere campo!<\/div><\/div><div data-sfuid=\"NuT653r3-14\" class=\"super-shortcode super-field super-recaptcha  super-align-left bottom-left super-ungrouped  \"><div class=\"super-recaptcha align-left\" data-sitekey=\"6Le5dN4aAAAAAH_HqGxFMqObjbJ61JbQDEACnAp5\"><\/div><\/div><\/div><\/div><div data-color=\"#35a085\" data-light=\"#49b499\" data-dark=\"#178267\" data-hover-color=\"#444444\" data-hover-light=\"#585858\" data-hover-dark=\"#262626\" data-font=\"#ffffff\" data-font-hover=\"#ffffff\" data-radius=\"rounded\" data-type=\"2d\" class=\"super-extra-shortcode super-shortcode super-field super-button super-clear-none super-form-button super-radius-rounded super-type-2d super-button-medium super-button-align-left super-button-width-auto\"><div data-href=\"\" class=\"super-button-wrap no_link\"><div class=\"super-button-name\" data-action=\"submit\" data-normal=\"Enviar\" data-loading=\"En proceso...\">Enviar<\/div><span class=\"super-after\"><\/span><\/div><\/div><\/form><\/div>\n<\/div><\/div><\/div><div class=\"fusion-layout-column fusion_builder_column fusion-builder-column-5 fusion_builder_column_1_6 1_6 fusion-flex-column\" style=\"--awb-bg-size:cover;--awb-width-large:16.666666666667%;--awb-margin-top-large:0px;--awb-spacing-right-large:11.52%;--awb-margin-bottom-large:20px;--awb-spacing-left-large:11.52%;--awb-width-medium:16.666666666667%;--awb-order-medium:0;--awb-spacing-right-medium:11.52%;--awb-spacing-left-medium:11.52%;--awb-width-small:100%;--awb-order-small:0;--awb-spacing-right-small:1.92%;--awb-spacing-left-small:1.92%;\"><div class=\"fusion-column-wrapper fusion-column-has-shadow fusion-flex-justify-content-flex-start fusion-content-layout-column\"><\/div><\/div><\/div><\/div><\/p>\n","protected":false},"excerpt":{"rendered":"","protected":false},"author":1,"featured_media":0,"parent":3625,"menu_order":0,"comment_status":"closed","ping_status":"closed","template":"","meta":{"inline_featured_image":false,"footnotes":""},"class_list":["post-3630","page","type-page","status-publish","hentry"],"yoast_head":"<!-- This site is optimized with the Yoast SEO plugin v27.3 - https:\/\/yoast.com\/product\/yoast-seo-wordpress\/ -->\n<title>Compras - IQL<\/title>\n<meta name=\"robots\" content=\"index, follow, max-snippet:-1, max-image-preview:large, max-video-preview:-1\" \/>\n<link rel=\"canonical\" href=\"https:\/\/www.iql-nog.com\/es\/responsabilidad\/compras\/\" \/>\n<meta property=\"og:locale\" content=\"es_ES\" \/>\n<meta property=\"og:type\" content=\"article\" \/>\n<meta property=\"og:title\" content=\"Compras - IQL\" \/>\n<meta property=\"og:url\" content=\"https:\/\/www.iql-nog.com\/es\/responsabilidad\/compras\/\" \/>\n<meta property=\"og:site_name\" content=\"IQL\" \/>\n<meta property=\"article:modified_time\" content=\"2025-08-07T17:05:51+00:00\" \/>\n<meta name=\"twitter:card\" content=\"summary_large_image\" \/>\n<meta name=\"twitter:label1\" content=\"Tiempo de lectura\" \/>\n\t<meta name=\"twitter:data1\" content=\"2 minutos\" \/>\n<script type=\"application\/ld+json\" class=\"yoast-schema-graph\">{\"@context\":\"https:\\\/\\\/schema.org\",\"@graph\":[{\"@type\":\"WebPage\",\"@id\":\"https:\\\/\\\/www.iql-nog.com\\\/es\\\/responsabilidad\\\/compras\\\/\",\"url\":\"https:\\\/\\\/www.iql-nog.com\\\/es\\\/responsabilidad\\\/compras\\\/\",\"name\":\"Compras - IQL\",\"isPartOf\":{\"@id\":\"https:\\\/\\\/www.iql-nog.com\\\/es\\\/#website\"},\"datePublished\":\"2021-01-13T21:43:14+00:00\",\"dateModified\":\"2025-08-07T17:05:51+00:00\",\"breadcrumb\":{\"@id\":\"https:\\\/\\\/www.iql-nog.com\\\/es\\\/responsabilidad\\\/compras\\\/#breadcrumb\"},\"inLanguage\":\"es\",\"potentialAction\":[{\"@type\":\"ReadAction\",\"target\":[\"https:\\\/\\\/www.iql-nog.com\\\/es\\\/responsabilidad\\\/compras\\\/\"]}]},{\"@type\":\"BreadcrumbList\",\"@id\":\"https:\\\/\\\/www.iql-nog.com\\\/es\\\/responsabilidad\\\/compras\\\/#breadcrumb\",\"itemListElement\":[{\"@type\":\"ListItem\",\"position\":1,\"name\":\"Portada\",\"item\":\"https:\\\/\\\/www.iql-nog.com\\\/es\\\/\"},{\"@type\":\"ListItem\",\"position\":2,\"name\":\"Responsabilidad\",\"item\":\"https:\\\/\\\/www.iql-nog.com\\\/es\\\/responsabilidad\\\/\"},{\"@type\":\"ListItem\",\"position\":3,\"name\":\"Compras\"}]},{\"@type\":\"WebSite\",\"@id\":\"https:\\\/\\\/www.iql-nog.com\\\/es\\\/#website\",\"url\":\"https:\\\/\\\/www.iql-nog.com\\\/es\\\/\",\"name\":\"IQL-NOG\",\"description\":\"Responsible Chemistry\",\"publisher\":{\"@id\":\"https:\\\/\\\/www.iql-nog.com\\\/es\\\/#organization\"},\"potentialAction\":[{\"@type\":\"SearchAction\",\"target\":{\"@type\":\"EntryPoint\",\"urlTemplate\":\"https:\\\/\\\/www.iql-nog.com\\\/es\\\/?s={search_term_string}\"},\"query-input\":{\"@type\":\"PropertyValueSpecification\",\"valueRequired\":true,\"valueName\":\"search_term_string\"}}],\"inLanguage\":\"es\"},{\"@type\":\"Organization\",\"@id\":\"https:\\\/\\\/www.iql-nog.com\\\/es\\\/#organization\",\"name\":\"Industrial Qu\u00edmica Lasem S.A.U.\",\"url\":\"https:\\\/\\\/www.iql-nog.com\\\/es\\\/\",\"logo\":{\"@type\":\"ImageObject\",\"inLanguage\":\"es\",\"@id\":\"https:\\\/\\\/www.iql-nog.com\\\/es\\\/#\\\/schema\\\/logo\\\/image\\\/\",\"url\":\"https:\\\/\\\/www.iql-nog.com\\\/wp-content\\\/uploads\\\/2021\\\/01\\\/logo-footer.svg\",\"contentUrl\":\"https:\\\/\\\/www.iql-nog.com\\\/wp-content\\\/uploads\\\/2021\\\/01\\\/logo-footer.svg\",\"width\":\"1024\",\"height\":\"1024\",\"caption\":\"Industrial Qu\u00edmica Lasem S.A.U.\"},\"image\":{\"@id\":\"https:\\\/\\\/www.iql-nog.com\\\/es\\\/#\\\/schema\\\/logo\\\/image\\\/\"}}]}<\/script>\n<!-- \/ Yoast SEO plugin. -->","yoast_head_json":{"title":"Compras - IQL","robots":{"index":"index","follow":"follow","max-snippet":"max-snippet:-1","max-image-preview":"max-image-preview:large","max-video-preview":"max-video-preview:-1"},"canonical":"https:\/\/www.iql-nog.com\/es\/responsabilidad\/compras\/","og_locale":"es_ES","og_type":"article","og_title":"Compras - IQL","og_url":"https:\/\/www.iql-nog.com\/es\/responsabilidad\/compras\/","og_site_name":"IQL","article_modified_time":"2025-08-07T17:05:51+00:00","twitter_card":"summary_large_image","twitter_misc":{"Tiempo de lectura":"2 minutos"},"schema":{"@context":"https:\/\/schema.org","@graph":[{"@type":"WebPage","@id":"https:\/\/www.iql-nog.com\/es\/responsabilidad\/compras\/","url":"https:\/\/www.iql-nog.com\/es\/responsabilidad\/compras\/","name":"Compras - IQL","isPartOf":{"@id":"https:\/\/www.iql-nog.com\/es\/#website"},"datePublished":"2021-01-13T21:43:14+00:00","dateModified":"2025-08-07T17:05:51+00:00","breadcrumb":{"@id":"https:\/\/www.iql-nog.com\/es\/responsabilidad\/compras\/#breadcrumb"},"inLanguage":"es","potentialAction":[{"@type":"ReadAction","target":["https:\/\/www.iql-nog.com\/es\/responsabilidad\/compras\/"]}]},{"@type":"BreadcrumbList","@id":"https:\/\/www.iql-nog.com\/es\/responsabilidad\/compras\/#breadcrumb","itemListElement":[{"@type":"ListItem","position":1,"name":"Portada","item":"https:\/\/www.iql-nog.com\/es\/"},{"@type":"ListItem","position":2,"name":"Responsabilidad","item":"https:\/\/www.iql-nog.com\/es\/responsabilidad\/"},{"@type":"ListItem","position":3,"name":"Compras"}]},{"@type":"WebSite","@id":"https:\/\/www.iql-nog.com\/es\/#website","url":"https:\/\/www.iql-nog.com\/es\/","name":"IQL-NOG","description":"Responsible Chemistry","publisher":{"@id":"https:\/\/www.iql-nog.com\/es\/#organization"},"potentialAction":[{"@type":"SearchAction","target":{"@type":"EntryPoint","urlTemplate":"https:\/\/www.iql-nog.com\/es\/?s={search_term_string}"},"query-input":{"@type":"PropertyValueSpecification","valueRequired":true,"valueName":"search_term_string"}}],"inLanguage":"es"},{"@type":"Organization","@id":"https:\/\/www.iql-nog.com\/es\/#organization","name":"Industrial Qu\u00edmica Lasem S.A.U.","url":"https:\/\/www.iql-nog.com\/es\/","logo":{"@type":"ImageObject","inLanguage":"es","@id":"https:\/\/www.iql-nog.com\/es\/#\/schema\/logo\/image\/","url":"https:\/\/www.iql-nog.com\/wp-content\/uploads\/2021\/01\/logo-footer.svg","contentUrl":"https:\/\/www.iql-nog.com\/wp-content\/uploads\/2021\/01\/logo-footer.svg","width":"1024","height":"1024","caption":"Industrial Qu\u00edmica Lasem S.A.U."},"image":{"@id":"https:\/\/www.iql-nog.com\/es\/#\/schema\/logo\/image\/"}}]}},"_links":{"self":[{"href":"https:\/\/www.iql-nog.com\/es\/wp-json\/wp\/v2\/pages\/3630","targetHints":{"allow":["GET"]}}],"collection":[{"href":"https:\/\/www.iql-nog.com\/es\/wp-json\/wp\/v2\/pages"}],"about":[{"href":"https:\/\/www.iql-nog.com\/es\/wp-json\/wp\/v2\/types\/page"}],"author":[{"embeddable":true,"href":"https:\/\/www.iql-nog.com\/es\/wp-json\/wp\/v2\/users\/1"}],"replies":[{"embeddable":true,"href":"https:\/\/www.iql-nog.com\/es\/wp-json\/wp\/v2\/comments?post=3630"}],"version-history":[{"count":6,"href":"https:\/\/www.iql-nog.com\/es\/wp-json\/wp\/v2\/pages\/3630\/revisions"}],"predecessor-version":[{"id":3867,"href":"https:\/\/www.iql-nog.com\/es\/wp-json\/wp\/v2\/pages\/3630\/revisions\/3867"}],"up":[{"embeddable":true,"href":"https:\/\/www.iql-nog.com\/es\/wp-json\/wp\/v2\/pages\/3625"}],"wp:attachment":[{"href":"https:\/\/www.iql-nog.com\/es\/wp-json\/wp\/v2\/media?parent=3630"}],"curies":[{"name":"wp","href":"https:\/\/api.w.org\/{rel}","templated":true}]}}