{"id":3613,"date":"2021-01-13T23:46:39","date_gmt":"2021-01-13T23:46:39","guid":{"rendered":"https:\/\/www.iql-nog.com\/sostenibilidad\/innovation\/"},"modified":"2025-08-03T21:42:16","modified_gmt":"2025-08-03T21:42:16","slug":"innovacion","status":"publish","type":"page","link":"https:\/\/www.iql-nog.com\/es\/sostenibilidad\/innovacion\/","title":{"rendered":"Innovaci\u00f3n"},"content":{"rendered":"<p><div class=\"fusion-fullwidth fullwidth-box fusion-builder-row-1 fusion-flex-container nonhundred-percent-fullwidth non-hundred-percent-height-scrolling\" style=\"--awb-border-radius-top-left:0px;--awb-border-radius-top-right:0px;--awb-border-radius-bottom-right:0px;--awb-border-radius-bottom-left:0px;--awb-background-color:rgba(248,248,248,0);--awb-flex-wrap:wrap;\" ><div class=\"fusion-builder-row fusion-row fusion-flex-align-items-center fusion-flex-content-wrap\" style=\"max-width:1248px;margin-left: calc(-4% \/ 2 );margin-right: calc(-4% \/ 2 );\"><div class=\"fusion-layout-column fusion_builder_column fusion-builder-column-0 fusion_builder_column_1_1 1_1 fusion-flex-column fusion-flex-align-self-flex-start\" style=\"--awb-bg-size:cover;--awb-width-large:100%;--awb-margin-top-large:0px;--awb-spacing-right-large:1.92%;--awb-margin-bottom-large:20px;--awb-spacing-left-large:1.92%;--awb-width-medium:100%;--awb-order-medium:0;--awb-spacing-right-medium:2.88%;--awb-spacing-left-medium:2.88%;--awb-width-small:100%;--awb-order-small:1;--awb-spacing-right-small:1.92%;--awb-margin-bottom-small:6%;--awb-spacing-left-small:1.92%;\"><div class=\"fusion-column-wrapper fusion-column-has-shadow fusion-flex-justify-content-center fusion-content-layout-column\"><div class=\"fusion-title title fusion-title-1 sep-underline sep-solid fusion-title-text fusion-title-size-one\" style=\"--awb-margin-top:20px;--awb-margin-top-small:10px;--awb-margin-right-small:0px;--awb-margin-bottom-small:10px;--awb-margin-left-small:0px;--awb-sep-color:#35a085;\"><h1 class=\"fusion-title-heading title-heading-left\" style=\"font-family:&quot;Noto Sans JP&quot;;font-style:normal;font-weight:100;margin:0;\">Innovaci\u00f3n<\/h1><\/div><\/div><\/div><\/div><\/div><div class=\"fusion-fullwidth fullwidth-box fusion-builder-row-2 fusion-flex-container has-pattern-background has-mask-background nonhundred-percent-fullwidth non-hundred-percent-height-scrolling\" style=\"--awb-border-radius-top-left:0px;--awb-border-radius-top-right:0px;--awb-border-radius-bottom-right:0px;--awb-border-radius-bottom-left:0px;--awb-margin-bottom:0px;--awb-flex-wrap:wrap;\" ><div class=\"fusion-builder-row fusion-row fusion-flex-align-items-flex-start fusion-flex-content-wrap\" style=\"max-width:1248px;margin-left: calc(-4% \/ 2 );margin-right: calc(-4% \/ 2 );\"><div class=\"fusion-layout-column fusion_builder_column fusion-builder-column-1 fusion_builder_column_2_3 2_3 fusion-flex-column\" style=\"--awb-bg-size:cover;--awb-width-large:66.666666666667%;--awb-margin-top-large:0px;--awb-spacing-right-large:2.88%;--awb-margin-bottom-large:20px;--awb-spacing-left-large:2.88%;--awb-width-medium:66.666666666667%;--awb-order-medium:0;--awb-spacing-right-medium:2.88%;--awb-spacing-left-medium:2.88%;--awb-width-small:100%;--awb-order-small:0;--awb-spacing-right-small:1.92%;--awb-spacing-left-small:1.92%;\"><div class=\"fusion-column-wrapper fusion-column-has-shadow fusion-flex-justify-content-flex-start fusion-content-layout-column\"><div class=\"fusion-text fusion-text-1\"><p>El enfoque de IQL hacia la innovaci\u00f3n se refleja en el lema del Nisshin OilliO Group, <strong>The Natural Power of Plants\u00ae,<\/strong> que expresa nuestro compromiso de aprovechar el potencial de la naturaleza para desarrollar soluciones de vanguardia de forma sostenible.<\/p>\n<p>Como parte de la Divisi\u00f3n de Productos Qu\u00edmicos Finos del grupo, la innovaci\u00f3n constituye un pilar estrat\u00e9gico fundamental para IQL. Esta divisi\u00f3n se distingue por su firme apuesta por tecnolog\u00edas pioneras, esenciales para cumplir su misi\u00f3n.<\/p>\n<p>Para anticiparnos a las tendencias del mercado y responder a las necesidades cambiantes de aplicaci\u00f3n, el equipo de IQL colabora estrechamente con los departamentos de I+D de nuestros socios y clientes, participando activamente en congresos especializados a nivel mundial.<\/p>\n<p>Nuestros esfuerzos en innovaci\u00f3n est\u00e1n guiados por valores y pol\u00edticas que priorizan el desarrollo de soluciones tecnol\u00f3gicas orientadas a mejorar la vida de las personas, minimizando el impacto ambiental, reduciendo el consumo energ\u00e9tico global y promoviendo la sostenibilidad.<\/p>\n<p>Con el objetivo de respaldar estos compromisos, IQL destina m\u00e1s del 10\u202f% de su plantilla a actividades de I+D, llevadas a cabo en laboratorios de \u00faltima generaci\u00f3n. Adem\u00e1s, contamos con s\u00f3lidas colaboraciones con el centro de investigaci\u00f3n de Nisshin OilliO en Jap\u00f3n, universidades de prestigio y centros tecnol\u00f3gicos especializados.<\/p>\n<p>Gracias a nuestra amplia experiencia en s\u00edntesis org\u00e1nica, IQL ha adoptado una visi\u00f3n innovadora que trasciende la qu\u00edmica tradicional, ampliando su enfoque hacia las aplicaciones finales de sus productos. Participamos activamente en sectores clave como la alimentaci\u00f3n y nutrici\u00f3n animal, la cosm\u00e9tica y los lubricantes, garantizando que nuestras soluciones respondan a las exigencias actuales de forma sostenible.<\/p>\n<p>Uno de nuestros principales elementos diferenciadores es la estrecha colaboraci\u00f3n de nuestro equipo de I+D con los clientes para optimizar sus formulaciones, ayud\u00e1ndoles a alcanzar sus objetivos en nichos de mercado y a impulsar su crecimiento estrat\u00e9gico.<\/p>\n<\/div><\/div><\/div><div class=\"fusion-layout-column fusion_builder_column fusion-builder-column-2 fusion_builder_column_1_3 1_3 fusion-flex-column\" style=\"--awb-bg-size:cover;--awb-width-large:33.333333333333%;--awb-margin-top-large:0px;--awb-spacing-right-large:5.76%;--awb-margin-bottom-large:20px;--awb-spacing-left-large:5.76%;--awb-width-medium:33.333333333333%;--awb-order-medium:0;--awb-spacing-right-medium:5.76%;--awb-spacing-left-medium:5.76%;--awb-width-small:100%;--awb-order-small:0;--awb-spacing-right-small:1.92%;--awb-spacing-left-small:1.92%;\"><div class=\"fusion-column-wrapper fusion-column-has-shadow fusion-flex-justify-content-flex-start fusion-content-layout-column\"><div class=\"fusion-image-element \" style=\"--awb-aspect-ratio: 100 \/ 236;--awb-object-position:51% 48%;--awb-caption-title-font-family:var(--h2_typography-font-family);--awb-caption-title-font-weight:var(--h2_typography-font-weight);--awb-caption-title-font-style:var(--h2_typography-font-style);--awb-caption-title-size:var(--h2_typography-font-size);--awb-caption-title-transform:var(--h2_typography-text-transform);--awb-caption-title-line-height:var(--h2_typography-line-height);--awb-caption-title-letter-spacing:var(--h2_typography-letter-spacing);\"><span class=\" fusion-imageframe imageframe-none imageframe-1 hover-type-none has-aspect-ratio fusion-animated\" data-animationType=\"fadeInRight\" data-animationDuration=\"0.8\" data-animationOffset=\"top-into-view\"><img decoding=\"async\" width=\"604\" height=\"928\" title=\"image001\" src=\"https:\/\/www.iql-nog.com\/wp-content\/uploads\/2025\/05\/image001.png\" data-orig-src=\"https:\/\/www.iql-nog.com\/wp-content\/uploads\/2025\/05\/image001.png\" class=\"lazyload img-responsive wp-image-3584 img-with-aspect-ratio\" data-parent-fit=\"cover\" data-parent-container=\".fusion-image-element\" alt srcset=\"data:image\/svg+xml,%3Csvg%20xmlns%3D%27http%3A%2F%2Fwww.w3.org%2F2000%2Fsvg%27%20width%3D%27604%27%20height%3D%27928%27%20viewBox%3D%270%200%20604%20928%27%3E%3Crect%20width%3D%27604%27%20height%3D%27928%27%20fill-opacity%3D%220%22%2F%3E%3C%2Fsvg%3E\" data-srcset=\"https:\/\/www.iql-nog.com\/wp-content\/uploads\/2025\/05\/image001-200x307.png 200w, https:\/\/www.iql-nog.com\/wp-content\/uploads\/2025\/05\/image001-400x615.png 400w, https:\/\/www.iql-nog.com\/wp-content\/uploads\/2025\/05\/image001-600x922.png 600w, https:\/\/www.iql-nog.com\/wp-content\/uploads\/2025\/05\/image001.png 604w\" data-sizes=\"auto\" data-orig-sizes=\"(max-width: 640px) 100vw, 400px\" \/><\/span><\/div><\/div><\/div><\/div><\/div><\/p>\n","protected":false},"excerpt":{"rendered":"","protected":false},"author":1,"featured_media":0,"parent":3609,"menu_order":0,"comment_status":"closed","ping_status":"closed","template":"","meta":{"inline_featured_image":false,"footnotes":""},"class_list":["post-3613","page","type-page","status-publish","hentry"],"yoast_head":"<!-- This site is optimized with the Yoast SEO plugin v27.3 - https:\/\/yoast.com\/product\/yoast-seo-wordpress\/ -->\n<title>Innovaci\u00f3n - IQL<\/title>\n<meta name=\"robots\" content=\"index, follow, max-snippet:-1, max-image-preview:large, max-video-preview:-1\" \/>\n<link rel=\"canonical\" href=\"https:\/\/www.iql-nog.com\/es\/sostenibilidad\/innovacion\/\" \/>\n<meta property=\"og:locale\" content=\"es_ES\" \/>\n<meta property=\"og:type\" content=\"article\" \/>\n<meta property=\"og:title\" content=\"Innovaci\u00f3n - IQL\" \/>\n<meta property=\"og:url\" content=\"https:\/\/www.iql-nog.com\/es\/sostenibilidad\/innovacion\/\" \/>\n<meta property=\"og:site_name\" content=\"IQL\" \/>\n<meta property=\"article:modified_time\" content=\"2025-08-03T21:42:16+00:00\" \/>\n<meta name=\"twitter:card\" content=\"summary_large_image\" \/>\n<meta name=\"twitter:label1\" content=\"Tiempo de lectura\" \/>\n\t<meta name=\"twitter:data1\" content=\"2 minutos\" \/>\n<script type=\"application\/ld+json\" class=\"yoast-schema-graph\">{\"@context\":\"https:\\\/\\\/schema.org\",\"@graph\":[{\"@type\":\"WebPage\",\"@id\":\"https:\\\/\\\/www.iql-nog.com\\\/es\\\/sostenibilidad\\\/innovacion\\\/\",\"url\":\"https:\\\/\\\/www.iql-nog.com\\\/es\\\/sostenibilidad\\\/innovacion\\\/\",\"name\":\"Innovaci\u00f3n - IQL\",\"isPartOf\":{\"@id\":\"https:\\\/\\\/www.iql-nog.com\\\/es\\\/#website\"},\"datePublished\":\"2021-01-13T23:46:39+00:00\",\"dateModified\":\"2025-08-03T21:42:16+00:00\",\"breadcrumb\":{\"@id\":\"https:\\\/\\\/www.iql-nog.com\\\/es\\\/sostenibilidad\\\/innovacion\\\/#breadcrumb\"},\"inLanguage\":\"es\",\"potentialAction\":[{\"@type\":\"ReadAction\",\"target\":[\"https:\\\/\\\/www.iql-nog.com\\\/es\\\/sostenibilidad\\\/innovacion\\\/\"]}]},{\"@type\":\"BreadcrumbList\",\"@id\":\"https:\\\/\\\/www.iql-nog.com\\\/es\\\/sostenibilidad\\\/innovacion\\\/#breadcrumb\",\"itemListElement\":[{\"@type\":\"ListItem\",\"position\":1,\"name\":\"Portada\",\"item\":\"https:\\\/\\\/www.iql-nog.com\\\/es\\\/\"},{\"@type\":\"ListItem\",\"position\":2,\"name\":\"Sostenibilidad\",\"item\":\"https:\\\/\\\/www.iql-nog.com\\\/es\\\/sostenibilidad\\\/\"},{\"@type\":\"ListItem\",\"position\":3,\"name\":\"Innovaci\u00f3n\"}]},{\"@type\":\"WebSite\",\"@id\":\"https:\\\/\\\/www.iql-nog.com\\\/es\\\/#website\",\"url\":\"https:\\\/\\\/www.iql-nog.com\\\/es\\\/\",\"name\":\"IQL-NOG\",\"description\":\"Responsible Chemistry\",\"publisher\":{\"@id\":\"https:\\\/\\\/www.iql-nog.com\\\/es\\\/#organization\"},\"potentialAction\":[{\"@type\":\"SearchAction\",\"target\":{\"@type\":\"EntryPoint\",\"urlTemplate\":\"https:\\\/\\\/www.iql-nog.com\\\/es\\\/?s={search_term_string}\"},\"query-input\":{\"@type\":\"PropertyValueSpecification\",\"valueRequired\":true,\"valueName\":\"search_term_string\"}}],\"inLanguage\":\"es\"},{\"@type\":\"Organization\",\"@id\":\"https:\\\/\\\/www.iql-nog.com\\\/es\\\/#organization\",\"name\":\"Industrial Qu\u00edmica Lasem S.A.U.\",\"url\":\"https:\\\/\\\/www.iql-nog.com\\\/es\\\/\",\"logo\":{\"@type\":\"ImageObject\",\"inLanguage\":\"es\",\"@id\":\"https:\\\/\\\/www.iql-nog.com\\\/es\\\/#\\\/schema\\\/logo\\\/image\\\/\",\"url\":\"https:\\\/\\\/www.iql-nog.com\\\/wp-content\\\/uploads\\\/2021\\\/01\\\/logo-footer.svg\",\"contentUrl\":\"https:\\\/\\\/www.iql-nog.com\\\/wp-content\\\/uploads\\\/2021\\\/01\\\/logo-footer.svg\",\"width\":\"1024\",\"height\":\"1024\",\"caption\":\"Industrial Qu\u00edmica Lasem S.A.U.\"},\"image\":{\"@id\":\"https:\\\/\\\/www.iql-nog.com\\\/es\\\/#\\\/schema\\\/logo\\\/image\\\/\"}}]}<\/script>\n<!-- \/ Yoast SEO plugin. -->","yoast_head_json":{"title":"Innovaci\u00f3n - IQL","robots":{"index":"index","follow":"follow","max-snippet":"max-snippet:-1","max-image-preview":"max-image-preview:large","max-video-preview":"max-video-preview:-1"},"canonical":"https:\/\/www.iql-nog.com\/es\/sostenibilidad\/innovacion\/","og_locale":"es_ES","og_type":"article","og_title":"Innovaci\u00f3n - IQL","og_url":"https:\/\/www.iql-nog.com\/es\/sostenibilidad\/innovacion\/","og_site_name":"IQL","article_modified_time":"2025-08-03T21:42:16+00:00","twitter_card":"summary_large_image","twitter_misc":{"Tiempo de lectura":"2 minutos"},"schema":{"@context":"https:\/\/schema.org","@graph":[{"@type":"WebPage","@id":"https:\/\/www.iql-nog.com\/es\/sostenibilidad\/innovacion\/","url":"https:\/\/www.iql-nog.com\/es\/sostenibilidad\/innovacion\/","name":"Innovaci\u00f3n - IQL","isPartOf":{"@id":"https:\/\/www.iql-nog.com\/es\/#website"},"datePublished":"2021-01-13T23:46:39+00:00","dateModified":"2025-08-03T21:42:16+00:00","breadcrumb":{"@id":"https:\/\/www.iql-nog.com\/es\/sostenibilidad\/innovacion\/#breadcrumb"},"inLanguage":"es","potentialAction":[{"@type":"ReadAction","target":["https:\/\/www.iql-nog.com\/es\/sostenibilidad\/innovacion\/"]}]},{"@type":"BreadcrumbList","@id":"https:\/\/www.iql-nog.com\/es\/sostenibilidad\/innovacion\/#breadcrumb","itemListElement":[{"@type":"ListItem","position":1,"name":"Portada","item":"https:\/\/www.iql-nog.com\/es\/"},{"@type":"ListItem","position":2,"name":"Sostenibilidad","item":"https:\/\/www.iql-nog.com\/es\/sostenibilidad\/"},{"@type":"ListItem","position":3,"name":"Innovaci\u00f3n"}]},{"@type":"WebSite","@id":"https:\/\/www.iql-nog.com\/es\/#website","url":"https:\/\/www.iql-nog.com\/es\/","name":"IQL-NOG","description":"Responsible Chemistry","publisher":{"@id":"https:\/\/www.iql-nog.com\/es\/#organization"},"potentialAction":[{"@type":"SearchAction","target":{"@type":"EntryPoint","urlTemplate":"https:\/\/www.iql-nog.com\/es\/?s={search_term_string}"},"query-input":{"@type":"PropertyValueSpecification","valueRequired":true,"valueName":"search_term_string"}}],"inLanguage":"es"},{"@type":"Organization","@id":"https:\/\/www.iql-nog.com\/es\/#organization","name":"Industrial Qu\u00edmica Lasem S.A.U.","url":"https:\/\/www.iql-nog.com\/es\/","logo":{"@type":"ImageObject","inLanguage":"es","@id":"https:\/\/www.iql-nog.com\/es\/#\/schema\/logo\/image\/","url":"https:\/\/www.iql-nog.com\/wp-content\/uploads\/2021\/01\/logo-footer.svg","contentUrl":"https:\/\/www.iql-nog.com\/wp-content\/uploads\/2021\/01\/logo-footer.svg","width":"1024","height":"1024","caption":"Industrial Qu\u00edmica Lasem S.A.U."},"image":{"@id":"https:\/\/www.iql-nog.com\/es\/#\/schema\/logo\/image\/"}}]}},"_links":{"self":[{"href":"https:\/\/www.iql-nog.com\/es\/wp-json\/wp\/v2\/pages\/3613","targetHints":{"allow":["GET"]}}],"collection":[{"href":"https:\/\/www.iql-nog.com\/es\/wp-json\/wp\/v2\/pages"}],"about":[{"href":"https:\/\/www.iql-nog.com\/es\/wp-json\/wp\/v2\/types\/page"}],"author":[{"embeddable":true,"href":"https:\/\/www.iql-nog.com\/es\/wp-json\/wp\/v2\/users\/1"}],"replies":[{"embeddable":true,"href":"https:\/\/www.iql-nog.com\/es\/wp-json\/wp\/v2\/comments?post=3613"}],"version-history":[{"count":3,"href":"https:\/\/www.iql-nog.com\/es\/wp-json\/wp\/v2\/pages\/3613\/revisions"}],"predecessor-version":[{"id":3619,"href":"https:\/\/www.iql-nog.com\/es\/wp-json\/wp\/v2\/pages\/3613\/revisions\/3619"}],"up":[{"embeddable":true,"href":"https:\/\/www.iql-nog.com\/es\/wp-json\/wp\/v2\/pages\/3609"}],"wp:attachment":[{"href":"https:\/\/www.iql-nog.com\/es\/wp-json\/wp\/v2\/media?parent=3613"}],"curies":[{"name":"wp","href":"https:\/\/api.w.org\/{rel}","templated":true}]}}